{"id":4565,"date":"2025-05-30T10:45:17","date_gmt":"2025-05-30T02:45:17","guid":{"rendered":"https:\/\/berlinpackagingapac.com\/?post_type=product&#038;p=4565"},"modified":"2025-07-16T10:36:16","modified_gmt":"2025-07-16T02:36:16","slug":"hu-tron-250ml-bpd-410","status":"publish","type":"product","link":"https:\/\/berlinpackagingapac.com\/vi\/product\/250ml-round-jar-bpd-410\/","title":{"rendered":"H\u0169 tr\u00f2n 250ml, BPD-410"},"content":{"rendered":"<p>H\u0169 tr\u00f2n 250ml | BPD-410 H\u0169 th\u1ee7y tinh tr\u00f2n 250ml (8.5oz) \u0111a n\u0103ng n\u00e0y c\u00f3 thi\u1ebft k\u1ebf h\u00ecnh tr\u1ee5 c\u1ed5 \u0111i\u1ec3n v\u00e0 mi\u1ec7ng r\u1ed9ng 70mm, ho\u00e0n h\u1ea3o \u0111\u1ec3 \u0111\u1ef1ng gia v\u1ecb, n\u01b0\u1edbc s\u1ed1t, d\u01b0a chua ho\u1eb7c \u0111\u1ed3 kh\u00f4. \u0110\u01b0\u1ee3c ch\u1ebf t\u00e1c t\u1eeb th\u1ee7y tinh trong su\u1ed1t d\u00f9ng trong th\u1ef1c ph\u1ea9m \u0111\u1ec3 tr\u01b0ng b\u00e0y, h\u0169 \u0111\u1ea3m b\u1ea3o \u0111\u1ed9 t\u01b0\u01a1i ngon nh\u1edd n\u1eafp \u0111\u1eady k\u00edn kh\u00ed t\u01b0\u01a1ng th\u00edch.<\/p>","protected":false},"excerpt":{"rendered":"<table style=\"border-collapse: collapse; width: 515.02pt;\" border=\"0\" width=\"1030\" cellspacing=\"0\" cellpadding=\"0\">\n<tbody>\n<tr style=\"height: 21.75pt;\">\n<td class=\"et3\" style=\"height: 21.75pt; width: 92.00pt;\" width=\"184\" height=\"43\">S\u1ee9c ch\u1ee9a \u0111\u1ea7y<\/td>\n<td class=\"et3\" style=\"width: 92.00pt;\" width=\"184\">C\u00e2n n\u1eb7ng<\/td>\n<td class=\"et3\" style=\"width: 147.35pt;\" width=\"294\">Ho\u00e0n th\u00e0nh<\/td>\n<td class=\"et3\" style=\"width: 92.00pt;\" width=\"184\">\u0110\u01b0\u1eddng k\u00ednh<\/td>\n<td class=\"et3\" style=\"width: 92.00pt;\" width=\"184\">Chi\u1ec1u cao<\/td>\n<\/tr>\n<tr style=\"height: 21.75pt;\">\n<td class=\"et4\" style=\"height: 21.75pt;\" height=\"43\">251.5<\/td>\n<td class=\"et4\">150<\/td>\n<td class=\"et4\">GPI 63-2030<\/td>\n<td class=\"et4\">68.8<\/td>\n<td class=\"et4\">92<\/td>\n<\/tr>\n<\/tbody>\n<\/table>","protected":false},"featured_media":4567,"comment_status":"open","ping_status":"closed","template":"","meta":{"jetpack_publicize_message":"","jetpack_publicize_feature_enabled":true,"jetpack_social_post_already_shared":true,"jetpack_social_options":{"image_generator_settings":{"template":"highway","default_image_id":0,"font":"","enabled":false},"version":2},"_wpas_customize_per_network":false},"product_brand":[1391],"product_cat":[1375,1454,1537],"product_tag":[1383],"class_list":{"0":"post-4565","1":"product","2":"type-product","3":"status-publish","4":"has-post-thumbnail","6":"product_brand-berlin-packaging","7":"product_cat-food-bottle-food-jar","8":"product_cat-200-300ml-food-jar","9":"product_cat-glass","10":"product_tag-food","12":"first","13":"outofstock","14":"shipping-taxable","15":"product-type-simple"},"exclude_global_add_ons":[],"addons":[],"jetpack_publicize_connections":[],"jetpack_sharing_enabled":true,"jetpack_likes_enabled":true,"_links":{"self":[{"href":"https:\/\/berlinpackagingapac.com\/vi\/wp-json\/wp\/v2\/product\/4565","targetHints":{"allow":["GET"]}}],"collection":[{"href":"https:\/\/berlinpackagingapac.com\/vi\/wp-json\/wp\/v2\/product"}],"about":[{"href":"https:\/\/berlinpackagingapac.com\/vi\/wp-json\/wp\/v2\/types\/product"}],"replies":[{"embeddable":true,"href":"https:\/\/berlinpackagingapac.com\/vi\/wp-json\/wp\/v2\/comments?post=4565"}],"version-history":[{"count":4,"href":"https:\/\/berlinpackagingapac.com\/vi\/wp-json\/wp\/v2\/product\/4565\/revisions"}],"predecessor-version":[{"id":4581,"href":"https:\/\/berlinpackagingapac.com\/vi\/wp-json\/wp\/v2\/product\/4565\/revisions\/4581"}],"wp:featuredmedia":[{"embeddable":true,"href":"https:\/\/berlinpackagingapac.com\/vi\/wp-json\/wp\/v2\/media\/4567"}],"wp:attachment":[{"href":"https:\/\/berlinpackagingapac.com\/vi\/wp-json\/wp\/v2\/media?parent=4565"}],"wp:term":[{"taxonomy":"product_brand","embeddable":true,"href":"https:\/\/berlinpackagingapac.com\/vi\/wp-json\/wp\/v2\/product_brand?post=4565"},{"taxonomy":"product_cat","embeddable":true,"href":"https:\/\/berlinpackagingapac.com\/vi\/wp-json\/wp\/v2\/product_cat?post=4565"},{"taxonomy":"product_tag","embeddable":true,"href":"https:\/\/berlinpackagingapac.com\/vi\/wp-json\/wp\/v2\/product_tag?post=4565"}],"curies":[{"name":"wp","href":"https:\/\/api.w.org\/{rel}","templated":true}]}}