{"id":4624,"date":"2025-05-30T12:39:34","date_gmt":"2025-05-30T04:39:34","guid":{"rendered":"https:\/\/berlinpackagingapac.com\/?post_type=product&#038;p=4624"},"modified":"2025-07-16T10:37:00","modified_gmt":"2025-07-16T02:37:00","slug":"hu-luc-giac-300ml-bpap1840","status":"publish","type":"product","link":"https:\/\/berlinpackagingapac.com\/vi\/product\/300ml-hexagon-jar-bpap1840\/","title":{"rendered":"H\u0169 l\u1ee5c gi\u00e1c 300ml, BPAP1840"},"content":{"rendered":"<p>H\u0169 l\u1ee5c gi\u00e1c 300ml | BPAP1840 H\u0169 th\u1ee7y tinh l\u1ee5c gi\u00e1c cao c\u1ea5p n\u00e0y k\u1ebft h\u1ee3p v\u1ebb \u0111\u1eb9p \u1ea5n t\u01b0\u1ee3ng v\u1edbi t\u00ednh \u1ee9ng d\u1ee5ng th\u1ef1c t\u1ebf. Dung t\u00edch 300ml (10oz) l\u00fd t\u01b0\u1edfng \u0111\u1ec3 \u0111\u1ef1ng gia v\u1ecb, m\u1eadt ong, kem m\u1ef9 ph\u1ea9m ho\u1eb7c h\u00e0ng kh\u00f4 \u0111\u1eb7c bi\u1ec7t. Thi\u1ebft k\u1ebf s\u00e1u c\u1ea1nh gi\u00fap t\u0103ng v\u1ebb \u0111\u1eb9p cho k\u1ec7 h\u00e0ng, \u0111\u1ed3ng th\u1eddi ti\u1ebft ki\u1ec7m kh\u00f4ng gian x\u1ebfp ch\u1ed3ng. \u0110\u01b0\u1ee3c ch\u1ebf t\u00e1c t\u1eeb th\u1ee7y tinh trong su\u1ed1t d\u00f9ng trong th\u1ef1c ph\u1ea9m v\u1edbi \u0111\u01b0\u1eddng k\u00ednh mi\u1ec7ng ti\u00eau chu\u1ea9n 60mm, \u0111\u1ea3m b\u1ea3o k\u00edn kh\u00ed.<\/p>","protected":false},"excerpt":{"rendered":"<table style=\"border-collapse: collapse; width: 515.02pt;\" border=\"0\" width=\"1030\" cellspacing=\"0\" cellpadding=\"0\">\n<tbody>\n<tr style=\"height: 21.75pt;\">\n<td class=\"et3\" style=\"height: 21.75pt; width: 92.00pt;\" width=\"184\" height=\"43\">S\u1ee9c ch\u1ee9a \u0111\u1ea7y<\/td>\n<td class=\"et3\" style=\"width: 92.00pt;\" width=\"184\">C\u00e2n n\u1eb7ng<\/td>\n<td class=\"et3\" style=\"width: 147.35pt;\" width=\"294\">Ho\u00e0n th\u00e0nh<\/td>\n<td class=\"et3\" style=\"width: 92.00pt;\" width=\"184\">\u0110\u01b0\u1eddng k\u00ednh<\/td>\n<td class=\"et3\" style=\"width: 92.00pt;\" width=\"184\">Chi\u1ec1u cao<\/td>\n<\/tr>\n<tr style=\"height: 21.75pt;\">\n<td class=\"et4\" style=\"height: 21.75pt;\" height=\"43\">300<\/td>\n<td class=\"et4\">182<\/td>\n<td class=\"et4\">GPI 63-2030<\/td>\n<td class=\"et4\">D\u00e0i 69,4 x R\u1ed9ng 76,5 mm<\/td>\n<td class=\"et4\">99.5<\/td>\n<\/tr>\n<\/tbody>\n<\/table>","protected":false},"featured_media":4625,"comment_status":"open","ping_status":"closed","template":"","meta":{"jetpack_publicize_message":"","jetpack_publicize_feature_enabled":true,"jetpack_social_post_already_shared":true,"jetpack_social_options":{"image_generator_settings":{"template":"highway","default_image_id":0,"font":"","enabled":false},"version":2},"_wpas_customize_per_network":false},"product_brand":[1391],"product_cat":[1375,1454,1537,1506],"product_tag":[1383],"class_list":{"0":"post-4624","1":"product","2":"type-product","3":"status-publish","4":"has-post-thumbnail","6":"product_brand-berlin-packaging","7":"product_cat-food-bottle-food-jar","8":"product_cat-200-300ml-food-jar","9":"product_cat-glass","10":"product_cat-hexagon-jar","11":"product_tag-food","13":"first","14":"outofstock","15":"shipping-taxable","16":"product-type-simple"},"exclude_global_add_ons":[],"addons":[],"jetpack_publicize_connections":[],"jetpack_sharing_enabled":true,"jetpack_likes_enabled":true,"_links":{"self":[{"href":"https:\/\/berlinpackagingapac.com\/vi\/wp-json\/wp\/v2\/product\/4624","targetHints":{"allow":["GET"]}}],"collection":[{"href":"https:\/\/berlinpackagingapac.com\/vi\/wp-json\/wp\/v2\/product"}],"about":[{"href":"https:\/\/berlinpackagingapac.com\/vi\/wp-json\/wp\/v2\/types\/product"}],"replies":[{"embeddable":true,"href":"https:\/\/berlinpackagingapac.com\/vi\/wp-json\/wp\/v2\/comments?post=4624"}],"version-history":[{"count":2,"href":"https:\/\/berlinpackagingapac.com\/vi\/wp-json\/wp\/v2\/product\/4624\/revisions"}],"predecessor-version":[{"id":4627,"href":"https:\/\/berlinpackagingapac.com\/vi\/wp-json\/wp\/v2\/product\/4624\/revisions\/4627"}],"wp:featuredmedia":[{"embeddable":true,"href":"https:\/\/berlinpackagingapac.com\/vi\/wp-json\/wp\/v2\/media\/4625"}],"wp:attachment":[{"href":"https:\/\/berlinpackagingapac.com\/vi\/wp-json\/wp\/v2\/media?parent=4624"}],"wp:term":[{"taxonomy":"product_brand","embeddable":true,"href":"https:\/\/berlinpackagingapac.com\/vi\/wp-json\/wp\/v2\/product_brand?post=4624"},{"taxonomy":"product_cat","embeddable":true,"href":"https:\/\/berlinpackagingapac.com\/vi\/wp-json\/wp\/v2\/product_cat?post=4624"},{"taxonomy":"product_tag","embeddable":true,"href":"https:\/\/berlinpackagingapac.com\/vi\/wp-json\/wp\/v2\/product_tag?post=4624"}],"curies":[{"name":"wp","href":"https:\/\/api.w.org\/{rel}","templated":true}]}}