{"id":4686,"date":"2025-05-30T16:42:55","date_gmt":"2025-05-30T08:42:55","guid":{"rendered":"https:\/\/berlinpackagingapac.com\/?post_type=product&#038;p=4686"},"modified":"2025-07-16T10:40:03","modified_gmt":"2025-07-16T02:40:03","slug":"hu-thang-12oz-70-2035-thung-ngay-942","status":"publish","type":"product","link":"https:\/\/berlinpackagingapac.com\/vi\/product\/12oz-straight-sided-jar-70-2035-bpd-942\/","title":{"rendered":"H\u0169 th\u1eb3ng 12oz 70-2035, BPD-942"},"content":{"rendered":"<p>H\u0169 th\u1ee7y tinh th\u1eb3ng 12oz 70-2035, m\u00e3 s\u1ea3n ph\u1ea9m BPD-942, l\u00e0 m\u1ed9t h\u1ed9p \u0111\u1ef1ng \u0111a n\u0103ng v\u00e0 thi\u1ebft th\u1ef1c cho nhi\u1ec1u m\u1ee5c \u0111\u00edch s\u1eed d\u1ee5ng. Thi\u1ebft k\u1ebf th\u1eb3ng g\u1ecdn g\u00e0ng mang \u0111\u1ebfn v\u1ebb \u0111\u1eb9p hi\u1ec7n \u0111\u1ea1i, ho\u00e0n h\u1ea3o cho c\u1ea3 m\u1ee5c \u0111\u00edch l\u01b0u tr\u1eef ti\u1ec7n d\u1ee5ng v\u00e0 trang tr\u00ed. \u0110\u01b0\u1ee3c l\u00e0m t\u1eeb th\u1ee7y tinh trong su\u1ed1t, h\u0169 th\u1ee7y tinh n\u00e0y tr\u01b0ng b\u00e0y \u0111\u1eb9p m\u1eaft c\u00e1c s\u1ea3n ph\u1ea9m b\u00ean trong, d\u00f9 b\u1ea1n \u0111ang \u0111\u1ef1ng m\u1ee9t t\u1ef1 l\u00e0m, n\u01b0\u1edbc s\u1ed1t hay c\u00e1c lo\u1ea1i th\u1ef1c ph\u1ea9m kh\u00f4 c\u1ea7n thi\u1ebft. Ngo\u00e0i th\u1ef1c ph\u1ea9m, h\u0169 th\u1ee7y tinh n\u00e0y c\u00f2n l\u00e0 l\u1ef1a ch\u1ecdn ph\u1ed5 bi\u1ebfn \u0111\u1ec3 l\u00e0m n\u1ebfn, s\u1ea3n ph\u1ea9m t\u1eafm v\u00e0 d\u01b0\u1ee1ng th\u1ec3, ho\u1eb7c s\u1eafp x\u1ebfp c\u00e1c v\u1eadt d\u1ee5ng th\u1ee7 c\u00f4ng nh\u1ecf. Dung t\u00edch 12oz r\u1ed9ng r\u00e3i mang l\u1ea1i kh\u00f4ng gian r\u1ed9ng r\u00e3i, trong khi thi\u1ebft k\u1ebf \u0111\u01a1n gi\u1ea3n gi\u00fap vi\u1ec7c d\u00e1n nh\u00e3n v\u00e0 x\u1ebfp ch\u1ed3ng d\u1ec5 d\u00e0ng. Chi\u1ebfc h\u0169 b\u1ec1n b\u1ec9 n\u00e0y l\u00e0 m\u1ed9t l\u1ef1a ch\u1ecdn \u0111\u00e1ng tin c\u1eady cho b\u1ea5t k\u1ef3 gia \u0111\u00ecnh ho\u1eb7c doanh nghi\u1ec7p n\u00e0o \u0111ang t\u00ecm ki\u1ebfm m\u1ed9t gi\u1ea3i ph\u00e1p l\u01b0u tr\u1eef \u0111\u01a1n gi\u1ea3n nh\u01b0ng thanh l\u1ecbch.<\/p>","protected":false},"excerpt":{"rendered":"<table style=\"border-collapse: collapse; width: 515.02pt;\" border=\"0\" width=\"1030\" cellspacing=\"0\" cellpadding=\"0\">\n<tbody>\n<tr style=\"height: 21.75pt;\">\n<td class=\"et3\" style=\"height: 21.75pt; width: 92.00pt;\" width=\"184\" height=\"43\">S\u1ee9c ch\u1ee9a \u0111\u1ea7y<\/td>\n<td class=\"et3\" style=\"width: 92.00pt;\" width=\"184\">C\u00e2n n\u1eb7ng<\/td>\n<td class=\"et3\" style=\"width: 147.35pt;\" width=\"294\">Ho\u00e0n th\u00e0nh<\/td>\n<td class=\"et3\" style=\"width: 92.00pt;\" width=\"184\">\u0110\u01b0\u1eddng k\u00ednh<\/td>\n<td class=\"et3\" style=\"width: 92.00pt;\" width=\"184\">Chi\u1ec1u cao<\/td>\n<\/tr>\n<tr style=\"height: 21.75pt;\">\n<td class=\"et4\" style=\"height: 21.75pt;\" height=\"43\">398<\/td>\n<td class=\"et4\">245<\/td>\n<td class=\"et4\">Ch\u1ee7 \u0111\u1ec1 li\u00ean t\u1ee5c<\/td>\n<td class=\"et4\">70.1<\/td>\n<td class=\"et4\">222<\/td>\n<\/tr>\n<\/tbody>\n<\/table>","protected":false},"featured_media":4690,"comment_status":"open","ping_status":"closed","template":"","meta":{"jetpack_publicize_message":"","jetpack_publicize_feature_enabled":true,"jetpack_social_post_already_shared":true,"jetpack_social_options":{"image_generator_settings":{"template":"highway","default_image_id":0,"font":"","enabled":false},"version":2},"_wpas_customize_per_network":false},"product_brand":[1391],"product_cat":[1375,1455,1537],"product_tag":[1383],"class_list":{"0":"post-4686","1":"product","2":"type-product","3":"status-publish","4":"has-post-thumbnail","6":"product_brand-berlin-packaging","7":"product_cat-food-bottle-food-jar","8":"product_cat-300-500ml-food-jar","9":"product_cat-glass","10":"product_tag-food","12":"first","13":"outofstock","14":"shipping-taxable","15":"product-type-simple"},"exclude_global_add_ons":[],"addons":[],"jetpack_publicize_connections":[],"jetpack_sharing_enabled":true,"jetpack_likes_enabled":true,"_links":{"self":[{"href":"https:\/\/berlinpackagingapac.com\/vi\/wp-json\/wp\/v2\/product\/4686","targetHints":{"allow":["GET"]}}],"collection":[{"href":"https:\/\/berlinpackagingapac.com\/vi\/wp-json\/wp\/v2\/product"}],"about":[{"href":"https:\/\/berlinpackagingapac.com\/vi\/wp-json\/wp\/v2\/types\/product"}],"replies":[{"embeddable":true,"href":"https:\/\/berlinpackagingapac.com\/vi\/wp-json\/wp\/v2\/comments?post=4686"}],"version-history":[{"count":3,"href":"https:\/\/berlinpackagingapac.com\/vi\/wp-json\/wp\/v2\/product\/4686\/revisions"}],"predecessor-version":[{"id":4693,"href":"https:\/\/berlinpackagingapac.com\/vi\/wp-json\/wp\/v2\/product\/4686\/revisions\/4693"}],"wp:featuredmedia":[{"embeddable":true,"href":"https:\/\/berlinpackagingapac.com\/vi\/wp-json\/wp\/v2\/media\/4690"}],"wp:attachment":[{"href":"https:\/\/berlinpackagingapac.com\/vi\/wp-json\/wp\/v2\/media?parent=4686"}],"wp:term":[{"taxonomy":"product_brand","embeddable":true,"href":"https:\/\/berlinpackagingapac.com\/vi\/wp-json\/wp\/v2\/product_brand?post=4686"},{"taxonomy":"product_cat","embeddable":true,"href":"https:\/\/berlinpackagingapac.com\/vi\/wp-json\/wp\/v2\/product_cat?post=4686"},{"taxonomy":"product_tag","embeddable":true,"href":"https:\/\/berlinpackagingapac.com\/vi\/wp-json\/wp\/v2\/product_tag?post=4686"}],"curies":[{"name":"wp","href":"https:\/\/api.w.org\/{rel}","templated":true}]}}