{"id":4706,"date":"2025-05-30T17:05:02","date_gmt":"2025-05-30T09:05:02","guid":{"rendered":"https:\/\/berlinpackagingapac.com\/?post_type=product&#038;p=4706"},"modified":"2025-07-16T10:39:36","modified_gmt":"2025-07-16T02:39:36","slug":"hu-thuy-tinh-14oz-bpad11496a","status":"publish","type":"product","link":"https:\/\/berlinpackagingapac.com\/vi\/product\/14oz-glass-jar-bpad11496a\/","title":{"rendered":"H\u0169 th\u1ee7y tinh 14oz, BPAD11496A"},"content":{"rendered":"<p>H\u0169 th\u1ee7y tinh 14oz, m\u00e3 s\u1ea3n ph\u1ea9m BPAD11496A, l\u00e0 m\u1ed9t h\u1ed9p \u0111\u1ef1ng \u0111a n\u0103ng v\u00e0 ti\u1ec7n d\u1ee5ng cho nhi\u1ec1u m\u1ee5c \u0111\u00edch s\u1eed d\u1ee5ng. \u0110\u01b0\u1ee3c l\u00e0m t\u1eeb th\u1ee7y tinh trong su\u1ed1t, b\u1ec1n b\u1ec9, chi\u1ebfc h\u0169 n\u00e0y tr\u01b0ng b\u00e0y \u0111\u1eb9p m\u1eaft \u0111\u1ed3 \u0111\u1ef1ng b\u00ean trong, l\u00e0 l\u1ef1a ch\u1ecdn tuy\u1ec7t v\u1eddi \u0111\u1ec3 \u0111\u1ef1ng m\u1ee9t t\u1ef1 l\u00e0m, n\u01b0\u1edbc s\u1ed1t ho\u1eb7c c\u00e1c lo\u1ea1i th\u1ef1c ph\u1ea9m kh\u00f4 c\u1ea7n thi\u1ebft trong t\u1ee7 b\u1ebfp. Dung t\u00edch l\u1edbn 14oz c\u1ee7a h\u0169 cho ph\u00e9p b\u1ea1n tho\u1ea3i m\u00e1i \u0111\u1ef1ng nhi\u1ec1u lo\u1ea1i th\u1ef1c ph\u1ea9m kh\u00e1c nhau. Ngo\u00e0i vi\u1ec7c \u0111\u1ef1ng th\u1ef1c ph\u1ea9m, h\u0169 n\u00e0y c\u00f2n l\u00e0 m\u1ed9t l\u1ef1a ch\u1ecdn ph\u1ed5 bi\u1ebfn \u0111\u1ec3 l\u00e0m n\u1ebfn, s\u1eafp x\u1ebfp \u0111\u1ed3 th\u1ee7 c\u00f4ng nh\u1ecf, ho\u1eb7c l\u00e0m bao b\u00ec b\u1eaft m\u1eaft cho c\u00e1c s\u1ea3n ph\u1ea9m t\u1eafm v\u00e0 d\u01b0\u1ee1ng th\u1ec3. Thi\u1ebft k\u1ebf trong su\u1ed1t gi\u00fap d\u1ec5 d\u00e0ng nh\u1eadn bi\u1ebft s\u1ea3n ph\u1ea9m b\u00ean trong, v\u00e0 k\u1ebft c\u1ea5u ch\u1eafc ch\u1eafn \u0111\u1ea3m b\u1ea3o c\u00f3 th\u1ec3 t\u00e1i s\u1eed d\u1ee5ng nhi\u1ec1u l\u1ea7n. Chi\u1ebfc h\u0169 \u0111\u00e1ng tin c\u1eady n\u00e0y mang \u0111\u1ebfn m\u1ed9t gi\u1ea3i ph\u00e1p \u0111\u01a1n gi\u1ea3n nh\u01b0ng tinh t\u1ebf cho c\u1ea3 nhu c\u1ea7u gia \u0111\u00ecnh v\u00e0 kinh doanh.<\/p>","protected":false},"excerpt":{"rendered":"<table style=\"border-collapse: collapse; width: 515.02pt;\" border=\"0\" width=\"1030\" cellspacing=\"0\" cellpadding=\"0\">\n<tbody>\n<tr style=\"height: 21.75pt;\">\n<td class=\"et3\" style=\"height: 21.75pt; width: 92.00pt;\" width=\"184\" height=\"43\">S\u1ee9c ch\u1ee9a \u0111\u1ea7y<\/td>\n<td class=\"et3\" style=\"width: 92.00pt;\" width=\"184\">C\u00e2n n\u1eb7ng<\/td>\n<td class=\"et3\" style=\"width: 147.35pt;\" width=\"294\">Ho\u00e0n th\u00e0nh<\/td>\n<td class=\"et3\" style=\"width: 92.00pt;\" width=\"184\">\u0110\u01b0\u1eddng k\u00ednh<\/td>\n<td class=\"et3\" style=\"width: 92.00pt;\" width=\"184\">Chi\u1ec1u cao<\/td>\n<\/tr>\n<tr style=\"height: 21.75pt;\">\n<td class=\"et4\" style=\"height: 21.75pt;\" height=\"43\">457<\/td>\n<td class=\"et4\">226<\/td>\n<td class=\"et4\">82-2040<\/td>\n<td class=\"et4\">84.6<\/td>\n<td class=\"et4\">102<\/td>\n<\/tr>\n<\/tbody>\n<\/table>","protected":false},"featured_media":4707,"comment_status":"open","ping_status":"closed","template":"","meta":{"jetpack_publicize_message":"","jetpack_publicize_feature_enabled":true,"jetpack_social_post_already_shared":true,"jetpack_social_options":{"image_generator_settings":{"template":"highway","default_image_id":0,"font":"","enabled":false},"version":2},"_wpas_customize_per_network":false},"product_brand":[1391],"product_cat":[1375,1455,1507,1537],"product_tag":[1383],"class_list":{"0":"post-4706","1":"product","2":"type-product","3":"status-publish","4":"has-post-thumbnail","6":"product_brand-berlin-packaging","7":"product_cat-food-bottle-food-jar","8":"product_cat-300-500ml-food-jar","9":"product_cat-ergo-jar","10":"product_cat-glass","11":"product_tag-food","13":"first","14":"outofstock","15":"shipping-taxable","16":"product-type-simple"},"exclude_global_add_ons":[],"addons":[],"jetpack_publicize_connections":[],"jetpack_sharing_enabled":true,"jetpack_likes_enabled":true,"_links":{"self":[{"href":"https:\/\/berlinpackagingapac.com\/vi\/wp-json\/wp\/v2\/product\/4706","targetHints":{"allow":["GET"]}}],"collection":[{"href":"https:\/\/berlinpackagingapac.com\/vi\/wp-json\/wp\/v2\/product"}],"about":[{"href":"https:\/\/berlinpackagingapac.com\/vi\/wp-json\/wp\/v2\/types\/product"}],"replies":[{"embeddable":true,"href":"https:\/\/berlinpackagingapac.com\/vi\/wp-json\/wp\/v2\/comments?post=4706"}],"version-history":[{"count":3,"href":"https:\/\/berlinpackagingapac.com\/vi\/wp-json\/wp\/v2\/product\/4706\/revisions"}],"predecessor-version":[{"id":4710,"href":"https:\/\/berlinpackagingapac.com\/vi\/wp-json\/wp\/v2\/product\/4706\/revisions\/4710"}],"wp:featuredmedia":[{"embeddable":true,"href":"https:\/\/berlinpackagingapac.com\/vi\/wp-json\/wp\/v2\/media\/4707"}],"wp:attachment":[{"href":"https:\/\/berlinpackagingapac.com\/vi\/wp-json\/wp\/v2\/media?parent=4706"}],"wp:term":[{"taxonomy":"product_brand","embeddable":true,"href":"https:\/\/berlinpackagingapac.com\/vi\/wp-json\/wp\/v2\/product_brand?post=4706"},{"taxonomy":"product_cat","embeddable":true,"href":"https:\/\/berlinpackagingapac.com\/vi\/wp-json\/wp\/v2\/product_cat?post=4706"},{"taxonomy":"product_tag","embeddable":true,"href":"https:\/\/berlinpackagingapac.com\/vi\/wp-json\/wp\/v2\/product_tag?post=4706"}],"curies":[{"name":"wp","href":"https:\/\/api.w.org\/{rel}","templated":true}]}}