{"id":4741,"date":"2025-06-01T16:14:40","date_gmt":"2025-06-01T08:14:40","guid":{"rendered":"https:\/\/berlinpackagingapac.com\/?post_type=product&#038;p=4741"},"modified":"2025-07-16T10:38:31","modified_gmt":"2025-07-16T02:38:31","slug":"hu-sot-mayonnaise-16oz-70-450-thung-ngay-932","status":"publish","type":"product","link":"https:\/\/berlinpackagingapac.com\/vi\/product\/16oz-mayo-jar-70-450-bpd-932\/","title":{"rendered":"H\u0169 s\u1ed1t mayonnaise 16oz 70-450, BPD-932"},"content":{"rendered":"<p>H\u0169 \u0111\u1ef1ng s\u1ed1t mayonnaise 16oz 70-450 th\u01b0\u1eddng \u0111\u01b0\u1ee3c s\u1eed d\u1ee5ng \u0111\u1ec3 \u0111\u1ef1ng s\u1ed1t mayonnaise, l\u00e0 l\u1ef1a ch\u1ecdn tuy\u1ec7t v\u1eddi cho nhi\u1ec1u lo\u1ea1i n\u01b0\u1edbc s\u1ed1t, b\u01a1 ph\u1ebft v\u00e0 gia v\u1ecb. C\u1ea5u tr\u00fac th\u1ee7y tinh b\u1ec1n b\u1ec9 \u0111\u1ea3m b\u1ea3o \u0111\u1ed9 t\u01b0\u01a1i ngon v\u00e0 mang \u0111\u1ebfn v\u1ebb ngo\u00e0i cao c\u1ea5p cho th\u1ef1c ph\u1ea9m c\u1ee7a b\u1ea1n. Thi\u1ebft k\u1ebf trong su\u1ed1t cho ph\u00e9p nh\u00ecn r\u00f5 n\u1ed9i dung b\u00ean trong, ho\u00e0n h\u1ea3o cho c\u1ea3 \u0111\u00f3ng g\u00f3i b\u00e1n l\u1ebb v\u00e0 s\u1eed d\u1ee5ng t\u1ea1i nh\u00e0.<\/p>","protected":false},"excerpt":{"rendered":"<table style=\"border-collapse: collapse; width: 515.02pt;\" border=\"0\" width=\"1030\" cellspacing=\"0\" cellpadding=\"0\">\n<tbody>\n<tr style=\"height: 21.75pt;\">\n<td class=\"et3\" style=\"height: 21.75pt; width: 92.00pt;\" width=\"184\" height=\"43\">S\u1ee9c ch\u1ee9a \u0111\u1ea7y<\/td>\n<td class=\"et3\" style=\"width: 92.00pt;\" width=\"184\">C\u00e2n n\u1eb7ng<\/td>\n<td class=\"et3\" style=\"width: 147.35pt;\" width=\"294\">Ho\u00e0n th\u00e0nh<\/td>\n<td class=\"et3\" style=\"width: 92.00pt;\" width=\"184\">\u0110\u01b0\u1eddng k\u00ednh<\/td>\n<td class=\"et3\" style=\"width: 92.00pt;\" width=\"184\">Chi\u1ec1u cao<\/td>\n<\/tr>\n<tr style=\"height: 21.75pt;\">\n<td class=\"et4\" style=\"height: 21.75pt;\" height=\"43\">490<\/td>\n<td class=\"et4\">250<\/td>\n<td class=\"et4\">GPI 450-70<\/td>\n<td class=\"et4\">79.6<\/td>\n<td class=\"et4\">130.5<\/td>\n<\/tr>\n<\/tbody>\n<\/table>","protected":false},"featured_media":4742,"comment_status":"open","ping_status":"closed","template":"","meta":{"jetpack_publicize_message":"","jetpack_publicize_feature_enabled":true,"jetpack_social_post_already_shared":true,"jetpack_social_options":{"image_generator_settings":{"template":"highway","default_image_id":0,"font":"","enabled":false},"version":2},"_wpas_customize_per_network":false},"product_brand":[1391],"product_cat":[1375,1455,1537],"product_tag":[1383],"class_list":{"0":"post-4741","1":"product","2":"type-product","3":"status-publish","4":"has-post-thumbnail","6":"product_brand-berlin-packaging","7":"product_cat-food-bottle-food-jar","8":"product_cat-300-500ml-food-jar","9":"product_cat-glass","10":"product_tag-food","12":"first","13":"outofstock","14":"shipping-taxable","15":"product-type-simple"},"exclude_global_add_ons":[],"addons":[],"jetpack_publicize_connections":[],"jetpack_sharing_enabled":true,"jetpack_likes_enabled":true,"_links":{"self":[{"href":"https:\/\/berlinpackagingapac.com\/vi\/wp-json\/wp\/v2\/product\/4741","targetHints":{"allow":["GET"]}}],"collection":[{"href":"https:\/\/berlinpackagingapac.com\/vi\/wp-json\/wp\/v2\/product"}],"about":[{"href":"https:\/\/berlinpackagingapac.com\/vi\/wp-json\/wp\/v2\/types\/product"}],"replies":[{"embeddable":true,"href":"https:\/\/berlinpackagingapac.com\/vi\/wp-json\/wp\/v2\/comments?post=4741"}],"version-history":[{"count":3,"href":"https:\/\/berlinpackagingapac.com\/vi\/wp-json\/wp\/v2\/product\/4741\/revisions"}],"predecessor-version":[{"id":4745,"href":"https:\/\/berlinpackagingapac.com\/vi\/wp-json\/wp\/v2\/product\/4741\/revisions\/4745"}],"wp:featuredmedia":[{"embeddable":true,"href":"https:\/\/berlinpackagingapac.com\/vi\/wp-json\/wp\/v2\/media\/4742"}],"wp:attachment":[{"href":"https:\/\/berlinpackagingapac.com\/vi\/wp-json\/wp\/v2\/media?parent=4741"}],"wp:term":[{"taxonomy":"product_brand","embeddable":true,"href":"https:\/\/berlinpackagingapac.com\/vi\/wp-json\/wp\/v2\/product_brand?post=4741"},{"taxonomy":"product_cat","embeddable":true,"href":"https:\/\/berlinpackagingapac.com\/vi\/wp-json\/wp\/v2\/product_cat?post=4741"},{"taxonomy":"product_tag","embeddable":true,"href":"https:\/\/berlinpackagingapac.com\/vi\/wp-json\/wp\/v2\/product_tag?post=4741"}],"curies":[{"name":"wp","href":"https:\/\/api.w.org\/{rel}","templated":true}]}}