{"id":4772,"date":"2025-06-02T09:13:16","date_gmt":"2025-06-02T01:13:16","guid":{"rendered":"https:\/\/berlinpackagingapac.com\/?post_type=product&#038;p=4772"},"modified":"2025-07-11T12:32:33","modified_gmt":"2025-07-11T04:32:33","slug":"hu-vuong-19oz-bpc-073","status":"publish","type":"product","link":"https:\/\/berlinpackagingapac.com\/vi\/product\/19oz-square-jar-bpc-073\/","title":{"rendered":"H\u0169 vu\u00f4ng 19oz, BPC-073"},"content":{"rendered":"<p>H\u0169 vu\u00f4ng 19oz | BPC-073: H\u0169 th\u1ee7y tinh vu\u00f4ng 19oz (560ml) cao c\u1ea5p n\u00e0y gi\u00fap ti\u1ebft ki\u1ec7m kh\u00f4ng gian l\u01b0u tr\u1eef gia v\u1ecb, kem m\u1ef9 ph\u1ea9m v\u00e0 h\u00e0ng kh\u00f4. Thi\u1ebft k\u1ebf c\u00f3 th\u1ec3 x\u1ebfp ch\u1ed3ng gi\u00fap t\u1ed1i \u0111a h\u00f3a kh\u00f4ng gian k\u1ec7, \u0111\u1ed3ng th\u1eddi k\u00ednh trong su\u1ed1t gi\u00fap tr\u01b0ng b\u00e0y s\u1ea3n ph\u1ea9m b\u00ean trong. N\u1eafp \u0111\u1eady k\u00edn kh\u00ed \u0111\u1ea3m b\u1ea3o \u0111\u1ed9 t\u01b0\u01a1i ngon v\u1edbi n\u1eafp t\u01b0\u01a1ng th\u00edch. N\u1eafp \u0111\u01b0\u1ee3c b\u00e1n ri\u00eang. L\u00fd t\u01b0\u1edfng cho c\u00e1c th\u01b0\u01a1ng hi\u1ec7u b\u00e1n l\u1ebb v\u00e0 \u0111\u00f3ng g\u00f3i s\u1ed1 l\u01b0\u1ee3ng l\u1edbn.<\/p>","protected":false},"excerpt":{"rendered":"<table style=\"border-collapse: collapse; width: 515.02pt;\" border=\"0\" width=\"1030\" cellspacing=\"0\" cellpadding=\"0\">\n<tbody>\n<tr style=\"height: 21.75pt;\">\n<td class=\"et3\" style=\"height: 21.75pt; width: 92.00pt;\" width=\"184\" height=\"43\">S\u1ee9c ch\u1ee9a \u0111\u1ea7y<\/td>\n<td class=\"et3\" style=\"width: 92.00pt;\" width=\"184\">C\u00e2n n\u1eb7ng<\/td>\n<td class=\"et3\" style=\"width: 147.35pt;\" width=\"294\">Ho\u00e0n th\u00e0nh<\/td>\n<td class=\"et3\" style=\"width: 92.00pt;\" width=\"184\">\u0110\u01b0\u1eddng k\u00ednh<\/td>\n<td class=\"et3\" style=\"width: 92.00pt;\" width=\"184\">Chi\u1ec1u cao<\/td>\n<\/tr>\n<tr style=\"height: 21.75pt;\">\n<td class=\"et4\" style=\"height: 21.75pt;\" height=\"43\">596<\/td>\n<td class=\"et4\">330<\/td>\n<td class=\"et4\">GPI 20351-70<\/td>\n<td class=\"et4\">74.6<\/td>\n<td class=\"et4\">156<\/td>\n<\/tr>\n<\/tbody>\n<\/table>","protected":false},"featured_media":4773,"comment_status":"open","ping_status":"closed","template":"","meta":{"jetpack_publicize_message":"","jetpack_publicize_feature_enabled":true,"jetpack_social_post_already_shared":true,"jetpack_social_options":{"image_generator_settings":{"template":"highway","default_image_id":0,"font":"","enabled":false},"version":2},"_wpas_customize_per_network":false},"product_brand":[1391],"product_cat":[1375,1504,1537,1508],"product_tag":[1383],"class_list":{"0":"post-4772","1":"product","2":"type-product","3":"status-publish","4":"has-post-thumbnail","6":"product_brand-berlin-packaging","7":"product_cat-food-bottle-food-jar","8":"product_cat-500-1000ml-food-jar","9":"product_cat-glass","10":"product_cat-square-jar","11":"product_tag-food","13":"first","14":"outofstock","15":"shipping-taxable","16":"product-type-simple"},"exclude_global_add_ons":[],"addons":[],"jetpack_publicize_connections":[],"jetpack_sharing_enabled":true,"jetpack_likes_enabled":true,"_links":{"self":[{"href":"https:\/\/berlinpackagingapac.com\/vi\/wp-json\/wp\/v2\/product\/4772","targetHints":{"allow":["GET"]}}],"collection":[{"href":"https:\/\/berlinpackagingapac.com\/vi\/wp-json\/wp\/v2\/product"}],"about":[{"href":"https:\/\/berlinpackagingapac.com\/vi\/wp-json\/wp\/v2\/types\/product"}],"replies":[{"embeddable":true,"href":"https:\/\/berlinpackagingapac.com\/vi\/wp-json\/wp\/v2\/comments?post=4772"}],"version-history":[{"count":2,"href":"https:\/\/berlinpackagingapac.com\/vi\/wp-json\/wp\/v2\/product\/4772\/revisions"}],"predecessor-version":[{"id":4775,"href":"https:\/\/berlinpackagingapac.com\/vi\/wp-json\/wp\/v2\/product\/4772\/revisions\/4775"}],"wp:featuredmedia":[{"embeddable":true,"href":"https:\/\/berlinpackagingapac.com\/vi\/wp-json\/wp\/v2\/media\/4773"}],"wp:attachment":[{"href":"https:\/\/berlinpackagingapac.com\/vi\/wp-json\/wp\/v2\/media?parent=4772"}],"wp:term":[{"taxonomy":"product_brand","embeddable":true,"href":"https:\/\/berlinpackagingapac.com\/vi\/wp-json\/wp\/v2\/product_brand?post=4772"},{"taxonomy":"product_cat","embeddable":true,"href":"https:\/\/berlinpackagingapac.com\/vi\/wp-json\/wp\/v2\/product_cat?post=4772"},{"taxonomy":"product_tag","embeddable":true,"href":"https:\/\/berlinpackagingapac.com\/vi\/wp-json\/wp\/v2\/product_tag?post=4772"}],"curies":[{"name":"wp","href":"https:\/\/api.w.org\/{rel}","templated":true}]}}