{"id":4802,"date":"2025-06-02T11:28:55","date_gmt":"2025-06-02T03:28:55","guid":{"rendered":"https:\/\/berlinpackagingapac.com\/?post_type=product&#038;p=4802"},"modified":"2025-06-02T11:28:55","modified_gmt":"2025-06-02T03:28:55","slug":"hu-thuy-tinh-tron-700ml-bpcp3124","status":"publish","type":"product","link":"https:\/\/berlinpackagingapac.com\/vi\/product\/700ml-glass-round-jar-bpcp3124\/","title":{"rendered":"H\u0169 th\u1ee7y tinh tr\u00f2n 700ml, BPCP3124"},"content":{"rendered":"<p>H\u0169 th\u1ee7y tinh tr\u00f2n 700ml, m\u00e3 s\u1ea3n ph\u1ea9m BPCP3124, k\u1ebft h\u1ee3p t\u00ednh ti\u1ec7n d\u1ee5ng v\u1edbi thi\u1ebft k\u1ebf v\u01b0\u1ee3t th\u1eddi gian. \u0110\u01b0\u1ee3c l\u00e0m t\u1eeb th\u1ee7y tinh ch\u1ea5t l\u01b0\u1ee3ng cao, h\u0169 c\u00f3 dung t\u00edch 700ml l\u00fd t\u01b0\u1edfng \u0111\u1ec3 l\u01b0u tr\u1eef nhi\u1ec1u lo\u1ea1i th\u1ef1c ph\u1ea9m, bao g\u1ed3m h\u00e0ng kh\u00f4, n\u01b0\u1edbc s\u1ed1t t\u1ef1 l\u00e0m, \u0111\u1ed3 \u0103n nh\u1eb9 ho\u1eb7c m\u1ee9t. Th\u1ee7y tinh trong su\u1ed1t gi\u00fap d\u1ec5 d\u00e0ng nh\u1eadn bi\u1ebft th\u1ef1c ph\u1ea9m b\u00ean trong, \u0111\u1ed3ng th\u1eddi h\u00ecnh tr\u00f2n c\u1ee7a h\u0169 v\u1eeba v\u1eb7n tr\u00ean k\u1ec7 ho\u1eb7c trong t\u1ee7 b\u1ebfp, gi\u00fap b\u1ea3o qu\u1ea3n hi\u1ec7u qu\u1ea3. B\u1ec1n b\u1ec9 v\u00e0 d\u1ec5 v\u1ec7 sinh, h\u0169 th\u1ee7y tinh n\u00e0y ph\u00f9 h\u1ee3p cho c\u1ea3 m\u1ee5c \u0111\u00edch s\u1eed d\u1ee5ng h\u00e0ng ng\u00e0y v\u00e0 trang tr\u00ed trong nh\u00e0 b\u1ebfp. D\u00f9 \u0111\u1ec3 s\u1eafp x\u1ebfp t\u1ee7 \u0111\u1ef1ng th\u1ee9c \u0103n, chu\u1ea9n b\u1ecb b\u1eefa \u0103n hay tr\u01b0ng b\u00e0y c\u00e1c m\u00f3n \u0103n t\u1ef1 l\u00e0m, h\u0169 th\u1ee7y tinh n\u00e0y mang \u0111\u1ebfn gi\u1ea3i ph\u00e1p trong su\u1ed1t, \u0111\u00e1ng tin c\u1eady \u0111\u1ec3 gi\u1eef th\u1ef1c ph\u1ea9m t\u01b0\u01a1i ngon v\u00e0 d\u1ec5 l\u1ea5y.<\/p>","protected":false},"excerpt":{"rendered":"<table style=\"border-collapse: collapse; width: 442.52pt;\" border=\"0\" width=\"885\" cellspacing=\"0\" cellpadding=\"0\">\n<tbody>\n<tr style=\"height: 21.75pt;\">\n<td class=\"et3\" style=\"height: 21.75pt; width: 92.00pt;\" width=\"184\" height=\"43\">S\u1ee9c ch\u1ee9a \u0111\u1ea7y<\/td>\n<td class=\"et3\" style=\"width: 92.00pt;\" width=\"184\">C\u00e2n n\u1eb7ng<\/td>\n<td class=\"et3\" style=\"width: 74.70pt;\" width=\"149\">Ho\u00e0n th\u00e0nh<\/td>\n<td class=\"et3\" style=\"width: 92.00pt;\" width=\"184\">\u0110\u01b0\u1eddng k\u00ednh<\/td>\n<td class=\"et3\" style=\"width: 92.00pt;\" width=\"184\">Chi\u1ec1u cao<\/td>\n<\/tr>\n<tr style=\"height: 21.75pt;\">\n<td class=\"et4\" style=\"height: 21.75pt;\" height=\"43\">720<\/td>\n<td class=\"et4\">310<\/td>\n<td class=\"et4\">GPI 82-2040 (evan\u6570\u636e)<\/td>\n<td class=\"et4\">89.9<\/td>\n<td class=\"et4\">143.5<\/td>\n<\/tr>\n<\/tbody>\n<\/table>","protected":false},"featured_media":4805,"comment_status":"open","ping_status":"closed","template":"","meta":{"jetpack_publicize_message":"","jetpack_publicize_feature_enabled":true,"jetpack_social_post_already_shared":true,"jetpack_social_options":{"image_generator_settings":{"template":"highway","default_image_id":0,"font":"","enabled":false},"version":2},"_wpas_customize_per_network":false},"product_brand":[1391],"product_cat":[1375,1504],"product_tag":[],"class_list":{"0":"post-4802","1":"product","2":"type-product","3":"status-publish","4":"has-post-thumbnail","6":"product_brand-berlin-packaging","7":"product_cat-food-bottle-food-jar","8":"product_cat-500-1000ml-food-jar","10":"first","11":"outofstock","12":"shipping-taxable","13":"product-type-simple"},"exclude_global_add_ons":[],"addons":[],"jetpack_publicize_connections":[],"jetpack_sharing_enabled":true,"jetpack_likes_enabled":true,"_links":{"self":[{"href":"https:\/\/berlinpackagingapac.com\/vi\/wp-json\/wp\/v2\/product\/4802","targetHints":{"allow":["GET"]}}],"collection":[{"href":"https:\/\/berlinpackagingapac.com\/vi\/wp-json\/wp\/v2\/product"}],"about":[{"href":"https:\/\/berlinpackagingapac.com\/vi\/wp-json\/wp\/v2\/types\/product"}],"replies":[{"embeddable":true,"href":"https:\/\/berlinpackagingapac.com\/vi\/wp-json\/wp\/v2\/comments?post=4802"}],"version-history":[{"count":2,"href":"https:\/\/berlinpackagingapac.com\/vi\/wp-json\/wp\/v2\/product\/4802\/revisions"}],"predecessor-version":[{"id":4806,"href":"https:\/\/berlinpackagingapac.com\/vi\/wp-json\/wp\/v2\/product\/4802\/revisions\/4806"}],"wp:featuredmedia":[{"embeddable":true,"href":"https:\/\/berlinpackagingapac.com\/vi\/wp-json\/wp\/v2\/media\/4805"}],"wp:attachment":[{"href":"https:\/\/berlinpackagingapac.com\/vi\/wp-json\/wp\/v2\/media?parent=4802"}],"wp:term":[{"taxonomy":"product_brand","embeddable":true,"href":"https:\/\/berlinpackagingapac.com\/vi\/wp-json\/wp\/v2\/product_brand?post=4802"},{"taxonomy":"product_cat","embeddable":true,"href":"https:\/\/berlinpackagingapac.com\/vi\/wp-json\/wp\/v2\/product_cat?post=4802"},{"taxonomy":"product_tag","embeddable":true,"href":"https:\/\/berlinpackagingapac.com\/vi\/wp-json\/wp\/v2\/product_tag?post=4802"}],"curies":[{"name":"wp","href":"https:\/\/api.w.org\/{rel}","templated":true}]}}