{"id":4807,"date":"2025-06-02T11:33:26","date_gmt":"2025-06-02T03:33:26","guid":{"rendered":"https:\/\/berlinpackagingapac.com\/?post_type=product&#038;p=4807"},"modified":"2025-06-02T11:33:26","modified_gmt":"2025-06-02T03:33:26","slug":"binh-thuy-tinh-dung-thuc-pham-700ml-far-bpd-506","status":"publish","type":"product","link":"https:\/\/berlinpackagingapac.com\/vi\/product\/700ml-glass-food-far-bpd-506\/","title":{"rendered":"B\u00ecnh th\u1ee7y tinh \u0111\u1ef1ng th\u1ef1c ph\u1ea9m 700ml, BPD-506"},"content":{"rendered":"<p>B\u00ecnh th\u1ee7y tinh \u0111\u1ef1ng th\u1ef1c ph\u1ea9m 700ml | BPD-506<br \/>\nH\u1ed9p th\u1ee7y tinh dung t\u00edch l\u1edbn 700ml (23,7oz) n\u00e0y cung c\u1ea5p kh\u1ea3 n\u0103ng l\u01b0u tr\u1eef \u0111\u00e1ng tin c\u1eady cho gia v\u1ecb, ng\u0169 c\u1ed1c, nguy\u00ean li\u1ec7u kh\u00f4 v\u00e0 c\u00e1c lo\u1ea1i th\u1ef1c ph\u1ea9m thi\u1ebft y\u1ebfu trong t\u1ee7 b\u1ebfp. \u0110\u01b0\u1ee3c l\u00e0m t\u1eeb th\u1ee7y tinh trong su\u1ed1t d\u00f9ng trong th\u1ef1c ph\u1ea9m, h\u1ed9p c\u00f3 thi\u1ebft k\u1ebf h\u00ecnh tr\u1ee5, gi\u00fap ti\u1ebft ki\u1ec7m kh\u00f4ng gian khi x\u1ebfp ch\u1ed3ng. Gi\u1eef \u0111\u1ed9 t\u01b0\u01a1i ngon c\u1ee7a s\u1ea3n ph\u1ea9m khi s\u1eed d\u1ee5ng v\u1edbi n\u1eafp \u0111\u1eady k\u00edn kh\u00ed ti\u00eau chu\u1ea9n. Ph\u00f9 h\u1ee3p cho nh\u00e0 b\u1ebfp th\u01b0\u01a1ng m\u1ea1i v\u00e0 s\u1eafp x\u1ebfp \u0111\u1ed3 d\u00f9ng gia \u0111\u00ecnh.<\/p>","protected":false},"excerpt":{"rendered":"<table style=\"border-collapse: collapse; width: 442.52pt;\" border=\"0\" width=\"885\" cellspacing=\"0\" cellpadding=\"0\">\n<tbody>\n<tr style=\"height: 21.75pt;\">\n<td class=\"et3\" style=\"height: 21.75pt; width: 92.00pt;\" width=\"184\" height=\"43\">S\u1ee9c ch\u1ee9a \u0111\u1ea7y<\/td>\n<td class=\"et3\" style=\"width: 92.00pt;\" width=\"184\">C\u00e2n n\u1eb7ng<\/td>\n<td class=\"et3\" style=\"width: 74.70pt;\" width=\"149\">Ho\u00e0n th\u00e0nh<\/td>\n<td class=\"et3\" style=\"width: 92.00pt;\" width=\"184\">\u0110\u01b0\u1eddng k\u00ednh<\/td>\n<td class=\"et3\" style=\"width: 92.00pt;\" width=\"184\">Chi\u1ec1u cao<\/td>\n<\/tr>\n<tr style=\"height: 21.75pt;\">\n<td class=\"et4\" style=\"height: 21.75pt;\" height=\"43\">720<\/td>\n<td class=\"et4\">342<\/td>\n<td class=\"et4\">BOCA -77TO<\/td>\n<td class=\"et4\">81.6<\/td>\n<td class=\"et4\">172<\/td>\n<\/tr>\n<\/tbody>\n<\/table>","protected":false},"featured_media":4808,"comment_status":"open","ping_status":"closed","template":"","meta":{"jetpack_publicize_message":"","jetpack_publicize_feature_enabled":true,"jetpack_social_post_already_shared":true,"jetpack_social_options":{"image_generator_settings":{"template":"highway","default_image_id":0,"font":"","enabled":false},"version":2},"_wpas_customize_per_network":false},"product_brand":[1391],"product_cat":[1375,1504],"product_tag":[1383],"class_list":{"0":"post-4807","1":"product","2":"type-product","3":"status-publish","4":"has-post-thumbnail","6":"product_brand-berlin-packaging","7":"product_cat-food-bottle-food-jar","8":"product_cat-500-1000ml-food-jar","9":"product_tag-food","11":"first","12":"outofstock","13":"shipping-taxable","14":"product-type-simple"},"exclude_global_add_ons":[],"addons":[],"jetpack_publicize_connections":[],"jetpack_sharing_enabled":true,"jetpack_likes_enabled":true,"_links":{"self":[{"href":"https:\/\/berlinpackagingapac.com\/vi\/wp-json\/wp\/v2\/product\/4807","targetHints":{"allow":["GET"]}}],"collection":[{"href":"https:\/\/berlinpackagingapac.com\/vi\/wp-json\/wp\/v2\/product"}],"about":[{"href":"https:\/\/berlinpackagingapac.com\/vi\/wp-json\/wp\/v2\/types\/product"}],"replies":[{"embeddable":true,"href":"https:\/\/berlinpackagingapac.com\/vi\/wp-json\/wp\/v2\/comments?post=4807"}],"version-history":[{"count":3,"href":"https:\/\/berlinpackagingapac.com\/vi\/wp-json\/wp\/v2\/product\/4807\/revisions"}],"predecessor-version":[{"id":4811,"href":"https:\/\/berlinpackagingapac.com\/vi\/wp-json\/wp\/v2\/product\/4807\/revisions\/4811"}],"wp:featuredmedia":[{"embeddable":true,"href":"https:\/\/berlinpackagingapac.com\/vi\/wp-json\/wp\/v2\/media\/4808"}],"wp:attachment":[{"href":"https:\/\/berlinpackagingapac.com\/vi\/wp-json\/wp\/v2\/media?parent=4807"}],"wp:term":[{"taxonomy":"product_brand","embeddable":true,"href":"https:\/\/berlinpackagingapac.com\/vi\/wp-json\/wp\/v2\/product_brand?post=4807"},{"taxonomy":"product_cat","embeddable":true,"href":"https:\/\/berlinpackagingapac.com\/vi\/wp-json\/wp\/v2\/product_cat?post=4807"},{"taxonomy":"product_tag","embeddable":true,"href":"https:\/\/berlinpackagingapac.com\/vi\/wp-json\/wp\/v2\/product_tag?post=4807"}],"curies":[{"name":"wp","href":"https:\/\/api.w.org\/{rel}","templated":true}]}}