{"id":4822,"date":"2025-06-02T11:42:06","date_gmt":"2025-06-02T03:42:06","guid":{"rendered":"https:\/\/berlinpackagingapac.com\/?post_type=product&#038;p=4822"},"modified":"2025-06-02T11:42:31","modified_gmt":"2025-06-02T03:42:31","slug":"hu-750ml-bpb-808","status":"publish","type":"product","link":"https:\/\/berlinpackagingapac.com\/vi\/product\/750ml-jar-bpb-808\/","title":{"rendered":"H\u0169 750ml, BPB-808"},"content":{"rendered":"<div class=\"flex flex-row w-full\" data-testid=\"message_content\" data-message-id=\"7700234858867714\">\n<div class=\"w-full\" data-plugin-identifier=\"Symbol(infra:receive-message-box:text)\">\n<div class=\"container-jJBCG1 flow-markdown-body theme-samantha-UQQUqP\" dir=\"ltr\" data-testid=\"message_text_content\" data-show-indicator=\"false\">\n<div class=\"auto-hide-last-sibling-br paragraph-Oc488D paragraph-element br-paragraph-space\">H\u0169 750ml, m\u00e3 s\u1ea3n ph\u1ea9m BPB-808, \u0111\u01b0\u1ee3c thi\u1ebft k\u1ebf \u0111\u1ec3 b\u1ea3o qu\u1ea3n th\u1ef1c ph\u1ea9m ti\u1ec7n d\u1ee5ng v\u00e0 linh ho\u1ea1t. V\u1edbi dung t\u00edch 750ml, h\u0169 c\u00f3 th\u1ec3 ch\u1ee9a nhi\u1ec1u lo\u1ea1i th\u1ef1c ph\u1ea9m, t\u1eeb th\u1ef1c ph\u1ea9m kh\u00f4 nh\u01b0 ng\u0169 c\u1ed1c v\u00e0 c\u00e1c lo\u1ea1i h\u1ea1t \u0111\u1ebfn c\u00e1c nguy\u00ean li\u1ec7u \u01b0\u1edbt nh\u01b0 s\u00fap, n\u01b0\u1edbc s\u1ed1t ho\u1eb7c th\u1ee9c \u0103n th\u1eeba. Thi\u1ebft k\u1ebf trong su\u1ed1t c\u1ee7a h\u0169 gi\u00fap d\u1ec5 d\u00e0ng nh\u1eadn bi\u1ebft th\u1ef1c ph\u1ea9m b\u00ean trong ngay t\u1eeb c\u00e1i nh\u00ecn \u0111\u1ea7u ti\u00ean, trong khi k\u1ebft c\u1ea5u ch\u1eafc ch\u1eafn \u0111\u1ea3m b\u1ea3o s\u1eed d\u1ee5ng l\u00e2u d\u00e0i trong c\u00e1c c\u00f4ng vi\u1ec7c b\u1ebfp n\u00fac h\u00e0ng ng\u00e0y. D\u00f9 \u0111\u01b0\u1ee3c s\u1eed d\u1ee5ng \u0111\u1ec3 s\u1eafp x\u1ebfp c\u00e1c ng\u0103n \u0111\u1ef1ng th\u1ee9c \u0103n, chu\u1ea9n b\u1ecb b\u1eefa \u0103n tr\u01b0\u1edbc hay l\u01b0u tr\u1eef c\u00e1c m\u00f3n \u0103n t\u1ef1 l\u00e0m, h\u0169 k\u1ebft h\u1ee3p t\u00ednh n\u0103ng v\u1edbi s\u1ef1 \u0111\u01a1n gi\u1ea3n. B\u1ec1 m\u1eb7t nh\u1eb5n m\u1ecbn v\u00e0 ch\u1ea5t li\u1ec7u d\u1ec5 v\u1ec7 sinh gi\u00fap vi\u1ec7c b\u1ea3o tr\u00ec d\u1ec5 d\u00e0ng, thi\u1ebft k\u1ebf trung t\u00ednh c\u1ee7a h\u0169 ph\u00f9 h\u1ee3p v\u1edbi m\u1ecdi phong c\u00e1ch trang tr\u00ed nh\u00e0 b\u1ebfp. Ho\u00e0n h\u1ea3o \u0111\u1ec3 gi\u1eef th\u1ef1c ph\u1ea9m t\u01b0\u01a1i ngon v\u00e0 d\u1ec5 l\u1ea5y, h\u0169 n\u00e0y l\u00e0 m\u1ed9t s\u1ef1 b\u1ed5 sung \u0111\u00e1ng tin c\u1eady cho b\u1ea5t k\u1ef3 h\u1ed9 gia \u0111\u00ecnh n\u00e0o, mang \u0111\u1ebfn c\u1ea3 ti\u1ec7n \u00edch v\u00e0 s\u1ef1 r\u00f5 r\u00e0ng trong m\u1ed9t g\u00f3i \u0111\u01a1n gi\u1ea3n.<\/div>\n<\/div>\n<\/div>\n<\/div>\n<div>\n<div class=\"banner-z0Imu4\" data-testid=\"after_message_download_desktop_button\"><\/div>\n<\/div>","protected":false},"excerpt":{"rendered":"<table style=\"border-collapse: collapse; width: 442.52pt;\" border=\"0\" width=\"885\" cellspacing=\"0\" cellpadding=\"0\">\n<tbody>\n<tr style=\"height: 21.75pt;\">\n<td class=\"et3\" style=\"height: 21.75pt; width: 92.00pt;\" width=\"184\" height=\"43\">S\u1ee9c ch\u1ee9a \u0111\u1ea7y<\/td>\n<td class=\"et3\" style=\"width: 92.00pt;\" width=\"184\">C\u00e2n n\u1eb7ng<\/td>\n<td class=\"et3\" style=\"width: 74.70pt;\" width=\"149\">Ho\u00e0n th\u00e0nh<\/td>\n<td class=\"et3\" style=\"width: 92.00pt;\" width=\"184\">\u0110\u01b0\u1eddng k\u00ednh<\/td>\n<td class=\"et3\" style=\"width: 92.00pt;\" width=\"184\">Chi\u1ec1u cao<\/td>\n<\/tr>\n<tr style=\"height: 21.75pt;\">\n<td class=\"et4\" style=\"height: 21.75pt;\" height=\"43\">785<\/td>\n<td class=\"et4\">365<\/td>\n<td class=\"et4\">GPI 20408-82<\/td>\n<td class=\"et4\">91.4<\/td>\n<td class=\"et4\">152<\/td>\n<\/tr>\n<\/tbody>\n<\/table>","protected":false},"featured_media":4823,"comment_status":"open","ping_status":"closed","template":"","meta":{"jetpack_publicize_message":"","jetpack_publicize_feature_enabled":true,"jetpack_social_post_already_shared":true,"jetpack_social_options":{"image_generator_settings":{"template":"highway","default_image_id":0,"font":"","enabled":false},"version":2},"_wpas_customize_per_network":false},"product_brand":[1391],"product_cat":[1375,1504],"product_tag":[1383],"class_list":{"0":"post-4822","1":"product","2":"type-product","3":"status-publish","4":"has-post-thumbnail","6":"product_brand-berlin-packaging","7":"product_cat-food-bottle-food-jar","8":"product_cat-500-1000ml-food-jar","9":"product_tag-food","11":"first","12":"outofstock","13":"shipping-taxable","14":"product-type-simple"},"exclude_global_add_ons":[],"addons":[],"jetpack_publicize_connections":[],"jetpack_sharing_enabled":true,"jetpack_likes_enabled":true,"_links":{"self":[{"href":"https:\/\/berlinpackagingapac.com\/vi\/wp-json\/wp\/v2\/product\/4822","targetHints":{"allow":["GET"]}}],"collection":[{"href":"https:\/\/berlinpackagingapac.com\/vi\/wp-json\/wp\/v2\/product"}],"about":[{"href":"https:\/\/berlinpackagingapac.com\/vi\/wp-json\/wp\/v2\/types\/product"}],"replies":[{"embeddable":true,"href":"https:\/\/berlinpackagingapac.com\/vi\/wp-json\/wp\/v2\/comments?post=4822"}],"version-history":[{"count":4,"href":"https:\/\/berlinpackagingapac.com\/vi\/wp-json\/wp\/v2\/product\/4822\/revisions"}],"predecessor-version":[{"id":4827,"href":"https:\/\/berlinpackagingapac.com\/vi\/wp-json\/wp\/v2\/product\/4822\/revisions\/4827"}],"wp:featuredmedia":[{"embeddable":true,"href":"https:\/\/berlinpackagingapac.com\/vi\/wp-json\/wp\/v2\/media\/4823"}],"wp:attachment":[{"href":"https:\/\/berlinpackagingapac.com\/vi\/wp-json\/wp\/v2\/media?parent=4822"}],"wp:term":[{"taxonomy":"product_brand","embeddable":true,"href":"https:\/\/berlinpackagingapac.com\/vi\/wp-json\/wp\/v2\/product_brand?post=4822"},{"taxonomy":"product_cat","embeddable":true,"href":"https:\/\/berlinpackagingapac.com\/vi\/wp-json\/wp\/v2\/product_cat?post=4822"},{"taxonomy":"product_tag","embeddable":true,"href":"https:\/\/berlinpackagingapac.com\/vi\/wp-json\/wp\/v2\/product_tag?post=4822"}],"curies":[{"name":"wp","href":"https:\/\/api.w.org\/{rel}","templated":true}]}}