{"id":4828,"date":"2025-06-02T11:44:32","date_gmt":"2025-06-02T03:44:32","guid":{"rendered":"https:\/\/berlinpackagingapac.com\/?post_type=product&#038;p=4828"},"modified":"2025-06-02T11:44:32","modified_gmt":"2025-06-02T03:44:32","slug":"hu-750ml-82-2040-thung-ngay-777","status":"publish","type":"product","link":"https:\/\/berlinpackagingapac.com\/vi\/product\/750ml-jar-82-2040-bpd-777\/","title":{"rendered":"H\u0169 750ml 82-2040, BPD-777"},"content":{"rendered":"<p>B\u00ecnh 750ml 82-2040, m\u00e3 s\u1ea3n ph\u1ea9m BPD-777, mang \u0111\u1ebfn gi\u1ea3i ph\u00e1p thi\u1ebft th\u1ef1c cho c\u0103n b\u1ebfp hi\u1ec7n \u0111\u1ea1i. V\u1edbi dung t\u00edch 750ml, b\u00ecnh ph\u00f9 h\u1ee3p \u0111\u1ec3 \u0111\u1ef1ng nhi\u1ec1u lo\u1ea1i th\u1ef1c ph\u1ea9m, bao g\u1ed3m c\u00e1c nguy\u00ean li\u1ec7u kh\u00f4 nh\u01b0 c\u01a1m v\u00e0 m\u00ec \u1ed1ng, h\u1ed7n h\u1ee3p \u01b0\u1edbt nh\u01b0 n\u01b0\u1edbc s\u1ed1t ho\u1eb7c s\u00fap, v\u00e0 m\u1ee9t t\u1ef1 l\u00e0m. C\u1ea5u tr\u00fac trong su\u1ed1t c\u1ee7a b\u00ecnh cho ph\u00e9p d\u1ec5 d\u00e0ng nh\u00ecn th\u1ea5y b\u00ean trong, gi\u00fap b\u1ea1n d\u1ec5 d\u00e0ng x\u00e1c \u0111\u1ecbnh nh\u1eefng g\u00ec \u0111\u01b0\u1ee3c l\u01b0u tr\u1eef m\u00e0 kh\u00f4ng c\u1ea7n m\u1edf. \u0110\u01b0\u1ee3c ch\u1ebf t\u1ea1o t\u1eeb v\u1eadt li\u1ec7u ch\u1eafc ch\u1eafn, b\u00ecnh \u0111\u1ea3m b\u1ea3o s\u1eed d\u1ee5ng l\u00e2u d\u00e0i v\u00e0 ch\u1ed1ng m\u00e0i m\u00f2n h\u00e0ng ng\u00e0y, trong khi b\u1ec1 m\u1eb7t nh\u1eb5n c\u1ee7a b\u00ecnh gi\u00fap vi\u1ec7c v\u1ec7 sinh d\u1ec5 d\u00e0ng. Thi\u1ebft k\u1ebf \u0111a n\u0103ng, b\u00ecnh v\u1eeba v\u1eb7n tr\u00ean k\u1ec7 \u0111\u1ef1ng th\u1ee9c \u0103n, trong t\u1ee7 l\u1ea1nh ho\u1eb7c trong khi chu\u1ea9n b\u1ecb b\u1eefa \u0103n, mang l\u1ea1i c\u1ea3 ch\u1ee9c n\u0103ng v\u00e0 s\u1ef1 ti\u1ec7n l\u1ee3i. Cho d\u00f9 \u0111\u01b0\u1ee3c s\u1eed d\u1ee5ng \u0111\u1ec3 s\u1eafp x\u1ebfp kh\u00f4ng gian l\u01b0u tr\u1eef c\u1ee7a b\u1ea1n hay gi\u1eef th\u1ee9c \u0103n th\u1eeba lu\u00f4n t\u01b0\u01a1i ngon, b\u00ecnh n\u00e0y k\u1ebft h\u1ee3p t\u00ednh th\u1ea9m m\u1ef9 \u0111\u01a1n gi\u1ea3n v\u1edbi hi\u1ec7u su\u1ea5t \u0111\u00e1ng tin c\u1eady, bi\u1ebfn n\u00f3 th\u00e0nh m\u1ed9t c\u00f4ng c\u1ee5 thi\u1ebft y\u1ebfu \u0111\u1ec3 duy tr\u00ec m\u1ed9t nh\u00e0 b\u1ebfp hi\u1ec7u qu\u1ea3 v\u00e0 g\u1ecdn g\u00e0ng.<\/p>","protected":false},"excerpt":{"rendered":"<table style=\"border-collapse: collapse; width: 442.52pt;\" border=\"0\" width=\"885\" cellspacing=\"0\" cellpadding=\"0\">\n<tbody>\n<tr style=\"height: 21.75pt;\">\n<td class=\"et3\" style=\"height: 21.75pt; width: 92.00pt;\" width=\"184\" height=\"43\">S\u1ee9c ch\u1ee9a \u0111\u1ea7y<\/td>\n<td class=\"et3\" style=\"width: 92.00pt;\" width=\"184\">C\u00e2n n\u1eb7ng<\/td>\n<td class=\"et3\" style=\"width: 74.70pt;\" width=\"149\">Ho\u00e0n th\u00e0nh<\/td>\n<td class=\"et3\" style=\"width: 92.00pt;\" width=\"184\">\u0110\u01b0\u1eddng k\u00ednh<\/td>\n<td class=\"et3\" style=\"width: 92.00pt;\" width=\"184\">Chi\u1ec1u cao<\/td>\n<\/tr>\n<tr style=\"height: 21.75pt;\">\n<td class=\"et4\" style=\"height: 21.75pt;\" height=\"43\">792<\/td>\n<td class=\"et4\">340<\/td>\n<td class=\"et4\">GPI 20408-82<\/td>\n<td class=\"et4\">88.32<\/td>\n<td class=\"et4\">159.7<\/td>\n<\/tr>\n<\/tbody>\n<\/table>","protected":false},"featured_media":4829,"comment_status":"open","ping_status":"closed","template":"","meta":{"jetpack_publicize_message":"","jetpack_publicize_feature_enabled":true,"jetpack_social_post_already_shared":true,"jetpack_social_options":{"image_generator_settings":{"template":"highway","default_image_id":0,"font":"","enabled":false},"version":2},"_wpas_customize_per_network":false},"product_brand":[1391],"product_cat":[1375,1504],"product_tag":[1383],"class_list":{"0":"post-4828","1":"product","2":"type-product","3":"status-publish","4":"has-post-thumbnail","6":"product_brand-berlin-packaging","7":"product_cat-food-bottle-food-jar","8":"product_cat-500-1000ml-food-jar","9":"product_tag-food","11":"first","12":"outofstock","13":"shipping-taxable","14":"product-type-simple"},"exclude_global_add_ons":[],"addons":[],"jetpack_publicize_connections":[],"jetpack_sharing_enabled":true,"jetpack_likes_enabled":true,"_links":{"self":[{"href":"https:\/\/berlinpackagingapac.com\/vi\/wp-json\/wp\/v2\/product\/4828","targetHints":{"allow":["GET"]}}],"collection":[{"href":"https:\/\/berlinpackagingapac.com\/vi\/wp-json\/wp\/v2\/product"}],"about":[{"href":"https:\/\/berlinpackagingapac.com\/vi\/wp-json\/wp\/v2\/types\/product"}],"replies":[{"embeddable":true,"href":"https:\/\/berlinpackagingapac.com\/vi\/wp-json\/wp\/v2\/comments?post=4828"}],"version-history":[{"count":3,"href":"https:\/\/berlinpackagingapac.com\/vi\/wp-json\/wp\/v2\/product\/4828\/revisions"}],"predecessor-version":[{"id":4832,"href":"https:\/\/berlinpackagingapac.com\/vi\/wp-json\/wp\/v2\/product\/4828\/revisions\/4832"}],"wp:featuredmedia":[{"embeddable":true,"href":"https:\/\/berlinpackagingapac.com\/vi\/wp-json\/wp\/v2\/media\/4829"}],"wp:attachment":[{"href":"https:\/\/berlinpackagingapac.com\/vi\/wp-json\/wp\/v2\/media?parent=4828"}],"wp:term":[{"taxonomy":"product_brand","embeddable":true,"href":"https:\/\/berlinpackagingapac.com\/vi\/wp-json\/wp\/v2\/product_brand?post=4828"},{"taxonomy":"product_cat","embeddable":true,"href":"https:\/\/berlinpackagingapac.com\/vi\/wp-json\/wp\/v2\/product_cat?post=4828"},{"taxonomy":"product_tag","embeddable":true,"href":"https:\/\/berlinpackagingapac.com\/vi\/wp-json\/wp\/v2\/product_tag?post=4828"}],"curies":[{"name":"wp","href":"https:\/\/api.w.org\/{rel}","templated":true}]}}