{"id":4938,"date":"2025-06-03T10:13:29","date_gmt":"2025-06-03T02:13:29","guid":{"rendered":"https:\/\/berlinpackagingapac.com\/?post_type=product&#038;p=4938"},"modified":"2025-08-13T15:14:15","modified_gmt":"2025-08-13T07:14:15","slug":"chai-nuoc-sot-cay-210ml-bp2042","status":"publish","type":"product","link":"https:\/\/berlinpackagingapac.com\/vi\/product\/210ml-hot-sauce-bottle-bp2042\/","title":{"rendered":"Chai n\u01b0\u1edbc s\u1ed1t cay 210ml, BP2042"},"content":{"rendered":"<p>Chai n\u01b0\u1edbc s\u1ed1t cay 210ml | BP2042<br \/>\n\u0110\u01b0\u1ee3c thi\u1ebft k\u1ebf chuy\u00ean bi\u1ec7t cho n\u01b0\u1edbc s\u1ed1t cay v\u00e0 gia v\u1ecb d\u1ea1ng l\u1ecfng. K\u00edch th\u01b0\u1edbc nh\u1ecf g\u1ecdn, d\u1ec5 d\u00e0ng c\u1ea7m n\u1eafm v\u00e0 b\u1ea3o qu\u1ea3n. \u0110\u01b0\u1ee3c l\u00e0m t\u1eeb th\u1ee7y tinh trong su\u1ed1t d\u00f9ng trong th\u1ef1c ph\u1ea9m, gi\u00fap tr\u01b0ng b\u00e0y n\u01b0\u1edbc s\u1ed1t s\u1ed1ng \u0111\u1ed9ng. N\u1eafp \u0111\u1eady ch\u1ed1ng r\u00f2 r\u1ec9 gi\u00fap gi\u1eef \u0111\u1ed9 t\u01b0\u01a1i ngon. L\u00fd t\u01b0\u1edfng cho c\u00e1c nh\u00e0 l\u00e0m n\u01b0\u1edbc s\u1ed1t th\u1ee7 c\u00f4ng v\u00e0 nh\u00e0 b\u1ebfp.<\/p>","protected":false},"excerpt":{"rendered":"<table style=\"border-collapse: collapse; width: 442.52pt;\" border=\"0\" width=\"885\" cellspacing=\"0\" cellpadding=\"0\">\n<tbody>\n<tr style=\"height: 21.75pt;\">\n<td class=\"et3\" style=\"height: 21.75pt; width: 92.00pt;\" width=\"184\" height=\"43\">S\u1ee9c ch\u1ee9a \u0111\u1ea7y<\/td>\n<td class=\"et3\" style=\"width: 92.00pt;\" width=\"184\">C\u00e2n n\u1eb7ng<\/td>\n<td class=\"et3\" style=\"width: 74.70pt;\" width=\"149\">Ho\u00e0n th\u00e0nh<\/td>\n<td class=\"et3\" style=\"width: 92.00pt;\" width=\"184\">\u0110\u01b0\u1eddng k\u00ednh<\/td>\n<td class=\"et3\" style=\"width: 92.00pt;\" width=\"184\">Chi\u1ec1u cao<\/td>\n<\/tr>\n<tr style=\"height: 21.75pt;\">\n<td class=\"et4\" style=\"height: 21.75pt;\" height=\"43\">230<\/td>\n<td class=\"et4\">187<\/td>\n<td class=\"et4\">V\u1eb7n T\u1eaft<\/td>\n<td class=\"et4\">52.6<\/td>\n<td class=\"et4\">190.5<\/td>\n<\/tr>\n<\/tbody>\n<\/table>","protected":false},"featured_media":4940,"comment_status":"open","ping_status":"closed","template":"","meta":{"jetpack_publicize_message":"","jetpack_publicize_feature_enabled":true,"jetpack_social_post_already_shared":true,"jetpack_social_options":{"image_generator_settings":{"template":"highway","default_image_id":0,"font":"","enabled":false},"version":2},"_wpas_customize_per_network":false},"product_brand":[1391],"product_cat":[1375,1454],"product_tag":[1383],"class_list":{"0":"post-4938","1":"product","2":"type-product","3":"status-publish","4":"has-post-thumbnail","6":"product_brand-berlin-packaging","7":"product_cat-food-bottle-food-jar","8":"product_cat-200-300ml-food-jar","9":"product_tag-food","11":"first","12":"outofstock","13":"shipping-taxable","14":"product-type-simple"},"exclude_global_add_ons":[],"addons":[],"jetpack_publicize_connections":[],"jetpack_sharing_enabled":true,"jetpack_likes_enabled":true,"_links":{"self":[{"href":"https:\/\/berlinpackagingapac.com\/vi\/wp-json\/wp\/v2\/product\/4938","targetHints":{"allow":["GET"]}}],"collection":[{"href":"https:\/\/berlinpackagingapac.com\/vi\/wp-json\/wp\/v2\/product"}],"about":[{"href":"https:\/\/berlinpackagingapac.com\/vi\/wp-json\/wp\/v2\/types\/product"}],"replies":[{"embeddable":true,"href":"https:\/\/berlinpackagingapac.com\/vi\/wp-json\/wp\/v2\/comments?post=4938"}],"version-history":[{"count":3,"href":"https:\/\/berlinpackagingapac.com\/vi\/wp-json\/wp\/v2\/product\/4938\/revisions"}],"predecessor-version":[{"id":5757,"href":"https:\/\/berlinpackagingapac.com\/vi\/wp-json\/wp\/v2\/product\/4938\/revisions\/5757"}],"wp:featuredmedia":[{"embeddable":true,"href":"https:\/\/berlinpackagingapac.com\/vi\/wp-json\/wp\/v2\/media\/4940"}],"wp:attachment":[{"href":"https:\/\/berlinpackagingapac.com\/vi\/wp-json\/wp\/v2\/media?parent=4938"}],"wp:term":[{"taxonomy":"product_brand","embeddable":true,"href":"https:\/\/berlinpackagingapac.com\/vi\/wp-json\/wp\/v2\/product_brand?post=4938"},{"taxonomy":"product_cat","embeddable":true,"href":"https:\/\/berlinpackagingapac.com\/vi\/wp-json\/wp\/v2\/product_cat?post=4938"},{"taxonomy":"product_tag","embeddable":true,"href":"https:\/\/berlinpackagingapac.com\/vi\/wp-json\/wp\/v2\/product_tag?post=4938"}],"curies":[{"name":"wp","href":"https:\/\/api.w.org\/{rel}","templated":true}]}}