{"id":4973,"date":"2025-06-03T11:26:49","date_gmt":"2025-06-03T03:26:49","guid":{"rendered":"https:\/\/berlinpackagingapac.com\/?post_type=product&#038;p=4973"},"modified":"2025-06-03T11:26:50","modified_gmt":"2025-06-03T03:26:50","slug":"chai-dung-nuoc-sot-salad-375ml-bp-11327","status":"publish","type":"product","link":"https:\/\/berlinpackagingapac.com\/vi\/product\/375ml-salad-dressing-bottle-bp-11327\/","title":{"rendered":"Chai \u0111\u1ef1ng n\u01b0\u1edbc s\u1ed1t salad 375ml, BP 11327"},"content":{"rendered":"<p>Chai \u0111\u1ef1ng n\u01b0\u1edbc s\u1ed1t salad 375ml (BP 11327) l\u00e0 h\u1ed9p th\u1ee7y tinh ch\u1ea5t l\u01b0\u1ee3ng cao d\u00f9ng \u0111\u1ec3 \u0111\u1ef1ng n\u01b0\u1edbc s\u1ed1t t\u1ef1 l\u00e0m, d\u1ea7u \u00f4 liu ho\u1eb7c gi\u1ea5m. Thi\u1ebft k\u1ebf ti\u1ec7n d\u1ee5ng cho ph\u00e9p l\u1eafc v\u00e0 r\u00f3t d\u1ec5 d\u00e0ng, trong khi n\u1eafp \u0111\u1eady k\u00edn gi\u00fap gi\u1eef \u0111\u1ed9 t\u01b0\u01a1i ngon. Dung t\u00edch 375ml ph\u00f9 h\u1ee3p v\u1edbi nhu c\u1ea7u s\u1eed d\u1ee5ng h\u00e0ng ng\u00e0y ho\u1eb7c l\u00e0m qu\u00e0 t\u1eb7ng. Trong su\u1ed1t v\u00e0 b\u1ec1n b\u1ec9, chai ch\u1ed1ng b\u00e1m b\u1ea9n v\u00e0 c\u00f3 th\u1ec3 r\u1eeda b\u1eb1ng m\u00e1y r\u1eeda ch\u00e9n, k\u1ebft h\u1ee3p t\u00ednh ti\u1ec7n d\u1ee5ng v\u1edbi thi\u1ebft k\u1ebf \u0111\u1eb9p m\u1eaft, th\u00edch h\u1ee3p \u0111\u1ec3 s\u1eafp x\u1ebfp t\u1ee7 \u0111\u1ef1ng th\u1ee9c \u0103n ho\u1eb7c tr\u01b0ng b\u00e0y tr\u00ean b\u00e0n b\u1ebfp.<\/p>","protected":false},"excerpt":{"rendered":"<table style=\"border-collapse: collapse; width: 442.52pt;\" border=\"0\" width=\"885\" cellspacing=\"0\" cellpadding=\"0\">\n<tbody>\n<tr style=\"height: 21.75pt;\">\n<td class=\"et3\" style=\"height: 21.75pt; width: 92.00pt;\" width=\"184\" height=\"43\">S\u1ee9c ch\u1ee9a \u0111\u1ea7y<\/td>\n<td class=\"et3\" style=\"width: 92.00pt;\" width=\"184\">C\u00e2n n\u1eb7ng<\/td>\n<td class=\"et3\" style=\"width: 74.70pt;\" width=\"149\">Ho\u00e0n th\u00e0nh<\/td>\n<td class=\"et3\" style=\"width: 92.00pt;\" width=\"184\">\u0110\u01b0\u1eddng k\u00ednh<\/td>\n<td class=\"et3\" style=\"width: 92.00pt;\" width=\"184\">Chi\u1ec1u cao<\/td>\n<\/tr>\n<tr style=\"height: 21.75pt;\">\n<td class=\"et4\" style=\"height: 21.75pt;\" height=\"43\">376<\/td>\n<td class=\"et4\">225<\/td>\n<td class=\"et4\">38-405<\/td>\n<td class=\"et4\">61.7<\/td>\n<td class=\"et4\">196.4<\/td>\n<\/tr>\n<\/tbody>\n<\/table>","protected":false},"featured_media":4974,"comment_status":"open","ping_status":"closed","template":"","meta":{"jetpack_publicize_message":"","jetpack_publicize_feature_enabled":true,"jetpack_social_post_already_shared":true,"jetpack_social_options":{"image_generator_settings":{"template":"highway","default_image_id":0,"font":"","enabled":false},"version":2},"_wpas_customize_per_network":false},"product_brand":[1391],"product_cat":[1375,1455],"product_tag":[1383],"class_list":{"0":"post-4973","1":"product","2":"type-product","3":"status-publish","4":"has-post-thumbnail","6":"product_brand-berlin-packaging","7":"product_cat-food-bottle-food-jar","8":"product_cat-300-500ml-food-jar","9":"product_tag-food","11":"first","12":"outofstock","13":"shipping-taxable","14":"product-type-simple"},"exclude_global_add_ons":[],"addons":[],"jetpack_publicize_connections":[],"jetpack_sharing_enabled":true,"jetpack_likes_enabled":true,"_links":{"self":[{"href":"https:\/\/berlinpackagingapac.com\/vi\/wp-json\/wp\/v2\/product\/4973","targetHints":{"allow":["GET"]}}],"collection":[{"href":"https:\/\/berlinpackagingapac.com\/vi\/wp-json\/wp\/v2\/product"}],"about":[{"href":"https:\/\/berlinpackagingapac.com\/vi\/wp-json\/wp\/v2\/types\/product"}],"replies":[{"embeddable":true,"href":"https:\/\/berlinpackagingapac.com\/vi\/wp-json\/wp\/v2\/comments?post=4973"}],"version-history":[{"count":2,"href":"https:\/\/berlinpackagingapac.com\/vi\/wp-json\/wp\/v2\/product\/4973\/revisions"}],"predecessor-version":[{"id":4978,"href":"https:\/\/berlinpackagingapac.com\/vi\/wp-json\/wp\/v2\/product\/4973\/revisions\/4978"}],"wp:featuredmedia":[{"embeddable":true,"href":"https:\/\/berlinpackagingapac.com\/vi\/wp-json\/wp\/v2\/media\/4974"}],"wp:attachment":[{"href":"https:\/\/berlinpackagingapac.com\/vi\/wp-json\/wp\/v2\/media?parent=4973"}],"wp:term":[{"taxonomy":"product_brand","embeddable":true,"href":"https:\/\/berlinpackagingapac.com\/vi\/wp-json\/wp\/v2\/product_brand?post=4973"},{"taxonomy":"product_cat","embeddable":true,"href":"https:\/\/berlinpackagingapac.com\/vi\/wp-json\/wp\/v2\/product_cat?post=4973"},{"taxonomy":"product_tag","embeddable":true,"href":"https:\/\/berlinpackagingapac.com\/vi\/wp-json\/wp\/v2\/product_tag?post=4973"}],"curies":[{"name":"wp","href":"https:\/\/api.w.org\/{rel}","templated":true}]}}