{"id":4979,"date":"2025-06-03T11:33:31","date_gmt":"2025-06-03T03:33:31","guid":{"rendered":"https:\/\/berlinpackagingapac.com\/?post_type=product&#038;p=4979"},"modified":"2025-06-03T11:33:31","modified_gmt":"2025-06-03T03:33:31","slug":"375ml-bia-maple-bpb739","status":"publish","type":"product","link":"https:\/\/berlinpackagingapac.com\/vi\/product\/375ml-maple-bpb739\/","title":{"rendered":"375ml Maple, BPB739"},"content":{"rendered":"<p>Chai \u0111\u1ef1ng siro Maple 375ml (BPB739) n\u00e0y ch\u1ee9a siro Maple nguy\u00ean ch\u1ea5t, lo\u1ea1i A t\u1eeb nh\u1eefng c\u00e2y \u0111\u01b0\u1ee3c khai th\u00e1c b\u1ec1n v\u1eefng, v\u1edbi h\u01b0\u01a1ng v\u1ecb \u0111\u1eadm \u0111\u00e0, \u00eam d\u1ecbu v\u00e0 h\u01b0\u01a1ng caramel thoang tho\u1ea3ng. L\u00fd t\u01b0\u1edfng cho b\u00e1nh k\u1ebfp, b\u00e1nh n\u01b0\u1edbng, ho\u1eb7c l\u00e0m ch\u1ea5t t\u1ea1o ng\u1ecdt t\u1ef1 nhi\u00ean trong c\u00f4ng th\u1ee9c n\u1ea5u \u0103n. Chai th\u1ee7y tinh c\u00f3 n\u1eafp \u0111\u1eady k\u00edn \u0111\u00e1o gi\u00fap gi\u1eef \u0111\u01b0\u1ee3c \u0111\u1ed9 t\u01b0\u01a1i ngon, trong khi c\u00f4ng th\u1ee9c kh\u00f4ng bi\u1ebfn \u0111\u1ed5i gen, kh\u00f4ng ph\u1ee5 gia ph\u00f9 h\u1ee3p v\u1edbi nh\u1eefng ng\u01b0\u1eddi n\u1ed9i tr\u1ee3 v\u00e0 nh\u1eefng ng\u01b0\u1eddi \u0111am m\u00ea s\u1ee9c kh\u1ecfe. Bao b\u00ec sang tr\u1ecdng khi\u1ebfn s\u1ea3n ph\u1ea9m tr\u1edf th\u00e0nh m\u1ed9t m\u00f3n qu\u00e0 tuy\u1ec7t v\u1eddi cho nh\u1eefng ng\u01b0\u1eddi s\u00e0nh \u0103n.<\/p>","protected":false},"excerpt":{"rendered":"<table style=\"border-collapse: collapse; width: 442.52pt;\" border=\"0\" width=\"885\" cellspacing=\"0\" cellpadding=\"0\">\n<tbody>\n<tr style=\"height: 21.75pt;\">\n<td class=\"et3\" style=\"height: 21.75pt; width: 92.00pt;\" width=\"184\" height=\"43\">S\u1ee9c ch\u1ee9a \u0111\u1ea7y<\/td>\n<td class=\"et3\" style=\"width: 92.00pt;\" width=\"184\">C\u00e2n n\u1eb7ng<\/td>\n<td class=\"et3\" style=\"width: 74.70pt;\" width=\"149\">Ho\u00e0n th\u00e0nh<\/td>\n<td class=\"et3\" style=\"width: 92.00pt;\" width=\"184\">\u0110\u01b0\u1eddng k\u00ednh<\/td>\n<td class=\"et3\" style=\"width: 92.00pt;\" width=\"184\">Chi\u1ec1u cao<\/td>\n<\/tr>\n<tr style=\"height: 21.75pt;\">\n<td class=\"et4\" style=\"height: 21.75pt;\" height=\"43\">398<\/td>\n<td class=\"et4\">320<\/td>\n<td class=\"et4\">28 TE<\/td>\n<td class=\"et4\">D\u00e0i 102,4xR46<\/td>\n<td class=\"et4\">187<\/td>\n<\/tr>\n<\/tbody>\n<\/table>","protected":false},"featured_media":4981,"comment_status":"open","ping_status":"closed","template":"","meta":{"jetpack_publicize_message":"","jetpack_publicize_feature_enabled":true,"jetpack_social_post_already_shared":true,"jetpack_social_options":{"image_generator_settings":{"template":"highway","default_image_id":0,"font":"","enabled":false},"version":2},"_wpas_customize_per_network":false},"product_brand":[1391],"product_cat":[1375,1455],"product_tag":[1383],"class_list":{"0":"post-4979","1":"product","2":"type-product","3":"status-publish","4":"has-post-thumbnail","6":"product_brand-berlin-packaging","7":"product_cat-food-bottle-food-jar","8":"product_cat-300-500ml-food-jar","9":"product_tag-food","11":"first","12":"outofstock","13":"shipping-taxable","14":"product-type-simple"},"exclude_global_add_ons":[],"addons":[],"jetpack_publicize_connections":[],"jetpack_sharing_enabled":true,"jetpack_likes_enabled":true,"_links":{"self":[{"href":"https:\/\/berlinpackagingapac.com\/vi\/wp-json\/wp\/v2\/product\/4979","targetHints":{"allow":["GET"]}}],"collection":[{"href":"https:\/\/berlinpackagingapac.com\/vi\/wp-json\/wp\/v2\/product"}],"about":[{"href":"https:\/\/berlinpackagingapac.com\/vi\/wp-json\/wp\/v2\/types\/product"}],"replies":[{"embeddable":true,"href":"https:\/\/berlinpackagingapac.com\/vi\/wp-json\/wp\/v2\/comments?post=4979"}],"version-history":[{"count":2,"href":"https:\/\/berlinpackagingapac.com\/vi\/wp-json\/wp\/v2\/product\/4979\/revisions"}],"predecessor-version":[{"id":4982,"href":"https:\/\/berlinpackagingapac.com\/vi\/wp-json\/wp\/v2\/product\/4979\/revisions\/4982"}],"wp:featuredmedia":[{"embeddable":true,"href":"https:\/\/berlinpackagingapac.com\/vi\/wp-json\/wp\/v2\/media\/4981"}],"wp:attachment":[{"href":"https:\/\/berlinpackagingapac.com\/vi\/wp-json\/wp\/v2\/media?parent=4979"}],"wp:term":[{"taxonomy":"product_brand","embeddable":true,"href":"https:\/\/berlinpackagingapac.com\/vi\/wp-json\/wp\/v2\/product_brand?post=4979"},{"taxonomy":"product_cat","embeddable":true,"href":"https:\/\/berlinpackagingapac.com\/vi\/wp-json\/wp\/v2\/product_cat?post=4979"},{"taxonomy":"product_tag","embeddable":true,"href":"https:\/\/berlinpackagingapac.com\/vi\/wp-json\/wp\/v2\/product_tag?post=4979"}],"curies":[{"name":"wp","href":"https:\/\/api.w.org\/{rel}","templated":true}]}}