{"id":4988,"date":"2025-06-03T11:47:45","date_gmt":"2025-06-03T03:47:45","guid":{"rendered":"https:\/\/berlinpackagingapac.com\/?post_type=product&#038;p=4988"},"modified":"2025-10-24T14:12:51","modified_gmt":"2025-10-24T06:12:51","slug":"500ml-dorica-ag-bp21643b","status":"publish","type":"product","link":"https:\/\/berlinpackagingapac.com\/vi\/product\/500ml-dorica-ag-bp21643b\/","title":{"rendered":"C\u00f2n h\u00e0ng Chai Dorica 500ml, M\u00e0u AG, 1444 chi\u1ebfc\/pallet ng\u1eafn"},"content":{"rendered":"<p>\u0110\u00e2y l\u00e0 s\u1ea3n ph\u1ea9m c\u00f3 s\u1eb5n, c\u00f3 th\u1ec3 giao h\u00e0ng ngay. Quy c\u00e1ch \u0111\u00f3ng g\u00f3i: 1.444 chi\u1ebfc\/pallet ng\u1eafn. Gi\u00e1 FOB Th\u00e2m Quy\u1ebfn l\u00e0 1.444 USD\/chi\u1ebfc. Vui l\u00f2ng li\u00ean h\u1ec7 v\u1edbi ch\u00fang t\u00f4i \u0111\u1ec3 bi\u1ebft th\u00eam th\u00f4ng tin v\u1ec1 gi\u00e1 b\u00e1n bu\u00f4n.<\/p>\n<p data-start=\"68\" data-end=\"281\">Nh\u1eefng chai Dorica 500ml n\u00e0y \u0111\u01b0\u1ee3c thi\u1ebft k\u1ebf \u0111\u1ec3 l\u01b0u tr\u1eef tuy\u1ec7t v\u1eddi c\u00e1c lo\u1ea1i d\u1ea7u, n\u01b0\u1edbc s\u1ed1t v\u00e0 \u0111\u1ed3 u\u1ed1ng. V\u1edbi dung t\u00edch 513ml, nh\u1eefng chai n\u00e0y ho\u00e0n h\u1ea3o cho nhi\u1ec1u m\u1ee5c \u0111\u00edch s\u1eed d\u1ee5ng kh\u00e1c nhau trong ng\u00e0nh th\u1ef1c ph\u1ea9m v\u00e0 \u0111\u1ed3 u\u1ed1ng.<\/p>\n<ul data-start=\"283\" data-end=\"445\">\n<li data-start=\"283\" data-end=\"330\">\n<p data-start=\"285\" data-end=\"330\"><strong data-start=\"285\" data-end=\"297\">Dung t\u00edch<\/strong>: 500ml (Dung t\u00edch \u0111\u1ea7y: 513ml)<\/p>\n<\/li>\n<li data-start=\"331\" data-end=\"349\">\n<p data-start=\"333\" data-end=\"349\"><strong data-start=\"333\" data-end=\"343\">C\u00e2n n\u1eb7ng<\/strong>: 373g<\/p>\n<\/li>\n<li data-start=\"350\" data-end=\"378\">\n<p data-start=\"352\" data-end=\"378\"><strong data-start=\"352\" data-end=\"362\">Ho\u00e0n th\u00e0nh<\/strong>: GPI 30.15-1680<\/p>\n<\/li>\n<li data-start=\"379\" data-end=\"445\">\n<p data-start=\"381\" data-end=\"445\"><strong data-start=\"381\" data-end=\"395\">K\u00edch th\u01b0\u1edbc<\/strong>: \u0110\u01b0\u1eddng k\u00ednh: 60mm, Chi\u1ec1u cao: 278,15mm<\/p>\n<\/li>\n<\/ul>\n<p data-start=\"447\" data-end=\"622\">Nh\u1eefng chi\u1ebfc b\u00ecnh n\u00e0y c\u00f3 k\u1ebft c\u1ea5u ch\u1eafc ch\u1eafn v\u1edbi \u0111\u1ed9 ho\u00e0n thi\u1ec7n ch\u00ednh x\u00e1c, \u0111\u1ea3m b\u1ea3o c\u1ea3 t\u00ednh n\u0103ng s\u1eed d\u1ee5ng l\u1eabn t\u00ednh th\u1ea9m m\u1ef9. \u0110\u1ec3 bi\u1ebft th\u00eam chi ti\u1ebft ho\u1eb7c \u0111\u1eb7t h\u00e0ng, vui l\u00f2ng li\u00ean h\u1ec7 v\u1edbi ch\u00fang t\u00f4i.<\/p>","protected":false},"excerpt":{"rendered":"<table style=\"border-collapse: collapse; width: 442.52pt;\" border=\"0\" width=\"885\" cellspacing=\"0\" cellpadding=\"0\">\n<tbody>\n<tr style=\"height: 21.75pt;\">\n<td class=\"et3\" style=\"height: 21.75pt; width: 92.00pt;\" width=\"184\" height=\"43\">S\u1ee9c ch\u1ee9a \u0111\u1ea7y<\/td>\n<td class=\"et3\" style=\"width: 92.00pt;\" width=\"184\">C\u00e2n n\u1eb7ng<\/td>\n<td class=\"et3\" style=\"width: 74.70pt;\" width=\"149\">Ho\u00e0n th\u00e0nh<\/td>\n<td class=\"et3\" style=\"width: 92.00pt;\" width=\"184\">\u0110\u01b0\u1eddng k\u00ednh<\/td>\n<td class=\"et3\" style=\"width: 92.00pt;\" width=\"184\">Chi\u1ec1u cao<\/td>\n<\/tr>\n<tr style=\"height: 21.75pt;\">\n<td class=\"et4\" style=\"height: 21.75pt;\" height=\"43\">513<\/td>\n<td class=\"et4\">375<\/td>\n<td class=\"et4\">GPI 30.15-1680<\/td>\n<td class=\"et4\">60<\/td>\n<td class=\"et4\">278.15<\/td>\n<\/tr>\n<\/tbody>\n<\/table>\n<p>&nbsp;<\/p>\n<p>\u0110\u1ec3 bi\u1ebft th\u00eam th\u00f4ng tin v\u1ec1 b\u00e1n bu\u00f4n, vui l\u00f2ng li\u00ean h\u1ec7 v\u1edbi ch\u00fang t\u00f4i.<\/p>","protected":false},"featured_media":5816,"comment_status":"open","ping_status":"closed","template":"","meta":{"jetpack_publicize_message":"","jetpack_publicize_feature_enabled":true,"jetpack_social_post_already_shared":true,"jetpack_social_options":{"image_generator_settings":{"template":"highway","default_image_id":0,"font":"","enabled":false},"version":2},"_wpas_customize_per_network":false},"product_brand":[1391],"product_cat":[1481,1455,1375,1537,1532],"product_tag":[1383,1475],"class_list":{"0":"post-4988","1":"product","2":"type-product","3":"status-publish","4":"has-post-thumbnail","6":"product_brand-berlin-packaging","7":"product_cat-olive-oil","8":"product_cat-300-500ml-food-jar","9":"product_cat-food-bottle-food-jar","10":"product_cat-glass","11":"product_cat-in-stock","12":"product_tag-food","13":"product_tag-olive-oil","15":"first","16":"instock","17":"shipping-taxable","18":"purchasable","19":"product-type-simple"},"exclude_global_add_ons":[],"addons":[],"jetpack_publicize_connections":[],"jetpack_sharing_enabled":true,"jetpack_likes_enabled":true,"_links":{"self":[{"href":"https:\/\/berlinpackagingapac.com\/vi\/wp-json\/wp\/v2\/product\/4988","targetHints":{"allow":["GET"]}}],"collection":[{"href":"https:\/\/berlinpackagingapac.com\/vi\/wp-json\/wp\/v2\/product"}],"about":[{"href":"https:\/\/berlinpackagingapac.com\/vi\/wp-json\/wp\/v2\/types\/product"}],"replies":[{"embeddable":true,"href":"https:\/\/berlinpackagingapac.com\/vi\/wp-json\/wp\/v2\/comments?post=4988"}],"version-history":[{"count":12,"href":"https:\/\/berlinpackagingapac.com\/vi\/wp-json\/wp\/v2\/product\/4988\/revisions"}],"predecessor-version":[{"id":8612,"href":"https:\/\/berlinpackagingapac.com\/vi\/wp-json\/wp\/v2\/product\/4988\/revisions\/8612"}],"wp:featuredmedia":[{"embeddable":true,"href":"https:\/\/berlinpackagingapac.com\/vi\/wp-json\/wp\/v2\/media\/5816"}],"wp:attachment":[{"href":"https:\/\/berlinpackagingapac.com\/vi\/wp-json\/wp\/v2\/media?parent=4988"}],"wp:term":[{"taxonomy":"product_brand","embeddable":true,"href":"https:\/\/berlinpackagingapac.com\/vi\/wp-json\/wp\/v2\/product_brand?post=4988"},{"taxonomy":"product_cat","embeddable":true,"href":"https:\/\/berlinpackagingapac.com\/vi\/wp-json\/wp\/v2\/product_cat?post=4988"},{"taxonomy":"product_tag","embeddable":true,"href":"https:\/\/berlinpackagingapac.com\/vi\/wp-json\/wp\/v2\/product_tag?post=4988"}],"curies":[{"name":"wp","href":"https:\/\/api.w.org\/{rel}","templated":true}]}}