{"id":5113,"date":"2025-06-04T09:29:01","date_gmt":"2025-06-04T01:29:01","guid":{"rendered":"https:\/\/berlinpackagingapac.com\/?post_type=product&#038;p=5113"},"modified":"2025-07-16T10:28:29","modified_gmt":"2025-07-16T02:28:29","slug":"chai-nuoc-ep-390ml-bpd-862","status":"publish","type":"product","link":"https:\/\/berlinpackagingapac.com\/vi\/product\/390ml-juice-bottle-bpd-862\/","title":{"rendered":"Chai n\u01b0\u1edbc \u00e9p 390ml, BPD-862"},"content":{"rendered":"<p>Chai n\u01b0\u1edbc \u00e9p 390ml | BPD-862<br \/>\nL\u00fd t\u01b0\u1edfng cho n\u01b0\u1edbc \u00e9p t\u01b0\u01a1i, \u0111\u1ed3 u\u1ed1ng \u00e9p l\u1ea1nh v\u00e0 \u0111\u1ed3 u\u1ed1ng ch\u1ee9c n\u0103ng. \u0110\u01b0\u1ee3c ch\u1ebf t\u00e1c t\u1eeb th\u1ee7y tinh trong su\u1ed1t, \u0111\u1ea1t ti\u00eau chu\u1ea9n th\u1ef1c ph\u1ea9m, gi\u00fap tr\u01b0ng b\u00e0y m\u00e0u s\u1eafc v\u00e0 th\u00e0nh ph\u1ea7n b\u00ean trong s\u1ed1ng \u0111\u1ed9ng. Thi\u1ebft k\u1ebf thon g\u1ecdn, d\u1ec5 c\u1ea7m n\u1eafm v\u00e0 t\u01b0\u01a1ng th\u00edch v\u1edbi n\u1eafp \u0111\u1eady k\u00edn kh\u00ed. Ph\u00f9 h\u1ee3p cho c\u00e1c th\u01b0\u01a1ng hi\u1ec7u \u0111\u1ed3 u\u1ed1ng \u0111\u00f3ng chai th\u01b0\u01a1ng m\u1ea1i v\u00e0 th\u1ee7 c\u00f4ng.<\/p>","protected":false},"excerpt":{"rendered":"<table style=\"border-collapse: collapse; width: 442.52pt;\" border=\"0\" width=\"885\" cellspacing=\"0\" cellpadding=\"0\">\n<tbody>\n<tr style=\"height: 21.75pt;\">\n<td class=\"et3\" style=\"height: 21.75pt; width: 92.00pt;\" width=\"184\" height=\"43\">S\u1ee9c ch\u1ee9a \u0111\u1ea7y<\/td>\n<td class=\"et3\" style=\"width: 92.00pt;\" width=\"184\">C\u00e2n n\u1eb7ng<\/td>\n<td class=\"et3\" style=\"width: 74.70pt;\" width=\"149\">Ho\u00e0n th\u00e0nh<\/td>\n<td class=\"et3\" style=\"width: 92.00pt;\" width=\"184\">\u0110\u01b0\u1eddng k\u00ednh<\/td>\n<td class=\"et3\" style=\"width: 92.00pt;\" width=\"184\">Chi\u1ec1u cao<\/td>\n<\/tr>\n<tr style=\"height: 21.75pt;\">\n<td class=\"et4\" style=\"height: 21.75pt;\" height=\"43\">410<\/td>\n<td class=\"et4\">225<\/td>\n<td class=\"et4\">GPI 2000-38<\/td>\n<td class=\"et4\">65<\/td>\n<td class=\"et4\">180<\/td>\n<\/tr>\n<\/tbody>\n<\/table>","protected":false},"featured_media":5114,"comment_status":"open","ping_status":"closed","template":"","meta":{"jetpack_publicize_message":"","jetpack_publicize_feature_enabled":true,"jetpack_social_post_already_shared":true,"jetpack_social_options":{"image_generator_settings":{"template":"highway","default_image_id":0,"font":"","enabled":false},"version":2},"_wpas_customize_per_network":false},"product_brand":[1391],"product_cat":[1376,1437,1537],"product_tag":[1384],"class_list":{"0":"post-5113","1":"product","2":"type-product","3":"status-publish","4":"has-post-thumbnail","6":"product_brand-berlin-packaging","7":"product_cat-beverage","8":"product_cat-330-500ml-beverage","9":"product_cat-glass","10":"product_tag-beverage","12":"first","13":"outofstock","14":"shipping-taxable","15":"product-type-simple"},"exclude_global_add_ons":[],"addons":[],"jetpack_publicize_connections":[],"jetpack_sharing_enabled":true,"jetpack_likes_enabled":true,"_links":{"self":[{"href":"https:\/\/berlinpackagingapac.com\/vi\/wp-json\/wp\/v2\/product\/5113","targetHints":{"allow":["GET"]}}],"collection":[{"href":"https:\/\/berlinpackagingapac.com\/vi\/wp-json\/wp\/v2\/product"}],"about":[{"href":"https:\/\/berlinpackagingapac.com\/vi\/wp-json\/wp\/v2\/types\/product"}],"replies":[{"embeddable":true,"href":"https:\/\/berlinpackagingapac.com\/vi\/wp-json\/wp\/v2\/comments?post=5113"}],"version-history":[{"count":4,"href":"https:\/\/berlinpackagingapac.com\/vi\/wp-json\/wp\/v2\/product\/5113\/revisions"}],"predecessor-version":[{"id":5118,"href":"https:\/\/berlinpackagingapac.com\/vi\/wp-json\/wp\/v2\/product\/5113\/revisions\/5118"}],"wp:featuredmedia":[{"embeddable":true,"href":"https:\/\/berlinpackagingapac.com\/vi\/wp-json\/wp\/v2\/media\/5114"}],"wp:attachment":[{"href":"https:\/\/berlinpackagingapac.com\/vi\/wp-json\/wp\/v2\/media?parent=5113"}],"wp:term":[{"taxonomy":"product_brand","embeddable":true,"href":"https:\/\/berlinpackagingapac.com\/vi\/wp-json\/wp\/v2\/product_brand?post=5113"},{"taxonomy":"product_cat","embeddable":true,"href":"https:\/\/berlinpackagingapac.com\/vi\/wp-json\/wp\/v2\/product_cat?post=5113"},{"taxonomy":"product_tag","embeddable":true,"href":"https:\/\/berlinpackagingapac.com\/vi\/wp-json\/wp\/v2\/product_tag?post=5113"}],"curies":[{"name":"wp","href":"https:\/\/api.w.org\/{rel}","templated":true}]}}