{"id":5160,"date":"2025-06-04T10:28:09","date_gmt":"2025-06-04T02:28:09","guid":{"rendered":"https:\/\/berlinpackagingapac.com\/?post_type=product&#038;p=5160"},"modified":"2026-04-22T10:38:23","modified_gmt":"2026-04-22T02:38:23","slug":"chai-nuoc-giai-khat-1-lit-bpd-612","status":"publish","type":"product","link":"https:\/\/berlinpackagingapac.com\/vi\/product\/1l-beverage-bottle-bpd-612\/","title":{"rendered":"Chai \u0111\u1ef1ng n\u01b0\u1edbc gi\u1ea3i kh\u00e1t 1L, BPD-612"},"content":{"rendered":"<p>B\u00ecnh \u0111\u1ef1ng n\u01b0\u1edbc gi\u1ea3i kh\u00e1t 1L (BPD-612) l\u00e0 b\u00ecnh th\u1ee7y tinh cao c\u1ea5p d\u00f9ng \u0111\u1ec3 \u0111\u1ef1ng n\u01b0\u1edbc \u00e9p, n\u01b0\u1edbc ng\u1ecdt ho\u1eb7c \u0111\u1ed3 u\u1ed1ng c\u00f3 ngu\u1ed3n g\u1ed1c th\u1ef1c v\u1eadt. Dung t\u00edch 1L ph\u00f9 h\u1ee3p cho vi\u1ec7c pha ch\u1ebf theo m\u1ebb, s\u1eed d\u1ee5ng t\u1ea1i gia \u0111\u00ecnh ho\u1eb7c b\u1ea3o qu\u1ea3n t\u1ea1i qu\u00e1n c\u00e0 ph\u00ea, gi\u00fap gi\u1ea3m thi\u1ec3u r\u00e1c th\u1ea3i nh\u1ef1a. Th\u1ee7y tinh d\u00e0y, trong su\u1ed1t \u0111\u1ea3m b\u1ea3o h\u01b0\u01a1ng v\u1ecb tinh khi\u1ebft v\u00e0 kh\u1ea3 n\u0103ng quan s\u00e1t, tr\u00e1nh r\u00f2 r\u1ec9. Kh\u00f4ng ch\u1ee9a BPA, c\u00f3 th\u1ec3 t\u00e1i s\u1eed d\u1ee5ng v\u00e0 an to\u00e0n v\u1edbi m\u00e1y r\u1eeda ch\u00e9n, s\u1ea3n ph\u1ea9m h\u01b0\u1edbng \u0111\u1ebfn s\u1ef1 b\u1ec1n v\u1eefng. Thi\u1ebft k\u1ebf h\u00ecnh tr\u1ee5 c\u1ed5 \u0111i\u1ec3n mang l\u1ea1i kh\u1ea3 n\u0103ng c\u1ea7m n\u1eafm ti\u1ec7n d\u1ee5ng, l\u00fd t\u01b0\u1edfng cho tr\u00e0 kombucha t\u1ef1 l\u00e0m, n\u01b0\u1edbc \u00e9p t\u01b0\u01a1i ho\u1eb7c n\u01b0\u1edbc kho\u00e1ng c\u00f3 ga \u2014 k\u1ebft h\u1ee3p gi\u1eefa t\u00ednh ti\u1ec7n d\u1ee5ng v\u00e0 th\u00e2n thi\u1ec7n v\u1edbi m\u00f4i tr\u01b0\u1eddng.<\/p>","protected":false},"excerpt":{"rendered":"<table style=\"border-collapse: collapse; width: 442.52pt;\" border=\"0\" width=\"885\" cellspacing=\"0\" cellpadding=\"0\">\n<tbody>\n<tr style=\"height: 21.75pt;\">\n<td class=\"et3\" style=\"height: 21.75pt; width: 92.00pt;\" width=\"184\" height=\"43\">S\u1ee9c ch\u1ee9a \u0111\u1ea7y<\/td>\n<td class=\"et3\" style=\"width: 92.00pt;\" width=\"184\">C\u00e2n n\u1eb7ng<\/td>\n<td class=\"et3\" style=\"width: 74.70pt;\" width=\"149\">Ho\u00e0n th\u00e0nh<\/td>\n<td class=\"et3\" style=\"width: 92.00pt;\" width=\"184\">\u0110\u01b0\u1eddng k\u00ednh<\/td>\n<td class=\"et3\" style=\"width: 92.00pt;\" width=\"184\">Chi\u1ec1u cao<\/td>\n<\/tr>\n<tr style=\"height: 23.00pt;\">\n<td class=\"et4\" style=\"height: 23.00pt;\" height=\"46\">1057<\/td>\n<td class=\"et4\">450<\/td>\n<td class=\"et4\">GPI 38-2000<\/td>\n<td class=\"et4\">85.1<\/td>\n<td class=\"et4\">259<\/td>\n<\/tr>\n<\/tbody>\n<\/table>","protected":false},"featured_media":8907,"comment_status":"open","ping_status":"closed","template":"","meta":{"jetpack_publicize_message":"","jetpack_publicize_feature_enabled":true,"jetpack_social_post_already_shared":true,"jetpack_social_options":{"image_generator_settings":{"template":"highway","default_image_id":0,"font":"","enabled":false},"version":2},"_wpas_customize_per_network":false},"product_brand":[1391],"product_cat":[1376,1537,1440],"product_tag":[1384],"class_list":{"0":"post-5160","1":"product","2":"type-product","3":"status-publish","4":"has-post-thumbnail","6":"product_brand-berlin-packaging","7":"product_cat-beverage","8":"product_cat-glass","9":"product_cat-others-beverage","10":"product_tag-beverage","12":"first","13":"outofstock","14":"shipping-taxable","15":"product-type-simple"},"exclude_global_add_ons":[],"addons":[],"jetpack_publicize_connections":[],"jetpack_sharing_enabled":true,"jetpack_likes_enabled":true,"_links":{"self":[{"href":"https:\/\/berlinpackagingapac.com\/vi\/wp-json\/wp\/v2\/product\/5160","targetHints":{"allow":["GET"]}}],"collection":[{"href":"https:\/\/berlinpackagingapac.com\/vi\/wp-json\/wp\/v2\/product"}],"about":[{"href":"https:\/\/berlinpackagingapac.com\/vi\/wp-json\/wp\/v2\/types\/product"}],"replies":[{"embeddable":true,"href":"https:\/\/berlinpackagingapac.com\/vi\/wp-json\/wp\/v2\/comments?post=5160"}],"version-history":[{"count":4,"href":"https:\/\/berlinpackagingapac.com\/vi\/wp-json\/wp\/v2\/product\/5160\/revisions"}],"predecessor-version":[{"id":8914,"href":"https:\/\/berlinpackagingapac.com\/vi\/wp-json\/wp\/v2\/product\/5160\/revisions\/8914"}],"wp:featuredmedia":[{"embeddable":true,"href":"https:\/\/berlinpackagingapac.com\/vi\/wp-json\/wp\/v2\/media\/8907"}],"wp:attachment":[{"href":"https:\/\/berlinpackagingapac.com\/vi\/wp-json\/wp\/v2\/media?parent=5160"}],"wp:term":[{"taxonomy":"product_brand","embeddable":true,"href":"https:\/\/berlinpackagingapac.com\/vi\/wp-json\/wp\/v2\/product_brand?post=5160"},{"taxonomy":"product_cat","embeddable":true,"href":"https:\/\/berlinpackagingapac.com\/vi\/wp-json\/wp\/v2\/product_cat?post=5160"},{"taxonomy":"product_tag","embeddable":true,"href":"https:\/\/berlinpackagingapac.com\/vi\/wp-json\/wp\/v2\/product_tag?post=5160"}],"curies":[{"name":"wp","href":"https:\/\/api.w.org\/{rel}","templated":true}]}}