{"id":5627,"date":"2025-06-09T10:09:57","date_gmt":"2025-06-09T02:09:57","guid":{"rendered":"https:\/\/berlinpackagingapac.com\/?post_type=product&#038;p=5627"},"modified":"2025-08-20T15:25:12","modified_gmt":"2025-08-20T07:25:12","slug":"chai-ruou-vang-sui-750ml-bpb430-ii","status":"publish","type":"product","link":"https:\/\/berlinpackagingapac.com\/vi\/product\/750ml-sparkling-wine-bottle-bpb430-ii\/","title":{"rendered":"Chai r\u01b0\u1ee3u vang s\u1ee7i b\u1ecdt 750ml, BPB430-II"},"content":{"rendered":"<p>Chai r\u01b0\u1ee3u vang s\u1ee7i b\u1ecdt 750ml (BPB430-II) n\u00e0y gi\u00fap n\u00e2ng t\u1ea7m r\u01b0\u1ee3u vang s\u1ee7i b\u1ecdt v\u00e0 s\u00e2m panh v\u1edbi ch\u1ea5t li\u1ec7u th\u1ee7y tinh cao c\u1ea5p, b\u1ec1n b\u1ec9. Thi\u1ebft k\u1ebf tinh t\u1ebf, v\u01b0\u1ee3t th\u1eddi gian c\u1ee7a chai ph\u00f9 h\u1ee3p cho c\u1ea3 ti\u1ec7c t\u00f9ng v\u00e0 s\u1eed d\u1ee5ng h\u00e0ng ng\u00e0y, v\u1edbi dung t\u00edch ti\u00eau chu\u1ea9n 750ml, ph\u00f9 h\u1ee3p cho nh\u00e0 m\u00e1y r\u01b0\u1ee3u vang, nh\u00e0 h\u00e0ng ho\u1eb7c gia \u0111\u00ecnh. B\u1ec1 m\u1eb7t nh\u1eb5n m\u1ecbn v\u00e0 c\u1ea5u tr\u00fac ch\u1eafc ch\u1eafn \u0111\u1ea3m b\u1ea3o tr\u00ecnh b\u00e0y tinh t\u1ebf v\u00e0 l\u01b0u tr\u1eef \u0111\u00e1ng tin c\u1eady, bi\u1ebfn chai th\u00e0nh l\u1ef1a ch\u1ecdn \u0111a n\u0103ng \u0111\u1ec3 tr\u01b0ng b\u00e0y \u0111\u1ed3 u\u1ed1ng cao c\u1ea5p.<\/p>","protected":false},"excerpt":{"rendered":"<table width=\"591\">\n<tbody>\n<tr>\n<td width=\"123\">S\u1ee9c ch\u1ee9a \u0111\u1ea7y<\/td>\n<td width=\"123\">C\u00e2n n\u1eb7ng<\/td>\n<td width=\"99\">Ho\u00e0n th\u00e0nh<\/td>\n<td width=\"123\">\u0110\u01b0\u1eddng k\u00ednh<\/td>\n<td width=\"123\">Chi\u1ec1u cao<\/td>\n<\/tr>\n<tr>\n<td>755<\/td>\n<td>600<\/td>\n<td>n\u00fat chai<\/td>\n<td>91<\/td>\n<td>293.5<\/td>\n<\/tr>\n<\/tbody>\n<\/table>","protected":false},"featured_media":5631,"comment_status":"open","ping_status":"closed","template":"","meta":{"jetpack_publicize_message":"","jetpack_publicize_feature_enabled":true,"jetpack_social_post_already_shared":true,"jetpack_social_options":{"image_generator_settings":{"template":"highway","default_image_id":0,"font":"","enabled":false},"version":2},"_wpas_customize_per_network":false},"product_brand":[1391],"product_cat":[1381,1458,1537],"product_tag":[1482],"class_list":{"0":"post-5627","1":"product","2":"type-product","3":"status-publish","4":"has-post-thumbnail","6":"product_brand-berlin-packaging","7":"product_cat-wine-bottles","8":"product_cat-750ml-wine","9":"product_cat-glass","10":"product_tag-wine","12":"first","13":"outofstock","14":"shipping-taxable","15":"product-type-simple"},"exclude_global_add_ons":[],"addons":[],"jetpack_publicize_connections":[],"jetpack_sharing_enabled":true,"jetpack_likes_enabled":true,"_links":{"self":[{"href":"https:\/\/berlinpackagingapac.com\/vi\/wp-json\/wp\/v2\/product\/5627","targetHints":{"allow":["GET"]}}],"collection":[{"href":"https:\/\/berlinpackagingapac.com\/vi\/wp-json\/wp\/v2\/product"}],"about":[{"href":"https:\/\/berlinpackagingapac.com\/vi\/wp-json\/wp\/v2\/types\/product"}],"replies":[{"embeddable":true,"href":"https:\/\/berlinpackagingapac.com\/vi\/wp-json\/wp\/v2\/comments?post=5627"}],"version-history":[{"count":3,"href":"https:\/\/berlinpackagingapac.com\/vi\/wp-json\/wp\/v2\/product\/5627\/revisions"}],"predecessor-version":[{"id":5632,"href":"https:\/\/berlinpackagingapac.com\/vi\/wp-json\/wp\/v2\/product\/5627\/revisions\/5632"}],"wp:featuredmedia":[{"embeddable":true,"href":"https:\/\/berlinpackagingapac.com\/vi\/wp-json\/wp\/v2\/media\/5631"}],"wp:attachment":[{"href":"https:\/\/berlinpackagingapac.com\/vi\/wp-json\/wp\/v2\/media?parent=5627"}],"wp:term":[{"taxonomy":"product_brand","embeddable":true,"href":"https:\/\/berlinpackagingapac.com\/vi\/wp-json\/wp\/v2\/product_brand?post=5627"},{"taxonomy":"product_cat","embeddable":true,"href":"https:\/\/berlinpackagingapac.com\/vi\/wp-json\/wp\/v2\/product_cat?post=5627"},{"taxonomy":"product_tag","embeddable":true,"href":"https:\/\/berlinpackagingapac.com\/vi\/wp-json\/wp\/v2\/product_tag?post=5627"}],"curies":[{"name":"wp","href":"https:\/\/api.w.org\/{rel}","templated":true}]}}