{"id":5956,"date":"2025-06-23T12:16:18","date_gmt":"2025-06-23T04:16:18","guid":{"rendered":"https:\/\/berlinpackagingapac.com\/?post_type=product&#038;p=5956"},"modified":"2025-06-23T12:16:19","modified_gmt":"2025-06-23T04:16:19","slug":"binh-xit-dang-vom-co-coc-gan-nhieu-mau-tuy-chon","status":"publish","type":"product","link":"https:\/\/berlinpackagingapac.com\/vi\/product\/aerosol-can-dome-with-mounting-cup-multicolor-options\/","title":{"rendered":"B\u00ecnh x\u1ecbt d\u1ea1ng v\u00f2m c\u00f3 c\u1ed1c g\u1eafn, nhi\u1ec1u m\u00e0u t\u00f9y ch\u1ecdn"},"content":{"rendered":"<p>V\u00f2m phun ch\u1ea5t l\u01b0\u1ee3ng cao d\u00e0nh cho b\u00ecnh x\u1ecbt nh\u00f4m v\u00e0 thi\u1ebfc. T\u01b0\u01a1ng th\u00edch v\u1edbi van phun ti\u00eau chu\u1ea9n. C\u00f3 nhi\u1ec1u m\u00e0u s\u1eafc v\u00e0 l\u1edbp ho\u00e0n thi\u1ec7n cho c\u00e1c s\u1ea3n ph\u1ea9m phun m\u1ef9 ph\u1ea9m, gia d\u1ee5ng v\u00e0 c\u00f4ng nghi\u1ec7p.<\/p>","protected":false},"excerpt":{"rendered":"<p><strong>T\u1ed5ng quan v\u1ec1 s\u1ea3n ph\u1ea9m<\/strong><br \/>\nB\u00ecnh x\u1ecbt d\u1ea1ng v\u00f2m n\u00e0y c\u00f3 c\u1ed1c g\u1eafn \u0111\u01b0\u1ee3c thi\u1ebft k\u1ebf \u0111\u1ec3 t\u01b0\u01a1ng th\u00edch v\u1edbi van x\u1ecbt ti\u00eau chu\u1ea9n 1 inch. N\u00f3 \u0111\u1ea3m b\u1ea3o \u0111\u1ed9 u\u1ed1n cong ch\u1eafc ch\u1eafn, \u0111\u1ed9 k\u00edn t\u1ed1i \u01b0u v\u00e0 c\u1ed1 \u0111\u1ecbnh van \u1ed5n \u0111\u1ecbnh, khi\u1ebfn n\u00f3 tr\u1edf th\u00e0nh m\u1ed9t th\u00e0nh ph\u1ea7n \u0111\u00e1ng tin c\u1eady cho nhi\u1ec1u s\u1ea3n ph\u1ea9m phun \u00e1p su\u1ea5t kh\u00e1c nhau.<\/p>\n<p><strong>C\u00e1c t\u00ednh n\u0103ng ch\u00ednh<\/strong><br \/>\nCh\u1ea5t li\u1ec7u: Thi\u1ebfc \/ Nh\u00f4m \/ Nh\u1ef1a (thay \u0111\u1ed5i t\u00f9y theo m\u1eabu)<br \/>\nM\u1edf van: l\u1ed7 van ti\u00eau chu\u1ea9n<br \/>\nV\u00f2ng l\u1eafp: \u0110\u01b0\u1ee3c u\u1ed1n cong b\u1eb1ng v\u00f2ng kim lo\u1ea1i, ni\u00eam phong ch\u1eafc ch\u1eafn<br \/>\nT\u00f9y ch\u1ecdn b\u1ec1 m\u1eb7t: \u0110\u00e1nh b\u00f3ng, b\u00f3ng ho\u1eb7c ph\u1ee7 m\u00e0u<br \/>\nT\u00f9y ch\u1ecdn m\u00e0u s\u1eafc: B\u1ea1c, tr\u1eafng, \u0111en, \u0111\u1ecf, xanh (c\u00f3 s\u1eb5n m\u00e0u t\u00f9y ch\u1ec9nh)<br \/>\nC\u00f3 th\u1ec3 in \u1ea5n: C\u00f3 (th\u01b0\u01a1ng hi\u1ec7u t\u00f9y ch\u1ec9nh)<\/p>\n<p><strong>\u1ee8ng d\u1ee5ng:<\/strong><br \/>\n<strong>Ch\u0103m s\u00f3c c\u00e1 nh\u00e2n (v\u00ed d\u1ee5, x\u1ecbt t\u1ea1o ki\u1ec3u t\u00f3c)<\/strong><br \/>\n<strong>B\u00ecnh x\u1ecbt \u00f4 t\u00f4<\/strong><br \/>\n<strong>Ch\u0103m s\u00f3c kh\u00f4ng kh\u00ed v\u00e0 b\u00ecnh x\u1ecbt gia d\u1ee5ng<\/strong><br \/>\n<strong>Bao b\u00ec kh\u00ed k\u1ef9 thu\u1eadt (v\u00ed d\u1ee5: butan)<\/strong><\/p>","protected":false},"featured_media":5958,"comment_status":"open","ping_status":"closed","template":"","meta":{"jetpack_publicize_message":"","jetpack_publicize_feature_enabled":true,"jetpack_social_post_already_shared":true,"jetpack_social_options":{"image_generator_settings":{"template":"highway","default_image_id":0,"font":"","enabled":false},"version":2},"_wpas_customize_per_network":false},"product_brand":[1391],"product_cat":[1539,1540,1377,1379,1380],"product_tag":[1541],"class_list":{"0":"post-5956","1":"product","2":"type-product","3":"status-publish","4":"has-post-thumbnail","6":"product_brand-berlin-packaging","7":"product_cat-metal","8":"product_cat-aluminum-aerosol-can","9":"product_cat-cosmetics-personal-care","10":"product_cat-home-cleaning","11":"product_cat-industrial-chemical-packaging","12":"product_tag-aluminum-aerosol-can","14":"first","15":"outofstock","16":"shipping-taxable","17":"product-type-simple"},"exclude_global_add_ons":[],"addons":[],"jetpack_publicize_connections":[],"jetpack_sharing_enabled":true,"jetpack_likes_enabled":true,"_links":{"self":[{"href":"https:\/\/berlinpackagingapac.com\/vi\/wp-json\/wp\/v2\/product\/5956","targetHints":{"allow":["GET"]}}],"collection":[{"href":"https:\/\/berlinpackagingapac.com\/vi\/wp-json\/wp\/v2\/product"}],"about":[{"href":"https:\/\/berlinpackagingapac.com\/vi\/wp-json\/wp\/v2\/types\/product"}],"replies":[{"embeddable":true,"href":"https:\/\/berlinpackagingapac.com\/vi\/wp-json\/wp\/v2\/comments?post=5956"}],"version-history":[{"count":2,"href":"https:\/\/berlinpackagingapac.com\/vi\/wp-json\/wp\/v2\/product\/5956\/revisions"}],"predecessor-version":[{"id":5962,"href":"https:\/\/berlinpackagingapac.com\/vi\/wp-json\/wp\/v2\/product\/5956\/revisions\/5962"}],"wp:featuredmedia":[{"embeddable":true,"href":"https:\/\/berlinpackagingapac.com\/vi\/wp-json\/wp\/v2\/media\/5958"}],"wp:attachment":[{"href":"https:\/\/berlinpackagingapac.com\/vi\/wp-json\/wp\/v2\/media?parent=5956"}],"wp:term":[{"taxonomy":"product_brand","embeddable":true,"href":"https:\/\/berlinpackagingapac.com\/vi\/wp-json\/wp\/v2\/product_brand?post=5956"},{"taxonomy":"product_cat","embeddable":true,"href":"https:\/\/berlinpackagingapac.com\/vi\/wp-json\/wp\/v2\/product_cat?post=5956"},{"taxonomy":"product_tag","embeddable":true,"href":"https:\/\/berlinpackagingapac.com\/vi\/wp-json\/wp\/v2\/product_tag?post=5956"}],"curies":[{"name":"wp","href":"https:\/\/api.w.org\/{rel}","templated":true}]}}