{"id":6074,"date":"2025-06-24T16:29:24","date_gmt":"2025-06-24T08:29:24","guid":{"rendered":"https:\/\/berlinpackagingapac.com\/?post_type=product&#038;p=6074"},"modified":"2025-09-02T14:58:29","modified_gmt":"2025-09-02T06:58:29","slug":"chai-bp21854a-100ml","status":"publish","type":"product","link":"https:\/\/berlinpackagingapac.com\/vi\/product\/bp21854a-100ml-bottle\/","title":{"rendered":"BP21854A, Chai 100ml"},"content":{"rendered":"<p>Chai BP21854A 100ml mang \u0111\u1ebfn bao b\u00ec th\u1ee7y tinh sang tr\u1ecdng cho r\u01b0\u1ee3u m\u1ea1nh v\u00e0 r\u01b0\u1ee3u m\u00f9i cao c\u1ea5p. S\u1eb5n s\u00e0ng nh\u1eadn \u0111\u01a1n h\u00e0ng s\u1ed1 l\u01b0\u1ee3ng l\u1edbn ngay l\u1eadp t\u1ee9c, l\u00fd t\u01b0\u1edfng cho c\u00e1c nh\u00e0 m\u00e1y ch\u01b0ng c\u1ea5t th\u1ee7 c\u00f4ng v\u00e0 c\u00e1c nh\u00e0 b\u00e1n l\u1ebb mi\u1ec5n thu\u1ebf \u0111ang t\u00ecm ki\u1ebfm gi\u1ea3i ph\u00e1p chai nh\u1ecf tinh t\u1ebf.<\/p>","protected":false},"excerpt":{"rendered":"<table width=\"591\">\n<tbody>\n<tr>\n<td width=\"123\">S\u1ee9c ch\u1ee9a \u0111\u1ea7y<\/td>\n<td width=\"123\">C\u00e2n n\u1eb7ng<\/td>\n<td width=\"99\">Ho\u00e0n th\u00e0nh<\/td>\n<td width=\"123\">\u0110\u01b0\u1eddng k\u00ednh<\/td>\n<td width=\"123\">Chi\u1ec1u cao<\/td>\n<\/tr>\n<tr>\n<td>107<\/td>\n<td>250<\/td>\n<td>NA<\/td>\n<td>40.2<\/td>\n<td>235<\/td>\n<\/tr>\n<\/tbody>\n<\/table>","protected":false},"featured_media":6078,"comment_status":"open","ping_status":"closed","template":"","meta":{"jetpack_publicize_message":"","jetpack_publicize_feature_enabled":true,"jetpack_social_post_already_shared":true,"jetpack_social_options":{"image_generator_settings":{"template":"highway","default_image_id":0,"font":"","enabled":false},"version":2},"_wpas_customize_per_network":false},"product_brand":[1391],"product_cat":[1444,1628,1537],"product_tag":[1492],"class_list":{"0":"post-6074","1":"product","2":"type-product","3":"status-publish","4":"has-post-thumbnail","6":"product_brand-berlin-packaging","7":"product_cat-spirits-bottles","8":"product_cat-50-100ml-spirits","9":"product_cat-glass","10":"product_tag-spirits","12":"first","13":"outofstock","14":"shipping-taxable","15":"product-type-simple"},"exclude_global_add_ons":[],"addons":[],"jetpack_publicize_connections":[],"jetpack_sharing_enabled":true,"jetpack_likes_enabled":true,"_links":{"self":[{"href":"https:\/\/berlinpackagingapac.com\/vi\/wp-json\/wp\/v2\/product\/6074","targetHints":{"allow":["GET"]}}],"collection":[{"href":"https:\/\/berlinpackagingapac.com\/vi\/wp-json\/wp\/v2\/product"}],"about":[{"href":"https:\/\/berlinpackagingapac.com\/vi\/wp-json\/wp\/v2\/types\/product"}],"replies":[{"embeddable":true,"href":"https:\/\/berlinpackagingapac.com\/vi\/wp-json\/wp\/v2\/comments?post=6074"}],"version-history":[{"count":2,"href":"https:\/\/berlinpackagingapac.com\/vi\/wp-json\/wp\/v2\/product\/6074\/revisions"}],"predecessor-version":[{"id":6082,"href":"https:\/\/berlinpackagingapac.com\/vi\/wp-json\/wp\/v2\/product\/6074\/revisions\/6082"}],"wp:featuredmedia":[{"embeddable":true,"href":"https:\/\/berlinpackagingapac.com\/vi\/wp-json\/wp\/v2\/media\/6078"}],"wp:attachment":[{"href":"https:\/\/berlinpackagingapac.com\/vi\/wp-json\/wp\/v2\/media?parent=6074"}],"wp:term":[{"taxonomy":"product_brand","embeddable":true,"href":"https:\/\/berlinpackagingapac.com\/vi\/wp-json\/wp\/v2\/product_brand?post=6074"},{"taxonomy":"product_cat","embeddable":true,"href":"https:\/\/berlinpackagingapac.com\/vi\/wp-json\/wp\/v2\/product_cat?post=6074"},{"taxonomy":"product_tag","embeddable":true,"href":"https:\/\/berlinpackagingapac.com\/vi\/wp-json\/wp\/v2\/product_tag?post=6074"}],"curies":[{"name":"wp","href":"https:\/\/api.w.org\/{rel}","templated":true}]}}