{"id":6159,"date":"2025-06-25T10:12:50","date_gmt":"2025-06-25T02:12:50","guid":{"rendered":"https:\/\/berlinpackagingapac.com\/?post_type=product&#038;p=6159"},"modified":"2025-06-25T10:12:51","modified_gmt":"2025-06-25T02:12:51","slug":"bp404140-nocturne-375ml","status":"publish","type":"product","link":"https:\/\/berlinpackagingapac.com\/vi\/product\/bp404140-nocturne-375ml\/","title":{"rendered":"BP404140, Nocturne 375ml"},"content":{"rendered":"<p>Nocturne 375ml BP404140 s\u1edf h\u1eefu thi\u1ebft k\u1ebf th\u1ee7y tinh sang tr\u1ecdng, \u0111\u01b0\u1ee3c thi\u1ebft k\u1ebf d\u00e0nh ri\u00eang cho r\u01b0\u1ee3u m\u1ea1nh cao c\u1ea5p. L\u00fd t\u01b0\u1edfng cho c\u00e1c nh\u00e0 m\u00e1y ch\u01b0ng c\u1ea5t th\u1ee7 c\u00f4ng v\u00e0 c\u00e1c th\u01b0\u01a1ng hi\u1ec7u \u0111\u1eb7c bi\u1ec7t \u0111ang t\u00ecm ki\u1ebfm bao b\u00ec tinh t\u1ebf v\u1edbi t\u00f9y ch\u1ecdn kh\u1eafc t\u00ean ri\u00eang v\u00e0 nh\u00e3n hi\u1ec7u ri\u00eang.<\/p>","protected":false},"excerpt":{"rendered":"<table width=\"591\">\n<tbody>\n<tr>\n<td width=\"123\">S\u1ee9c ch\u1ee9a \u0111\u1ea7y<\/td>\n<td width=\"123\">C\u00e2n n\u1eb7ng<\/td>\n<td width=\"99\">Ho\u00e0n th\u00e0nh<\/td>\n<td width=\"123\">\u0110\u01b0\u1eddng k\u00ednh<\/td>\n<td width=\"123\">Chi\u1ec1u cao<\/td>\n<\/tr>\n<tr>\n<td>386<\/td>\n<td>400<\/td>\n<td>n\u00fat chai<\/td>\n<td>75.6<\/td>\n<td>174.1<\/td>\n<\/tr>\n<\/tbody>\n<\/table>","protected":false},"featured_media":6161,"comment_status":"open","ping_status":"closed","template":"","meta":{"jetpack_publicize_message":"","jetpack_publicize_feature_enabled":true,"jetpack_social_post_already_shared":true,"jetpack_social_options":{"image_generator_settings":{"template":"highway","default_image_id":0,"font":"","enabled":false},"version":2},"_wpas_customize_per_network":false},"product_brand":[1391],"product_cat":[1537,1465,1444],"product_tag":[1492],"class_list":{"0":"post-6159","1":"product","2":"type-product","3":"status-publish","4":"has-post-thumbnail","6":"product_brand-berlin-packaging","7":"product_cat-glass","8":"product_cat-100-500ml-spirits","9":"product_cat-spirits-bottles","10":"product_tag-spirits","12":"first","13":"outofstock","14":"shipping-taxable","15":"product-type-simple"},"exclude_global_add_ons":[],"addons":[],"jetpack_publicize_connections":[],"jetpack_sharing_enabled":true,"jetpack_likes_enabled":true,"_links":{"self":[{"href":"https:\/\/berlinpackagingapac.com\/vi\/wp-json\/wp\/v2\/product\/6159","targetHints":{"allow":["GET"]}}],"collection":[{"href":"https:\/\/berlinpackagingapac.com\/vi\/wp-json\/wp\/v2\/product"}],"about":[{"href":"https:\/\/berlinpackagingapac.com\/vi\/wp-json\/wp\/v2\/types\/product"}],"replies":[{"embeddable":true,"href":"https:\/\/berlinpackagingapac.com\/vi\/wp-json\/wp\/v2\/comments?post=6159"}],"version-history":[{"count":2,"href":"https:\/\/berlinpackagingapac.com\/vi\/wp-json\/wp\/v2\/product\/6159\/revisions"}],"predecessor-version":[{"id":6162,"href":"https:\/\/berlinpackagingapac.com\/vi\/wp-json\/wp\/v2\/product\/6159\/revisions\/6162"}],"wp:featuredmedia":[{"embeddable":true,"href":"https:\/\/berlinpackagingapac.com\/vi\/wp-json\/wp\/v2\/media\/6161"}],"wp:attachment":[{"href":"https:\/\/berlinpackagingapac.com\/vi\/wp-json\/wp\/v2\/media?parent=6159"}],"wp:term":[{"taxonomy":"product_brand","embeddable":true,"href":"https:\/\/berlinpackagingapac.com\/vi\/wp-json\/wp\/v2\/product_brand?post=6159"},{"taxonomy":"product_cat","embeddable":true,"href":"https:\/\/berlinpackagingapac.com\/vi\/wp-json\/wp\/v2\/product_cat?post=6159"},{"taxonomy":"product_tag","embeddable":true,"href":"https:\/\/berlinpackagingapac.com\/vi\/wp-json\/wp\/v2\/product_tag?post=6159"}],"curies":[{"name":"wp","href":"https:\/\/api.w.org\/{rel}","templated":true}]}}