{"id":6185,"date":"2025-06-25T10:32:25","date_gmt":"2025-06-25T02:32:25","guid":{"rendered":"https:\/\/berlinpackagingapac.com\/?post_type=product&#038;p=6185"},"modified":"2025-06-25T10:32:25","modified_gmt":"2025-06-25T02:32:25","slug":"bp6765-700ml-con","status":"publish","type":"product","link":"https:\/\/berlinpackagingapac.com\/vi\/product\/bp6765-700ml-alcohol\/","title":{"rendered":"BP6765, 700ml C\u1ed3n"},"content":{"rendered":"<p>B\u00ecnh \u0111\u1ef1ng r\u01b0\u1ee3u BP6765 700ml c\u00f3 c\u1ea5u tr\u00fac th\u1ee7y tinh th\u01b0\u01a1ng m\u1ea1i, l\u00fd t\u01b0\u1edfng cho c\u00e1c lo\u1ea1i r\u01b0\u1ee3u m\u1ea1nh cao c\u1ea5p. \u0110\u01b0\u1ee3c thi\u1ebft k\u1ebf cho c\u00e1c nh\u00e0 m\u00e1y ch\u01b0ng c\u1ea5t chuy\u00ean nghi\u1ec7p v\u00e0 c\u00e1c th\u01b0\u01a1ng hi\u1ec7u \u0111\u1ed3 u\u1ed1ng \u0111ang t\u00ecm ki\u1ebfm gi\u1ea3i ph\u00e1p chai 700ml t\u00f9y ch\u1ec9nh v\u1edbi c\u00e1c t\u00f9y ch\u1ecdn nh\u00e3n hi\u1ec7u ri\u00eang.<\/p>","protected":false},"excerpt":{"rendered":"<table width=\"591\">\n<tbody>\n<tr>\n<td width=\"123\">S\u1ee9c ch\u1ee9a \u0111\u1ea7y<\/td>\n<td width=\"123\">C\u00e2n n\u1eb7ng<\/td>\n<td width=\"99\">Ho\u00e0n th\u00e0nh<\/td>\n<td width=\"123\">\u0110\u01b0\u1eddng k\u00ednh<\/td>\n<td width=\"123\">Chi\u1ec1u cao<\/td>\n<\/tr>\n<tr>\n<td>725<\/td>\n<td>785<\/td>\n<td>34<\/td>\n<td>84.9<\/td>\n<td>217<\/td>\n<\/tr>\n<\/tbody>\n<\/table>","protected":false},"featured_media":6186,"comment_status":"open","ping_status":"closed","template":"","meta":{"jetpack_publicize_message":"","jetpack_publicize_feature_enabled":true,"jetpack_social_post_already_shared":true,"jetpack_social_options":{"image_generator_settings":{"template":"highway","default_image_id":0,"font":"","enabled":false},"version":2},"_wpas_customize_per_network":false},"product_brand":[1391],"product_cat":[1537,1466,1444],"product_tag":[1492],"class_list":{"0":"post-6185","1":"product","2":"type-product","3":"status-publish","4":"has-post-thumbnail","6":"product_brand-berlin-packaging","7":"product_cat-glass","8":"product_cat-500-700ml-spirits","9":"product_cat-spirits-bottles","10":"product_tag-spirits","12":"first","13":"outofstock","14":"shipping-taxable","15":"product-type-simple"},"exclude_global_add_ons":[],"addons":[],"jetpack_publicize_connections":[],"jetpack_sharing_enabled":true,"jetpack_likes_enabled":true,"_links":{"self":[{"href":"https:\/\/berlinpackagingapac.com\/vi\/wp-json\/wp\/v2\/product\/6185","targetHints":{"allow":["GET"]}}],"collection":[{"href":"https:\/\/berlinpackagingapac.com\/vi\/wp-json\/wp\/v2\/product"}],"about":[{"href":"https:\/\/berlinpackagingapac.com\/vi\/wp-json\/wp\/v2\/types\/product"}],"replies":[{"embeddable":true,"href":"https:\/\/berlinpackagingapac.com\/vi\/wp-json\/wp\/v2\/comments?post=6185"}],"version-history":[{"count":3,"href":"https:\/\/berlinpackagingapac.com\/vi\/wp-json\/wp\/v2\/product\/6185\/revisions"}],"predecessor-version":[{"id":6189,"href":"https:\/\/berlinpackagingapac.com\/vi\/wp-json\/wp\/v2\/product\/6185\/revisions\/6189"}],"wp:featuredmedia":[{"embeddable":true,"href":"https:\/\/berlinpackagingapac.com\/vi\/wp-json\/wp\/v2\/media\/6186"}],"wp:attachment":[{"href":"https:\/\/berlinpackagingapac.com\/vi\/wp-json\/wp\/v2\/media?parent=6185"}],"wp:term":[{"taxonomy":"product_brand","embeddable":true,"href":"https:\/\/berlinpackagingapac.com\/vi\/wp-json\/wp\/v2\/product_brand?post=6185"},{"taxonomy":"product_cat","embeddable":true,"href":"https:\/\/berlinpackagingapac.com\/vi\/wp-json\/wp\/v2\/product_cat?post=6185"},{"taxonomy":"product_tag","embeddable":true,"href":"https:\/\/berlinpackagingapac.com\/vi\/wp-json\/wp\/v2\/product_tag?post=6185"}],"curies":[{"name":"wp","href":"https:\/\/api.w.org\/{rel}","templated":true}]}}