{"id":6212,"date":"2025-06-25T12:14:50","date_gmt":"2025-06-25T04:14:50","guid":{"rendered":"https:\/\/berlinpackagingapac.com\/?post_type=product&#038;p=6212"},"modified":"2025-06-25T15:25:43","modified_gmt":"2025-06-25T07:25:43","slug":"aluminum-tamper-evident-beer-bottle-cap","status":"publish","type":"product","link":"https:\/\/berlinpackagingapac.com\/vi\/san-pham\/aluminum-tamper-evident-beer-bottle-cap\/","title":{"rendered":"N\u1eafp chai bia b\u1eb1ng nh\u00f4m ch\u1ed1ng gi\u1ea3 m\u1ea1o"},"content":{"rendered":"<p data-start=\"324\" data-end=\"769\">N\u1eafp chai bia ch\u1ed1ng gi\u1ea3 b\u1eb1ng nh\u00f4m c\u1ee7a ch\u00fang t\u00f4i \u0111\u01b0\u1ee3c thi\u1ebft k\u1ebf d\u00e0nh ri\u00eang cho bao b\u00ec \u0111\u1ed3 u\u1ed1ng cao c\u1ea5p. \u0110\u01b0\u1ee3c l\u00e0m t\u1eeb nh\u00f4m ch\u1ea5t l\u01b0\u1ee3ng cao, n\u1eafp n\u00e0y c\u00f3 v\u00f2ng kh\u00f3a gi\u00fap ch\u1ed1ng gi\u1ea3 m\u1ea1o r\u00f5 r\u00e0ng. Thi\u1ebft k\u1ebf v\u1eb7n m\u1edf \u0111\u1ea3m b\u1ea3o s\u1ef1 ti\u1ec7n l\u1ee3i cho ng\u01b0\u1eddi d\u00f9ng \u0111\u1ed3ng th\u1eddi duy tr\u00ec t\u00ednh to\u00e0n v\u1eb9n c\u1ee7a s\u1ea3n ph\u1ea9m. S\u1ea3n ph\u1ea9m ph\u00f9 h\u1ee3p cho \u0111\u1ed3 u\u1ed1ng c\u00f3 ga nh\u01b0 bia v\u00e0 r\u01b0\u1ee3u t\u00e1o, mang l\u1ea1i hi\u1ec7u su\u1ea5t b\u1ecbt k\u00edn tuy\u1ec7t v\u1eddi \u0111\u1ec3 gi\u1eef \u0111\u1ed9 t\u01b0\u01a1i ngon v\u00e0 ng\u0103n ng\u1eeba r\u00f2 r\u1ec9.<\/p>\n<p data-start=\"771\" data-end=\"1042\">C\u00f3 s\u1eb5n nhi\u1ec1u m\u00e0u s\u1eafc v\u00e0 t\u01b0\u01a1ng th\u00edch v\u1edbi c\u1ea3 chai th\u1ee7y tinh v\u00e0 chai PET, n\u1eafp chai n\u00e0y c\u00f3 th\u1ec3 \u0111\u01b0\u1ee3c t\u00f9y ch\u1ec9nh b\u1eb1ng c\u00e1ch d\u1eadp n\u1ed5i, in ho\u1eb7c d\u1eadp logo \u0111\u1ec3 ph\u00f9 h\u1ee3p v\u1edbi nh\u1eadn di\u1ec7n th\u01b0\u01a1ng hi\u1ec7u c\u1ee7a b\u1ea1n. L\u00fd t\u01b0\u1edfng cho c\u00e1c nh\u00e0 m\u00e1y bia v\u00e0 nh\u00e0 s\u1ea3n xu\u1ea5t \u0111\u1ed3 u\u1ed1ng \u0111ang t\u00ecm ki\u1ebfm gi\u1ea3i ph\u00e1p \u0111\u00f3ng n\u1eafp ti\u1ebft ki\u1ec7m chi ph\u00ed v\u00e0 \u0111\u00e1ng tin c\u1eady.<\/p>\n<p data-start=\"1044\" data-end=\"1061\"><strong data-start=\"1044\" data-end=\"1061\">C\u00e1c t\u00ednh n\u0103ng ch\u00ednh:<\/strong><\/p>\n<ul data-start=\"1062\" data-end=\"1316\">\n<li data-start=\"1062\" data-end=\"1095\">\n<p data-start=\"1064\" data-end=\"1095\">Ch\u1ea5t li\u1ec7u: Nh\u00f4m cao c\u1ea5p<\/p>\n<\/li>\n<li data-start=\"1096\" data-end=\"1129\">\n<p data-start=\"1098\" data-end=\"1129\">V\u00f2ng ch\u1ed1ng ph\u00e1 ho\u1ea1i<\/p>\n<\/li>\n<li data-start=\"1130\" data-end=\"1155\">\n<p data-start=\"1132\" data-end=\"1155\">Ti\u1ec7n l\u1ee3i khi v\u1eb7n<\/p>\n<\/li>\n<li data-start=\"1156\" data-end=\"1209\">\n<p data-start=\"1158\" data-end=\"1209\">T\u01b0\u01a1ng th\u00edch v\u1edbi ph\u1ea7n ho\u00e0n thi\u1ec7n c\u1ed5 chai 26mm ho\u1eb7c 28mm<\/p>\n<\/li>\n<li data-start=\"1210\" data-end=\"1258\">\n<p data-start=\"1212\" data-end=\"1258\">In \u1ea5n, d\u1eadp n\u1ed5i v\u00e0 m\u00e0u s\u1eafc c\u00f3 th\u1ec3 t\u00f9y ch\u1ec9nh<\/p>\n<\/li>\n<li data-start=\"1259\" data-end=\"1316\">\n<p data-start=\"1261\" data-end=\"1316\">Th\u00edch h\u1ee3p cho bia, soda v\u00e0 c\u00e1c lo\u1ea1i \u0111\u1ed3 u\u1ed1ng c\u00f3 ga kh\u00e1c<\/p>\n<\/li>\n<\/ul>","protected":false},"excerpt":{"rendered":"<p data-start=\"155\" data-end=\"317\">N\u1eafp nh\u00f4m nh\u1eb9 ch\u1ed1ng gi\u1ea3 m\u1ea1o cho chai bia, \u0111\u01b0\u1ee3c thi\u1ebft k\u1ebf \u0111\u1ec3 \u0111\u00f3ng k\u00edn an to\u00e0n v\u00e0 d\u1ec5 m\u1edf b\u1eb1ng ch\u1ee9c n\u0103ng v\u1eb7n.<\/p>","protected":false},"featured_media":6214,"comment_status":"open","ping_status":"closed","template":"","meta":{"jetpack_publicize_message":"","jetpack_publicize_feature_enabled":true,"jetpack_social_post_already_shared":true,"jetpack_social_options":{"image_generator_settings":{"template":"highway","default_image_id":0,"font":"","enabled":false},"version":2},"_wpas_customize_per_network":false},"product_brand":[1391],"product_cat":[1539,1443,1445,1469],"product_tag":[1494],"class_list":{"0":"post-6212","1":"product","2":"type-product","3":"status-publish","4":"has-post-thumbnail","6":"product_brand-berlin-packaging","7":"product_cat-metal","8":"product_cat-beer-packaging","9":"product_cat-closure","10":"product_cat-screw-cap-closure","11":"product_tag-closure","13":"first","14":"outofstock","15":"shipping-taxable","16":"product-type-simple"},"exclude_global_add_ons":[],"addons":[],"jetpack_publicize_connections":[],"jetpack_sharing_enabled":true,"jetpack_likes_enabled":true,"_links":{"self":[{"href":"https:\/\/berlinpackagingapac.com\/vi\/wp-json\/wp\/v2\/product\/6212","targetHints":{"allow":["GET"]}}],"collection":[{"href":"https:\/\/berlinpackagingapac.com\/vi\/wp-json\/wp\/v2\/product"}],"about":[{"href":"https:\/\/berlinpackagingapac.com\/vi\/wp-json\/wp\/v2\/types\/product"}],"replies":[{"embeddable":true,"href":"https:\/\/berlinpackagingapac.com\/vi\/wp-json\/wp\/v2\/comments?post=6212"}],"version-history":[{"count":3,"href":"https:\/\/berlinpackagingapac.com\/vi\/wp-json\/wp\/v2\/product\/6212\/revisions"}],"predecessor-version":[{"id":6296,"href":"https:\/\/berlinpackagingapac.com\/vi\/wp-json\/wp\/v2\/product\/6212\/revisions\/6296"}],"wp:featuredmedia":[{"embeddable":true,"href":"https:\/\/berlinpackagingapac.com\/vi\/wp-json\/wp\/v2\/media\/6214"}],"wp:attachment":[{"href":"https:\/\/berlinpackagingapac.com\/vi\/wp-json\/wp\/v2\/media?parent=6212"}],"wp:term":[{"taxonomy":"product_brand","embeddable":true,"href":"https:\/\/berlinpackagingapac.com\/vi\/wp-json\/wp\/v2\/product_brand?post=6212"},{"taxonomy":"product_cat","embeddable":true,"href":"https:\/\/berlinpackagingapac.com\/vi\/wp-json\/wp\/v2\/product_cat?post=6212"},{"taxonomy":"product_tag","embeddable":true,"href":"https:\/\/berlinpackagingapac.com\/vi\/wp-json\/wp\/v2\/product_tag?post=6212"}],"curies":[{"name":"wp","href":"https:\/\/api.w.org\/{rel}","templated":true}]}}