{"id":6234,"date":"2025-06-25T14:31:44","date_gmt":"2025-06-25T06:31:44","guid":{"rendered":"https:\/\/berlinpackagingapac.com\/?post_type=product&#038;p=6234"},"modified":"2025-06-25T14:31:44","modified_gmt":"2025-06-25T06:31:44","slug":"nap-van-bang-nhua-co-lop-lot-kin-28mm","status":"publish","type":"product","link":"https:\/\/berlinpackagingapac.com\/vi\/product\/plastic-screw-cap-with-seal-liner-28mm\/","title":{"rendered":"N\u1eafp v\u1eb7n b\u1eb1ng nh\u1ef1a c\u00f3 l\u1edbp l\u00f3t k\u00edn \u2013 28mm"},"content":{"rendered":"<p data-start=\"384\" data-end=\"660\">N\u1eafp v\u1eb7n nh\u1ef1a 28mm c\u1ee7a ch\u00fang t\u00f4i l\u00e0 lo\u1ea1i n\u1eafp \u0111\u01b0\u1ee3c s\u1eed d\u1ee5ng r\u1ed9ng r\u00e3i cho chai n\u01b0\u1edbc gi\u1ea3i kh\u00e1t PET, \u0111\u1ea3m b\u1ea3o \u0111\u1ed9 k\u00edn kh\u00edt v\u00e0 v\u1ec7 sinh. \u0110\u01b0\u1ee3c l\u00e0m t\u1eeb nh\u1ef1a polypropylene (PP) ch\u1ea5t l\u01b0\u1ee3ng cao, n\u1eafp c\u00f3 l\u1edbp l\u00f3t b\u00ean trong (th\u01b0\u1eddng l\u00e0 TPE ho\u1eb7c PE) gi\u00fap ch\u1ed1ng r\u00f2 r\u1ec9 v\u00e0 \u0111\u00f3ng k\u00edn ch\u1eafc ch\u1eafn.<\/p>\n<p data-start=\"662\" data-end=\"930\">N\u1eafp \u0111\u1eady n\u00e0y l\u00fd t\u01b0\u1edfng cho c\u00e1c lo\u1ea1i \u0111\u1ed3 u\u1ed1ng c\u00f3 ga v\u00e0 kh\u00f4ng ga, bao g\u1ed3m n\u01b0\u1edbc l\u1ecdc, n\u01b0\u1edbc tr\u00e1i c\u00e2y, tr\u00e0 v\u00e0 \u0111\u1ed3 u\u1ed1ng th\u1ec3 thao. N\u1eafp \u0111\u1eady \u0111\u01b0\u1ee3c thi\u1ebft k\u1ebf v\u1edbi d\u1ea3i ch\u1ed1ng gi\u1ea3 m\u1ea1o \u0111\u1ec3 \u0111\u1ea3m b\u1ea3o an to\u00e0n cho ng\u01b0\u1eddi ti\u00eau d\u00f9ng v\u00e0 h\u1ed7 tr\u1ee3 c\u1ea3 quy tr\u00ecnh chi\u1ebft r\u00f3t l\u1ea1nh v\u00e0 n\u00f3ng. T\u01b0\u01a1ng th\u00edch v\u1edbi c\u00e1c d\u00e2y chuy\u1ec1n chi\u1ebft r\u00f3t t\u1ed1c \u0111\u1ed9 cao.<\/p>\n<p data-start=\"932\" data-end=\"949\"><strong data-start=\"932\" data-end=\"949\">C\u00e1c t\u00ednh n\u0103ng ch\u00ednh:<\/strong><\/p>\n<ul data-start=\"950\" data-end=\"1333\">\n<li data-start=\"950\" data-end=\"991\">\n<p data-start=\"952\" data-end=\"991\">\u0110\u01b0\u1eddng k\u00ednh: 28mm (c\u00f3 s\u1eb5n k\u00edch th\u01b0\u1edbc t\u00f9y ch\u1ec9nh)<\/p>\n<\/li>\n<li data-start=\"992\" data-end=\"1042\">\n<p data-start=\"994\" data-end=\"1042\">Ch\u1ea5t li\u1ec7u: V\u1ecf ngo\u00e0i PP v\u1edbi l\u1edbp l\u00f3t b\u00ean trong PE\/TPE<\/p>\n<\/li>\n<li data-start=\"1043\" data-end=\"1087\">\n<p data-start=\"1045\" data-end=\"1087\">V\u00f2ng ch\u1ed1ng gi\u1ea3 m\u1ea1o \u0111\u1ec3 \u0111\u1ea3m b\u1ea3o an to\u00e0n<\/p>\n<\/li>\n<li data-start=\"1088\" data-end=\"1155\">\n<p data-start=\"1090\" data-end=\"1155\">Hi\u1ec7u su\u1ea5t b\u1ecbt k\u00edn tuy\u1ec7t v\u1eddi \u2013 th\u00edch h\u1ee3p \u0111\u1ec3 gi\u1eef \u00e1p su\u1ea5t<\/p>\n<\/li>\n<li data-start=\"1156\" data-end=\"1192\">\n<p data-start=\"1158\" data-end=\"1192\">C\u00f3 s\u1eb5n nhi\u1ec1u m\u00e0u s\u1eafc kh\u00e1c nhau<\/p>\n<\/li>\n<li data-start=\"1193\" data-end=\"1240\">\n<p data-start=\"1195\" data-end=\"1240\">C\u00f3 s\u1eb5n logo t\u00f9y ch\u1ec9nh ho\u1eb7c in \u1ea5n<\/p>\n<\/li>\n<li data-start=\"1241\" data-end=\"1294\">\n<p data-start=\"1243\" data-end=\"1294\">Th\u00edch h\u1ee3p cho chai n\u01b0\u1edbc gi\u1ea3i kh\u00e1t c\u00f3 ga ho\u1eb7c kh\u00f4ng ga<\/p>\n<\/li>\n<li data-start=\"1295\" data-end=\"1333\">\n<p data-start=\"1297\" data-end=\"1333\">\u0110\u1ea1t ti\u00eau chu\u1ea9n th\u1ef1c ph\u1ea9m, kh\u00f4ng ch\u1ee9a BPA v\u00e0 c\u00f3 th\u1ec3 t\u00e1i ch\u1ebf<\/p>\n<\/li>\n<\/ul>","protected":false},"excerpt":{"rendered":"<p>N\u1eafp v\u1eb7n b\u1eb1ng nh\u1ef1a b\u1ec1n ch\u1eafc v\u1edbi l\u1edbp l\u00f3t k\u00edn t\u00edch h\u1ee3p, l\u00fd t\u01b0\u1edfng cho chai n\u01b0\u1edbc, n\u01b0\u1edbc tr\u00e1i c\u00e2y v\u00e0 \u0111\u1ed3 u\u1ed1ng PET. Ch\u1ed1ng r\u00f2 r\u1ec9, ch\u1ed1ng gi\u1ea3 m\u1ea1o v\u00e0 \u0111\u1ea1t ti\u00eau chu\u1ea9n th\u1ef1c ph\u1ea9m.<\/p>","protected":false},"featured_media":6241,"comment_status":"open","ping_status":"closed","template":"","meta":{"jetpack_publicize_message":"","jetpack_publicize_feature_enabled":true,"jetpack_social_post_already_shared":true,"jetpack_social_options":{"image_generator_settings":{"template":"highway","default_image_id":0,"font":"","enabled":false},"version":2},"_wpas_customize_per_network":false},"product_brand":[1391],"product_cat":[1538,1445,1469],"product_tag":[1494],"class_list":{"0":"post-6234","1":"product","2":"type-product","3":"status-publish","4":"has-post-thumbnail","6":"product_brand-berlin-packaging","7":"product_cat-plastic","8":"product_cat-closure","9":"product_cat-screw-cap-closure","10":"product_tag-closure","12":"first","13":"outofstock","14":"shipping-taxable","15":"product-type-simple"},"exclude_global_add_ons":[],"addons":[],"jetpack_publicize_connections":[],"jetpack_sharing_enabled":true,"jetpack_likes_enabled":true,"_links":{"self":[{"href":"https:\/\/berlinpackagingapac.com\/vi\/wp-json\/wp\/v2\/product\/6234","targetHints":{"allow":["GET"]}}],"collection":[{"href":"https:\/\/berlinpackagingapac.com\/vi\/wp-json\/wp\/v2\/product"}],"about":[{"href":"https:\/\/berlinpackagingapac.com\/vi\/wp-json\/wp\/v2\/types\/product"}],"replies":[{"embeddable":true,"href":"https:\/\/berlinpackagingapac.com\/vi\/wp-json\/wp\/v2\/comments?post=6234"}],"version-history":[{"count":2,"href":"https:\/\/berlinpackagingapac.com\/vi\/wp-json\/wp\/v2\/product\/6234\/revisions"}],"predecessor-version":[{"id":6244,"href":"https:\/\/berlinpackagingapac.com\/vi\/wp-json\/wp\/v2\/product\/6234\/revisions\/6244"}],"wp:featuredmedia":[{"embeddable":true,"href":"https:\/\/berlinpackagingapac.com\/vi\/wp-json\/wp\/v2\/media\/6241"}],"wp:attachment":[{"href":"https:\/\/berlinpackagingapac.com\/vi\/wp-json\/wp\/v2\/media?parent=6234"}],"wp:term":[{"taxonomy":"product_brand","embeddable":true,"href":"https:\/\/berlinpackagingapac.com\/vi\/wp-json\/wp\/v2\/product_brand?post=6234"},{"taxonomy":"product_cat","embeddable":true,"href":"https:\/\/berlinpackagingapac.com\/vi\/wp-json\/wp\/v2\/product_cat?post=6234"},{"taxonomy":"product_tag","embeddable":true,"href":"https:\/\/berlinpackagingapac.com\/vi\/wp-json\/wp\/v2\/product_tag?post=6234"}],"curies":[{"name":"wp","href":"https:\/\/api.w.org\/{rel}","templated":true}]}}