{"id":6287,"date":"2025-06-25T15:20:31","date_gmt":"2025-06-25T07:20:31","guid":{"rendered":"https:\/\/berlinpackagingapac.com\/?post_type=product&#038;p=6287"},"modified":"2025-09-01T15:56:28","modified_gmt":"2025-09-01T07:56:28","slug":"voi-rot-chai-dau-o-liu-gpi-30-15-cho-chai-marasca-dorica","status":"publish","type":"product","link":"https:\/\/berlinpackagingapac.com\/vi\/product\/olive-oil-bottle-pourer-spout-gpi-30-15-for-marasca-dorica-bottles\/","title":{"rendered":"V\u00f2i r\u00f3t chai d\u1ea7u \u00f4 liu \u2013 GPI 30.15 cho chai Marasca &amp; Dorica"},"content":{"rendered":"<p data-start=\"353\" data-end=\"568\">V\u00f2i r\u00f3t chai d\u1ea7u \u00f4 liu n\u00e0y \u0111\u01b0\u1ee3c thi\u1ebft k\u1ebf \u0111\u1eb7c bi\u1ec7t \u0111\u1ec3 mang l\u1ea1i d\u00f2ng ch\u1ea3y s\u1ea1ch s\u1ebd, ki\u1ec3m so\u00e1t t\u1ed1t m\u1ed7i l\u1ea7n r\u00f3t. \u0110\u01b0\u1ee3c thi\u1ebft k\u1ebf \u0111\u1ec3 v\u1eeba v\u1eb7n v\u1edbi c\u1ed5 chai GPI 30.15-1680, v\u00f2i r\u00f3t n\u00e0y k\u1ebft h\u1ee3p ho\u00e0n h\u1ea3o v\u1edbi chai Marasca v\u00e0 Dorica ti\u00eau chu\u1ea9n.<\/p>\n<p data-start=\"570\" data-end=\"808\">V\u00f2i c\u00f3 r\u00e3nh ch\u1ea3y tr\u01a1n tru, ng\u0103n ng\u1eeba nh\u1ecf gi\u1ecdt v\u00e0 ch\u1ea3y ng\u01b0\u1ee3c, l\u00fd t\u01b0\u1edfng \u0111\u1ec3 r\u00f3t d\u1ea7u \u00f4 liu, gi\u1ea5m v\u00e0 c\u00e1c lo\u1ea1i gia v\u1ecb d\u1ea1ng l\u1ecfng kh\u00e1c. Thi\u1ebft k\u1ebf n\u1eafp g\u1eadp ti\u1ec7n d\u1ee5ng mang \u0111\u1ebfn s\u1ef1 ti\u1ec7n l\u1ee3i cho c\u1ea3 s\u1eed d\u1ee5ng t\u1ea1i nh\u00e0 v\u00e0 trong b\u1ebfp chuy\u00ean nghi\u1ec7p.<\/p>\n<p data-start=\"810\" data-end=\"829\"><strong data-start=\"810\" data-end=\"827\">C\u00e1c t\u00ednh n\u0103ng ch\u00ednh:<\/strong><\/p>\n<ul data-start=\"830\" data-end=\"1085\">\n<li data-start=\"830\" data-end=\"867\">\n<p data-start=\"832\" data-end=\"867\">V\u00f2i r\u00f3t t\u01b0\u01a1ng th\u00edch GPI 30.15<\/p>\n<\/li>\n<li data-start=\"868\" data-end=\"912\">\n<p data-start=\"870\" data-end=\"912\">Ph\u00f9 h\u1ee3p ho\u00e0n h\u1ea3o v\u1edbi b\u00ecnh Marasca &amp; Dorica<\/p>\n<\/li>\n<li data-start=\"913\" data-end=\"967\">\n<p data-start=\"915\" data-end=\"967\">R\u00f3t s\u1ea1ch v\u1edbi thi\u1ebft k\u1ebf ch\u1ed1ng nh\u1ecf gi\u1ecdt v\u00e0 ch\u1ed1ng ch\u1ea3y ng\u01b0\u1ee3c<\/p>\n<\/li>\n<li data-start=\"968\" data-end=\"992\">\n<p data-start=\"970\" data-end=\"992\">Con d\u1ea5u v\u1eb7n v\u00edt an to\u00e0n<\/p>\n<\/li>\n<li data-start=\"993\" data-end=\"1034\">\n<p data-start=\"995\" data-end=\"1034\">Ch\u1ee9c n\u0103ng ch\u1ed1ng gi\u1ea3 m\u1ea1o t\u00f9y ch\u1ecdn<\/p>\n<\/li>\n<li data-start=\"1035\" data-end=\"1085\">\n<p data-start=\"1037\" data-end=\"1085\">M\u00e0u s\u1eafc v\u00e0 th\u01b0\u01a1ng hi\u1ec7u t\u00f9y ch\u1ec9nh c\u00f3 s\u1eb5n theo y\u00eau c\u1ea7u<\/p>\n<\/li>\n<\/ul>","protected":false},"excerpt":{"rendered":"<p>N\u1eafp v\u00f2i r\u00f3t \u0111\u01b0\u1ee3c thi\u1ebft k\u1ebf cho l\u1edbp ho\u00e0n thi\u1ec7n GPI 30.15, t\u01b0\u01a1ng th\u00edch v\u1edbi chai d\u1ea7u \u00f4 liu Marasca v\u00e0 Dorica. \u0110\u1ea3m b\u1ea3o r\u00f3t d\u1ea7u s\u1ea1ch v\u00e0 ki\u1ec3m so\u00e1t.<\/p>","protected":false},"featured_media":8182,"comment_status":"open","ping_status":"closed","template":"","meta":{"jetpack_publicize_message":"","jetpack_publicize_feature_enabled":true,"jetpack_social_post_already_shared":true,"jetpack_social_options":{"image_generator_settings":{"template":"highway","default_image_id":0,"font":"","enabled":false},"version":2},"_wpas_customize_per_network":false},"product_brand":[1391],"product_cat":[1538,1445,1481,1473],"product_tag":[1494],"class_list":{"0":"post-6287","1":"product","2":"type-product","3":"status-publish","4":"has-post-thumbnail","6":"product_brand-berlin-packaging","7":"product_cat-plastic","8":"product_cat-closure","9":"product_cat-olive-oil","10":"product_cat-others-closure","11":"product_tag-closure","13":"first","14":"outofstock","15":"shipping-taxable","16":"product-type-simple"},"exclude_global_add_ons":[],"addons":[],"jetpack_publicize_connections":[],"jetpack_sharing_enabled":true,"jetpack_likes_enabled":true,"_links":{"self":[{"href":"https:\/\/berlinpackagingapac.com\/vi\/wp-json\/wp\/v2\/product\/6287","targetHints":{"allow":["GET"]}}],"collection":[{"href":"https:\/\/berlinpackagingapac.com\/vi\/wp-json\/wp\/v2\/product"}],"about":[{"href":"https:\/\/berlinpackagingapac.com\/vi\/wp-json\/wp\/v2\/types\/product"}],"replies":[{"embeddable":true,"href":"https:\/\/berlinpackagingapac.com\/vi\/wp-json\/wp\/v2\/comments?post=6287"}],"version-history":[{"count":3,"href":"https:\/\/berlinpackagingapac.com\/vi\/wp-json\/wp\/v2\/product\/6287\/revisions"}],"predecessor-version":[{"id":6994,"href":"https:\/\/berlinpackagingapac.com\/vi\/wp-json\/wp\/v2\/product\/6287\/revisions\/6994"}],"wp:featuredmedia":[{"embeddable":true,"href":"https:\/\/berlinpackagingapac.com\/vi\/wp-json\/wp\/v2\/media\/8182"}],"wp:attachment":[{"href":"https:\/\/berlinpackagingapac.com\/vi\/wp-json\/wp\/v2\/media?parent=6287"}],"wp:term":[{"taxonomy":"product_brand","embeddable":true,"href":"https:\/\/berlinpackagingapac.com\/vi\/wp-json\/wp\/v2\/product_brand?post=6287"},{"taxonomy":"product_cat","embeddable":true,"href":"https:\/\/berlinpackagingapac.com\/vi\/wp-json\/wp\/v2\/product_cat?post=6287"},{"taxonomy":"product_tag","embeddable":true,"href":"https:\/\/berlinpackagingapac.com\/vi\/wp-json\/wp\/v2\/product_tag?post=6287"}],"curies":[{"name":"wp","href":"https:\/\/api.w.org\/{rel}","templated":true}]}}