{"id":6325,"date":"2025-06-25T16:02:39","date_gmt":"2025-06-25T08:02:39","guid":{"rendered":"https:\/\/berlinpackagingapac.com\/?post_type=product&#038;p=6325"},"modified":"2025-06-25T16:02:39","modified_gmt":"2025-06-25T08:02:39","slug":"binh-rot-ruou-bp401675-750ml","status":"publish","type":"product","link":"https:\/\/berlinpackagingapac.com\/vi\/product\/bp401675-750ml-decanter\/","title":{"rendered":"B\u00ecnh r\u00f3t r\u01b0\u1ee3u BP401675, 750ml"},"content":{"rendered":"<p>B\u00ecnh Decanter BP401675 750ml c\u00f3 c\u1ea5u tr\u00fac th\u1ee7y tinh thanh l\u1ecbch, \u0111\u01b0\u1ee3c thi\u1ebft k\u1ebf \u0111\u1ec3 tr\u01b0ng b\u00e0y r\u01b0\u1ee3u cao c\u1ea5p. L\u00fd t\u01b0\u1edfng cho c\u00e1c nh\u00e0 m\u00e1y ch\u01b0ng c\u1ea5t v\u00e0 th\u01b0\u01a1ng hi\u1ec7u xa x\u1ec9 \u0111ang t\u00ecm ki\u1ebfm nh\u1eefng b\u00ecnh \u0111\u1ef1ng tinh t\u1ebf v\u1edbi kh\u1ea3 n\u0103ng kh\u1eafc ch\u1eef t\u00f9y ch\u1ec9nh.<\/p>","protected":false},"excerpt":{"rendered":"<table width=\"591\">\n<tbody>\n<tr>\n<td width=\"123\">S\u1ee9c ch\u1ee9a \u0111\u1ea7y<\/td>\n<td width=\"123\">C\u00e2n n\u1eb7ng<\/td>\n<td width=\"99\">Ho\u00e0n th\u00e0nh<\/td>\n<td width=\"123\">\u0110\u01b0\u1eddng k\u00ednh<\/td>\n<td width=\"123\">Chi\u1ec1u cao<\/td>\n<\/tr>\n<tr>\n<td>770<\/td>\n<td>750<\/td>\n<td>34<\/td>\n<td>90.4<\/td>\n<td>257<\/td>\n<\/tr>\n<\/tbody>\n<\/table>","protected":false},"featured_media":6331,"comment_status":"open","ping_status":"closed","template":"","meta":{"jetpack_publicize_message":"","jetpack_publicize_feature_enabled":true,"jetpack_social_post_already_shared":true,"jetpack_social_options":{"image_generator_settings":{"template":"highway","default_image_id":0,"font":"","enabled":false},"version":2},"_wpas_customize_per_network":false},"product_brand":[1391],"product_cat":[1537,1467,1444],"product_tag":[1492],"class_list":{"0":"post-6325","1":"product","2":"type-product","3":"status-publish","4":"has-post-thumbnail","6":"product_brand-berlin-packaging","7":"product_cat-glass","8":"product_cat-750-1000ml-spirits","9":"product_cat-spirits-bottles","10":"product_tag-spirits","12":"first","13":"outofstock","14":"shipping-taxable","15":"product-type-simple"},"exclude_global_add_ons":[],"addons":[],"jetpack_publicize_connections":[],"jetpack_sharing_enabled":true,"jetpack_likes_enabled":true,"_links":{"self":[{"href":"https:\/\/berlinpackagingapac.com\/vi\/wp-json\/wp\/v2\/product\/6325","targetHints":{"allow":["GET"]}}],"collection":[{"href":"https:\/\/berlinpackagingapac.com\/vi\/wp-json\/wp\/v2\/product"}],"about":[{"href":"https:\/\/berlinpackagingapac.com\/vi\/wp-json\/wp\/v2\/types\/product"}],"replies":[{"embeddable":true,"href":"https:\/\/berlinpackagingapac.com\/vi\/wp-json\/wp\/v2\/comments?post=6325"}],"version-history":[{"count":2,"href":"https:\/\/berlinpackagingapac.com\/vi\/wp-json\/wp\/v2\/product\/6325\/revisions"}],"predecessor-version":[{"id":6333,"href":"https:\/\/berlinpackagingapac.com\/vi\/wp-json\/wp\/v2\/product\/6325\/revisions\/6333"}],"wp:featuredmedia":[{"embeddable":true,"href":"https:\/\/berlinpackagingapac.com\/vi\/wp-json\/wp\/v2\/media\/6331"}],"wp:attachment":[{"href":"https:\/\/berlinpackagingapac.com\/vi\/wp-json\/wp\/v2\/media?parent=6325"}],"wp:term":[{"taxonomy":"product_brand","embeddable":true,"href":"https:\/\/berlinpackagingapac.com\/vi\/wp-json\/wp\/v2\/product_brand?post=6325"},{"taxonomy":"product_cat","embeddable":true,"href":"https:\/\/berlinpackagingapac.com\/vi\/wp-json\/wp\/v2\/product_cat?post=6325"},{"taxonomy":"product_tag","embeddable":true,"href":"https:\/\/berlinpackagingapac.com\/vi\/wp-json\/wp\/v2\/product_tag?post=6325"}],"curies":[{"name":"wp","href":"https:\/\/api.w.org\/{rel}","templated":true}]}}