{"id":6335,"date":"2025-06-25T16:07:45","date_gmt":"2025-06-25T08:07:45","guid":{"rendered":"https:\/\/berlinpackagingapac.com\/?post_type=product&#038;p=6335"},"modified":"2025-08-13T16:20:46","modified_gmt":"2025-08-13T08:20:46","slug":"binh-decanter-contessa-bpdx401060-750ml","status":"publish","type":"product","link":"https:\/\/berlinpackagingapac.com\/vi\/product\/bpdx401060-750ml-decanter-contessa-bottle\/","title":{"rendered":"BPDX401060, B\u00ecnh Decanter Contessa 750ml"},"content":{"rendered":"<p>B\u00ecnh Decanter Contessa 750ml BPDX401060 s\u1edf h\u1eefu thi\u1ebft k\u1ebf th\u1ee7y tinh sang tr\u1ecdng, \u0111\u01b0\u1ee3c thi\u1ebft k\u1ebf \u0111\u1ec3 tr\u01b0ng b\u00e0y r\u01b0\u1ee3u cao c\u1ea5p. L\u00fd t\u01b0\u1edfng cho c\u00e1c nh\u00e0 m\u00e1y ch\u01b0ng c\u1ea5t cao c\u1ea5p v\u00e0 c\u00e1c th\u01b0\u01a1ng hi\u1ec7u xa x\u1ec9 \u0111ang t\u00ecm ki\u1ebfm gi\u1ea3i ph\u00e1p ph\u1ee5c v\u1ee5 tinh t\u1ebf v\u1edbi c\u00e1c t\u00f9y ch\u1ecdn th\u01b0\u01a1ng hi\u1ec7u t\u00f9y ch\u1ec9nh.<\/p>","protected":false},"excerpt":{"rendered":"<table width=\"591\">\n<tbody>\n<tr>\n<td width=\"123\">S\u1ee9c ch\u1ee9a \u0111\u1ea7y<\/td>\n<td width=\"123\">C\u00e2n n\u1eb7ng<\/td>\n<td width=\"99\">Ho\u00e0n th\u00e0nh<\/td>\n<td width=\"123\">\u0110\u01b0\u1eddng k\u00ednh<\/td>\n<td width=\"123\">Chi\u1ec1u cao<\/td>\n<\/tr>\n<tr>\n<td>771<\/td>\n<td>750<\/td>\n<td>35<\/td>\n<td>81.6<\/td>\n<td>220.2<\/td>\n<\/tr>\n<\/tbody>\n<\/table>","protected":false},"featured_media":7684,"comment_status":"open","ping_status":"closed","template":"","meta":{"jetpack_publicize_message":"","jetpack_publicize_feature_enabled":true,"jetpack_social_post_already_shared":true,"jetpack_social_options":{"image_generator_settings":{"template":"highway","default_image_id":0,"font":"","enabled":false},"version":2},"_wpas_customize_per_network":false},"product_brand":[1391],"product_cat":[1537,1467,1444],"product_tag":[1492],"class_list":{"0":"post-6335","1":"product","2":"type-product","3":"status-publish","4":"has-post-thumbnail","6":"product_brand-berlin-packaging","7":"product_cat-glass","8":"product_cat-750-1000ml-spirits","9":"product_cat-spirits-bottles","10":"product_tag-spirits","12":"first","13":"outofstock","14":"shipping-taxable","15":"product-type-simple"},"exclude_global_add_ons":[],"addons":[],"jetpack_publicize_connections":[],"jetpack_sharing_enabled":true,"jetpack_likes_enabled":true,"_links":{"self":[{"href":"https:\/\/berlinpackagingapac.com\/vi\/wp-json\/wp\/v2\/product\/6335","targetHints":{"allow":["GET"]}}],"collection":[{"href":"https:\/\/berlinpackagingapac.com\/vi\/wp-json\/wp\/v2\/product"}],"about":[{"href":"https:\/\/berlinpackagingapac.com\/vi\/wp-json\/wp\/v2\/types\/product"}],"replies":[{"embeddable":true,"href":"https:\/\/berlinpackagingapac.com\/vi\/wp-json\/wp\/v2\/comments?post=6335"}],"version-history":[{"count":3,"href":"https:\/\/berlinpackagingapac.com\/vi\/wp-json\/wp\/v2\/product\/6335\/revisions"}],"predecessor-version":[{"id":6346,"href":"https:\/\/berlinpackagingapac.com\/vi\/wp-json\/wp\/v2\/product\/6335\/revisions\/6346"}],"wp:featuredmedia":[{"embeddable":true,"href":"https:\/\/berlinpackagingapac.com\/vi\/wp-json\/wp\/v2\/media\/7684"}],"wp:attachment":[{"href":"https:\/\/berlinpackagingapac.com\/vi\/wp-json\/wp\/v2\/media?parent=6335"}],"wp:term":[{"taxonomy":"product_brand","embeddable":true,"href":"https:\/\/berlinpackagingapac.com\/vi\/wp-json\/wp\/v2\/product_brand?post=6335"},{"taxonomy":"product_cat","embeddable":true,"href":"https:\/\/berlinpackagingapac.com\/vi\/wp-json\/wp\/v2\/product_cat?post=6335"},{"taxonomy":"product_tag","embeddable":true,"href":"https:\/\/berlinpackagingapac.com\/vi\/wp-json\/wp\/v2\/product_tag?post=6335"}],"curies":[{"name":"wp","href":"https:\/\/api.w.org\/{rel}","templated":true}]}}