{"id":6382,"date":"2025-06-25T17:02:24","date_gmt":"2025-06-25T09:02:24","guid":{"rendered":"https:\/\/berlinpackagingapac.com\/?post_type=product&#038;p=6382"},"modified":"2025-11-17T16:28:23","modified_gmt":"2025-11-17T08:28:23","slug":"chai-tron-boston-750ml-bpd-851","status":"publish","type":"product","link":"https:\/\/berlinpackagingapac.com\/vi\/product\/750ml-boston-round-bottle-bpd-851\/","title":{"rendered":"Chai tr\u00f2n Boston 750ml, BPD-851"},"content":{"rendered":"<p>Chai th\u1ee7y tinh tr\u00f2n Boston 750ml c\u1ee7a ch\u00fang t\u00f4i s\u1edf h\u1eefu h\u00ecnh tr\u1ee5 v\u01b0\u1ee3t th\u1eddi gian v\u1edbi c\u1ed5 chai \u0111\u1ea1t ti\u00eau chu\u1ea9n DIN EN 16287-2, \u0111\u1ea3m b\u1ea3o kh\u1ea3 n\u0103ng \u0111\u00f3ng k\u00edn ch\u1eafc ch\u1eafn v\u00e0 t\u01b0\u01a1ng th\u00edch v\u1edbi c\u00e1c lo\u1ea1i n\u1eafp ti\u00eau chu\u1ea9n c\u00f4ng nghi\u1ec7p. V\u1edbi dung t\u00edch 780ml v\u00e0 tr\u1ecdng l\u01b0\u1ee3ng 380g b\u1ec1n b\u1ec9, chai n\u00e0y l\u00fd t\u01b0\u1edfng cho c\u00e1c lo\u1ea1i r\u01b0\u1ee3u m\u1ea1nh cao c\u1ea5p, n\u01b0\u1edbc \u00e9p v\u00e0 th\u1ef1c ph\u1ea9m th\u1ee7 c\u00f4ng. Thi\u1ebft k\u1ebf cao, m\u1ecfng (cao 255,2mm, \u0111\u01b0\u1eddng k\u00ednh \u230075,8mm) \u0111\u1ea3m b\u1ea3o s\u1ef1 hi\u1ec7n di\u1ec7n ch\u1eafc ch\u1eafn tr\u00ean k\u1ec7 v\u00e0 d\u1ec5 d\u00e0ng d\u00e1n nh\u00e3n.<\/p>","protected":false},"excerpt":{"rendered":"<p>Chai th\u1ee7y tinh tr\u00f2n Boston trong su\u1ed1t 750ml thanh l\u1ecbch, c\u1ed5 chai \u0111\u1ea1t ti\u00eau chu\u1ea9n DIN EN 16287-2. L\u00fd t\u01b0\u1edfng \u0111\u1ec3 \u0111\u1ef1ng \u0111\u1ed3 u\u1ed1ng, n\u01b0\u1edbc s\u1ed1t v\u00e0 d\u1ea7u \u0103n h\u1ea3o h\u1ea1ng.<\/p>","protected":false},"featured_media":6384,"comment_status":"open","ping_status":"closed","template":"","meta":{"jetpack_publicize_message":"","jetpack_publicize_feature_enabled":true,"jetpack_social_post_already_shared":true,"jetpack_social_options":{"image_generator_settings":{"template":"highway","default_image_id":0,"font":"","enabled":false},"version":2},"_wpas_customize_per_network":false},"product_brand":[1391],"product_cat":[1537,1438,1439,1376,1662],"product_tag":[1384],"class_list":{"0":"post-6382","1":"product","2":"type-product","3":"status-publish","4":"has-post-thumbnail","6":"product_brand-berlin-packaging","7":"product_cat-glass","8":"product_cat-500-750ml-beverage","9":"product_cat-750-1000ml-beverage","10":"product_cat-beverage","11":"product_cat-boston-round-bottles","12":"product_tag-beverage","14":"first","15":"outofstock","16":"shipping-taxable","17":"product-type-simple"},"exclude_global_add_ons":[],"addons":[],"jetpack_publicize_connections":[],"jetpack_sharing_enabled":true,"jetpack_likes_enabled":true,"_links":{"self":[{"href":"https:\/\/berlinpackagingapac.com\/vi\/wp-json\/wp\/v2\/product\/6382","targetHints":{"allow":["GET"]}}],"collection":[{"href":"https:\/\/berlinpackagingapac.com\/vi\/wp-json\/wp\/v2\/product"}],"about":[{"href":"https:\/\/berlinpackagingapac.com\/vi\/wp-json\/wp\/v2\/types\/product"}],"replies":[{"embeddable":true,"href":"https:\/\/berlinpackagingapac.com\/vi\/wp-json\/wp\/v2\/comments?post=6382"}],"version-history":[{"count":2,"href":"https:\/\/berlinpackagingapac.com\/vi\/wp-json\/wp\/v2\/product\/6382\/revisions"}],"predecessor-version":[{"id":6388,"href":"https:\/\/berlinpackagingapac.com\/vi\/wp-json\/wp\/v2\/product\/6382\/revisions\/6388"}],"wp:featuredmedia":[{"embeddable":true,"href":"https:\/\/berlinpackagingapac.com\/vi\/wp-json\/wp\/v2\/media\/6384"}],"wp:attachment":[{"href":"https:\/\/berlinpackagingapac.com\/vi\/wp-json\/wp\/v2\/media?parent=6382"}],"wp:term":[{"taxonomy":"product_brand","embeddable":true,"href":"https:\/\/berlinpackagingapac.com\/vi\/wp-json\/wp\/v2\/product_brand?post=6382"},{"taxonomy":"product_cat","embeddable":true,"href":"https:\/\/berlinpackagingapac.com\/vi\/wp-json\/wp\/v2\/product_cat?post=6382"},{"taxonomy":"product_tag","embeddable":true,"href":"https:\/\/berlinpackagingapac.com\/vi\/wp-json\/wp\/v2\/product_tag?post=6382"}],"curies":[{"name":"wp","href":"https:\/\/api.w.org\/{rel}","templated":true}]}}