{"id":6390,"date":"2025-06-26T09:44:53","date_gmt":"2025-06-26T01:44:53","guid":{"rendered":"https:\/\/berlinpackagingapac.com\/?post_type=product&#038;p=6390"},"modified":"2025-06-26T09:44:54","modified_gmt":"2025-06-26T01:44:54","slug":"binh-dung-ruou-vuong-700ml-bpg2231","status":"publish","type":"product","link":"https:\/\/berlinpackagingapac.com\/vi\/product\/700ml-flask-square-spirit-bottle-bpg2231\/","title":{"rendered":"B\u00ecnh vu\u00f4ng \u0111\u1ef1ng r\u01b0\u1ee3u 700ml, BPG2231"},"content":{"rendered":"<p data-start=\"112\" data-end=\"400\">C\u00e1c <strong data-start=\"116\" data-end=\"162\">B\u00ecnh vu\u00f4ng \u0111\u1ef1ng r\u01b0\u1ee3u 700ml \u2013 BPG2231<\/strong> l\u00e0 gi\u1ea3i ph\u00e1p \u0111\u00f3ng g\u00f3i th\u1ee7y tinh cao c\u1ea5p \u0111\u01b0\u1ee3c thi\u1ebft k\u1ebf cho c\u00e1c lo\u1ea1i r\u01b0\u1ee3u m\u1ea1nh cao c\u1ea5p nh\u01b0 whisky, gin, vodka, v.v. V\u1edbi <strong data-start=\"276\" data-end=\"305\">dung t\u00edch ch\u1ee9a 700ml<\/strong>, chai n\u00e0y v\u1eeba c\u00f3 ch\u1ee9c n\u0103ng v\u1eeba tinh t\u1ebf.<\/p>\n<p data-start=\"402\" data-end=\"822\">\u0110\u01b0\u1ee3c ch\u1ebf t\u1ea1o t\u1eeb <strong data-start=\"415\" data-end=\"443\">k\u00ednh \u0111\u00e1 l\u1eeda ch\u1ea5t l\u01b0\u1ee3ng cao<\/strong>, chai c\u00f3 m\u1ed9t <strong data-start=\"467\" data-end=\"488\">\u0111\u1ebf n\u1eb7ng (800g)<\/strong>, mang l\u1ea1i c\u1ea3m gi\u00e1c cao c\u1ea5p ph\u1ea3n \u00e1nh ch\u1ea5t l\u01b0\u1ee3ng c\u1ee7a s\u1ea3n ph\u1ea9m b\u00ean trong. <strong data-start=\"568\" data-end=\"590\">h\u00ecnh b\u00ecnh vu\u00f4ng<\/strong> v\u1edbi <strong data-start=\"596\" data-end=\"610\">m\u1eb7t ph\u1eb3ng<\/strong> \u0111\u1ea3m b\u1ea3o \u0111\u1ed9 \u1ed5n \u0111\u1ecbnh tuy\u1ec7t v\u1eddi v\u00e0 l\u00fd t\u01b0\u1edfng cho vi\u1ec7c d\u00e1n nh\u00e3n t\u00f9y ch\u1ec9nh. <strong data-start=\"692\" data-end=\"717\">Ho\u00e0n thi\u1ec7n c\u1ed5 chai b\u1eb1ng n\u00fat b\u1ea7n 31mm<\/strong> t\u01b0\u01a1ng th\u00edch v\u1edbi kh\u00f3a ch\u1eef T, mang l\u1ea1i v\u1ebb ngo\u00e0i c\u1ed5 \u0111i\u1ec3n, cao c\u1ea5p \u0111\u1ed3ng th\u1eddi \u0111\u1ea3m b\u1ea3o \u0111\u1ed9 k\u00edn ch\u1eafc ch\u1eafn.<\/p>\n<p data-start=\"824\" data-end=\"1231\">Chai n\u00e0y l\u00e0 <strong data-start=\"839\" data-end=\"860\">an to\u00e0n khi ti\u1ebfp x\u00fac v\u1edbi th\u1ef1c ph\u1ea9m<\/strong> v\u00e0 c\u00f3 th\u1ec3 \u0111\u01b0\u1ee3c t\u00f9y ch\u1ec9nh \u0111\u1ec3 ph\u00f9 h\u1ee3p v\u1edbi nh\u1eadn di\u1ec7n th\u01b0\u01a1ng hi\u1ec7u c\u1ee7a b\u1ea1n. Ch\u00fang t\u00f4i cung c\u1ea5p nhi\u1ec1u lo\u1ea1i <strong data-start=\"934\" data-end=\"958\">d\u1ecbch v\u1ee5 gi\u00e1 tr\u1ecb gia t\u0103ng<\/strong>, bao g\u1ed3m <strong data-start=\"970\" data-end=\"994\">in l\u1ee5a<\/strong>, <strong data-start=\"996\" data-end=\"1025\">l\u1edbp ho\u00e0n thi\u1ec7n m\u1edd ho\u1eb7c m\u1edd<\/strong>, <strong data-start=\"1027\" data-end=\"1039\">d\u00e1n nh\u00e3n<\/strong>, <strong data-start=\"1041\" data-end=\"1063\">bao b\u00ec h\u1ed9p qu\u00e0 t\u1eb7ng<\/strong>, V\u00e0 <strong data-start=\"1069\" data-end=\"1087\">d\u1eadp n\u1ed5i logo<\/strong>Cho d\u00f9 b\u1ea1n \u0111ang tung ra d\u00f2ng r\u01b0\u1ee3u m\u1edbi hay n\u00e2ng c\u1ea5p thi\u1ebft k\u1ebf chai hi\u1ec7n t\u1ea1i, BPG2231 l\u00e0 l\u1ef1a ch\u1ecdn n\u1ed5i b\u1eadt cho bao b\u00ec r\u01b0\u1ee3u cao c\u1ea5p.<\/p>","protected":false},"excerpt":{"rendered":"<table width=\"528\">\n<tbody>\n<tr>\n<td width=\"126\">Dung t\u00edch \u0111\u1ea7y ml<\/td>\n<td width=\"131\">Dung t\u00edch ch\u1ee9a ml<\/td>\n<td width=\"60\">Tr\u1ecdng l\u01b0\u1ee3ng g<\/td>\n<td width=\"68\">K\u1ebft th\u00fac mm<\/td>\n<td width=\"74\">\u0110\u01b0\u1eddng k\u00ednh mm<\/td>\n<td width=\"69\">Chi\u1ec1u cao mm<\/td>\n<\/tr>\n<tr>\n<td>734<\/td>\n<td>700<\/td>\n<td>800<\/td>\n<td>31<\/td>\n<td>95.3&#215;71.4<\/td>\n<td>210<\/td>\n<\/tr>\n<\/tbody>\n<\/table>","protected":false},"featured_media":6400,"comment_status":"open","ping_status":"closed","template":"","meta":{"jetpack_publicize_message":"","jetpack_publicize_feature_enabled":true,"jetpack_social_post_already_shared":true,"jetpack_social_options":{"image_generator_settings":{"template":"highway","default_image_id":0,"font":"","enabled":false},"version":2},"_wpas_customize_per_network":false},"product_brand":[1391],"product_cat":[1537,1466,1444],"product_tag":[1545],"class_list":{"0":"post-6390","1":"product","2":"type-product","3":"status-publish","4":"has-post-thumbnail","6":"product_brand-berlin-packaging","7":"product_cat-glass","8":"product_cat-500-700ml-spirits","9":"product_cat-spirits-bottles","10":"product_tag-spirit","12":"first","13":"outofstock","14":"shipping-taxable","15":"product-type-simple"},"exclude_global_add_ons":[],"addons":[],"jetpack_publicize_connections":[],"jetpack_sharing_enabled":true,"jetpack_likes_enabled":true,"_links":{"self":[{"href":"https:\/\/berlinpackagingapac.com\/vi\/wp-json\/wp\/v2\/product\/6390","targetHints":{"allow":["GET"]}}],"collection":[{"href":"https:\/\/berlinpackagingapac.com\/vi\/wp-json\/wp\/v2\/product"}],"about":[{"href":"https:\/\/berlinpackagingapac.com\/vi\/wp-json\/wp\/v2\/types\/product"}],"replies":[{"embeddable":true,"href":"https:\/\/berlinpackagingapac.com\/vi\/wp-json\/wp\/v2\/comments?post=6390"}],"version-history":[{"count":3,"href":"https:\/\/berlinpackagingapac.com\/vi\/wp-json\/wp\/v2\/product\/6390\/revisions"}],"predecessor-version":[{"id":6404,"href":"https:\/\/berlinpackagingapac.com\/vi\/wp-json\/wp\/v2\/product\/6390\/revisions\/6404"}],"wp:featuredmedia":[{"embeddable":true,"href":"https:\/\/berlinpackagingapac.com\/vi\/wp-json\/wp\/v2\/media\/6400"}],"wp:attachment":[{"href":"https:\/\/berlinpackagingapac.com\/vi\/wp-json\/wp\/v2\/media?parent=6390"}],"wp:term":[{"taxonomy":"product_brand","embeddable":true,"href":"https:\/\/berlinpackagingapac.com\/vi\/wp-json\/wp\/v2\/product_brand?post=6390"},{"taxonomy":"product_cat","embeddable":true,"href":"https:\/\/berlinpackagingapac.com\/vi\/wp-json\/wp\/v2\/product_cat?post=6390"},{"taxonomy":"product_tag","embeddable":true,"href":"https:\/\/berlinpackagingapac.com\/vi\/wp-json\/wp\/v2\/product_tag?post=6390"}],"curies":[{"name":"wp","href":"https:\/\/api.w.org\/{rel}","templated":true}]}}