{"id":6405,"date":"2025-06-26T09:57:04","date_gmt":"2025-06-26T01:57:04","guid":{"rendered":"https:\/\/berlinpackagingapac.com\/?post_type=product&#038;p=6405"},"modified":"2025-11-17T17:21:40","modified_gmt":"2025-11-17T09:21:40","slug":"hu-sot-mayonnaise-8-oz-58mm-bpd-802","status":"publish","type":"product","link":"https:\/\/berlinpackagingapac.com\/vi\/product\/8-oz-mayo-jar-58mm-bpd-802\/","title":{"rendered":"H\u0169 s\u1ed1t mayonnaise 8 oz 58mm, BPD-802"},"content":{"rendered":"<p data-start=\"383\" data-end=\"696\">C\u00e1c <strong data-start=\"387\" data-end=\"414\">H\u0169 s\u1ed1t mayonnaise 8 oz (BPD-802)<\/strong> l\u00e0 h\u1ed9p \u0111\u1ef1ng th\u1ef1c ph\u1ea9m \u0111a n\u0103ng ho\u00e0n h\u1ea3o cho nhi\u1ec1u lo\u1ea1i s\u1ea3n ph\u1ea9m nh\u01b0 s\u1ed1t mayonnaise, m\u1ee9t, th\u1ea1ch, n\u01b0\u1edbc s\u1ed1t, m\u1eadt ong v\u00e0 gia v\u1ecb. V\u1edbi <strong data-start=\"558\" data-end=\"587\">dung t\u00edch \u0111\u1ea7y \u0111\u1ee7 260ml<\/strong> v\u00e0 m\u1ed9t <strong data-start=\"594\" data-end=\"628\">dung t\u00edch ch\u1ee9a danh ngh\u0129a 240ml<\/strong>\u0110\u00e2y l\u00e0 s\u1ef1 l\u1ef1a ch\u1ecdn ph\u1ed5 bi\u1ebfn cho c\u1ea3 bao b\u00ec b\u00e1n l\u1ebb v\u00e0 d\u1ecbch v\u1ee5 th\u1ef1c ph\u1ea9m.<\/p>\n<p data-start=\"698\" data-end=\"932\">This 8 oz jelly jar features a <strong data-start=\"718\" data-end=\"748\">Ho\u00e0n thi\u1ec7n c\u1ea7n \u0111\u00e0n xo\u1eafn 58mm<\/strong>, \u0111\u1ea3m b\u1ea3o t\u01b0\u01a1ng th\u00edch v\u1edbi n\u1eafp v\u1eb7n ti\u00eau chu\u1ea9n v\u00e0 t\u1ea1o \u0111i\u1ec1u ki\u1ec7n cho vi\u1ec7c \u0111\u00f3ng k\u00edn kh\u00ed \u0111\u1ec3 gi\u1eef \u0111\u1ed9 t\u01b0\u01a1i ngon. H\u00ecnh tr\u1ee5 v\u00e0 th\u00e0nh h\u1ed9p nh\u1eb5n m\u1ecbn l\u00fd t\u01b0\u1edfng cho vi\u1ec7c d\u00e1n nh\u00e3n v\u00e0 t\u1ea1o th\u01b0\u01a1ng hi\u1ec7u.<\/p>\n<p data-start=\"934\" data-end=\"1251\">C\u00e1i l\u1ecd l\u00e0 <strong data-start=\"945\" data-end=\"977\">ho\u00e0n to\u00e0n tu\u00e2n th\u1ee7 ti\u1ebfp x\u00fac th\u1ef1c ph\u1ea9m<\/strong>, c\u00f3 th\u1ec3 t\u00e1i ch\u1ebf v\u00e0 h\u1ed7 tr\u1ee3 nhi\u1ec1u t\u00f9y ch\u1ecdn t\u00f9y ch\u1ec9nh bao g\u1ed3m <strong data-start=\"1044\" data-end=\"1068\">in l\u1ee5a<\/strong>, <strong data-start=\"1070\" data-end=\"1082\">d\u00e1n nh\u00e3n<\/strong>, V\u00e0 <strong data-start=\"1088\" data-end=\"1105\">l\u1edbp ph\u1ee7 m\u00e0u<\/strong>. Cho d\u00f9 b\u1ea1n \u0111ang \u0111\u00f3ng g\u00f3i gia v\u1ecb th\u1ee7 c\u00f4ng hay s\u1ea3n ph\u1ea9m th\u1ef1c ph\u1ea9m th\u01b0\u01a1ng m\u1ea1i, H\u0169 \u0111\u1ef1ng s\u1ed1t mayonnaise BPD-802 \u0111\u1ec1u mang l\u1ea1i s\u1ef1 trong su\u1ed1t, t\u00ednh n\u0103ng v\u00e0 v\u1ebb ngo\u00e0i h\u1ea5p d\u1eabn tr\u00ean k\u1ec7.<\/p>","protected":false},"excerpt":{"rendered":"<table style=\"border-collapse: collapse; width: 515.02pt;\" border=\"0\" width=\"1030\" cellspacing=\"0\" cellpadding=\"0\">\n<tbody>\n<tr style=\"height: 21.75pt;\">\n<td class=\"et3\" style=\"height: 21.75pt; width: 92.00pt;\" width=\"184\" height=\"43\">S\u1ee9c ch\u1ee9a \u0111\u1ea7y<\/td>\n<td class=\"et3\" style=\"width: 92.00pt;\" width=\"184\">C\u00e2n n\u1eb7ng<\/td>\n<td class=\"et3\" style=\"width: 147.35pt;\" width=\"294\">Ho\u00e0n th\u00e0nh<\/td>\n<td class=\"et3\" style=\"width: 92.00pt;\" width=\"184\">\u0110\u01b0\u1eddng k\u00ednh<\/td>\n<td class=\"et3\" style=\"width: 92.00pt;\" width=\"184\">Chi\u1ec1u cao<\/td>\n<\/tr>\n<tr style=\"height: 21.75pt;\">\n<td class=\"et4\" style=\"height: 21.75pt;\" height=\"43\">254<\/td>\n<td class=\"et4\">158<\/td>\n<td class=\"et4\">GPI 58-400<\/td>\n<td class=\"et4\">63<\/td>\n<td class=\"et4\">110<\/td>\n<\/tr>\n<\/tbody>\n<\/table>\n<p>&nbsp;<\/p>","protected":false},"featured_media":6408,"comment_status":"open","ping_status":"closed","template":"","meta":{"jetpack_publicize_message":"","jetpack_publicize_feature_enabled":true,"jetpack_social_post_already_shared":true,"jetpack_social_options":{"image_generator_settings":{"template":"highway","default_image_id":0,"font":"","enabled":false},"version":2},"_wpas_customize_per_network":false},"product_brand":[1391],"product_cat":[1537,1454,1375],"product_tag":[1383],"class_list":{"0":"post-6405","1":"product","2":"type-product","3":"status-publish","4":"has-post-thumbnail","6":"product_brand-berlin-packaging","7":"product_cat-glass","8":"product_cat-200-300ml-food-jar","9":"product_cat-food-bottle-food-jar","10":"product_tag-food","12":"first","13":"outofstock","14":"shipping-taxable","15":"product-type-simple"},"exclude_global_add_ons":[],"addons":[],"jetpack_publicize_connections":[],"jetpack_sharing_enabled":true,"jetpack_likes_enabled":true,"_links":{"self":[{"href":"https:\/\/berlinpackagingapac.com\/vi\/wp-json\/wp\/v2\/product\/6405","targetHints":{"allow":["GET"]}}],"collection":[{"href":"https:\/\/berlinpackagingapac.com\/vi\/wp-json\/wp\/v2\/product"}],"about":[{"href":"https:\/\/berlinpackagingapac.com\/vi\/wp-json\/wp\/v2\/types\/product"}],"replies":[{"embeddable":true,"href":"https:\/\/berlinpackagingapac.com\/vi\/wp-json\/wp\/v2\/comments?post=6405"}],"version-history":[{"count":5,"href":"https:\/\/berlinpackagingapac.com\/vi\/wp-json\/wp\/v2\/product\/6405\/revisions"}],"predecessor-version":[{"id":8954,"href":"https:\/\/berlinpackagingapac.com\/vi\/wp-json\/wp\/v2\/product\/6405\/revisions\/8954"}],"wp:featuredmedia":[{"embeddable":true,"href":"https:\/\/berlinpackagingapac.com\/vi\/wp-json\/wp\/v2\/media\/6408"}],"wp:attachment":[{"href":"https:\/\/berlinpackagingapac.com\/vi\/wp-json\/wp\/v2\/media?parent=6405"}],"wp:term":[{"taxonomy":"product_brand","embeddable":true,"href":"https:\/\/berlinpackagingapac.com\/vi\/wp-json\/wp\/v2\/product_brand?post=6405"},{"taxonomy":"product_cat","embeddable":true,"href":"https:\/\/berlinpackagingapac.com\/vi\/wp-json\/wp\/v2\/product_cat?post=6405"},{"taxonomy":"product_tag","embeddable":true,"href":"https:\/\/berlinpackagingapac.com\/vi\/wp-json\/wp\/v2\/product_tag?post=6405"}],"curies":[{"name":"wp","href":"https:\/\/api.w.org\/{rel}","templated":true}]}}