{"id":6412,"date":"2025-06-26T10:09:19","date_gmt":"2025-06-26T02:09:19","guid":{"rendered":"https:\/\/berlinpackagingapac.com\/?post_type=product&#038;p=6412"},"modified":"2025-07-11T12:31:41","modified_gmt":"2025-07-11T04:31:41","slug":"hu-vuong-100ml-bpc-038","status":"publish","type":"product","link":"https:\/\/berlinpackagingapac.com\/vi\/product\/100ml-square-jar-bpc-038\/","title":{"rendered":"H\u0169 vu\u00f4ng 100ml, BPC-038"},"content":{"rendered":"<p data-start=\"383\" data-end=\"685\">C\u00e1c <strong data-start=\"387\" data-end=\"423\">H\u0169 th\u1ee7y tinh vu\u00f4ng 100ml (BPC-038)<\/strong> cung c\u1ea5p gi\u1ea3i ph\u00e1p \u0111\u00f3ng g\u00f3i hi\u1ec7n \u0111\u1ea1i v\u00e0 nh\u1ecf g\u1ecdn ho\u00e0n h\u1ea3o cho th\u1ef1c ph\u1ea9m cao c\u1ea5p, m\u1eadt ong, m\u1ee9t, t\u01b0\u01a1ng \u1edbt v\u00e0 b\u01a1 ph\u1ebft. V\u1edbi <strong data-start=\"541\" data-end=\"570\">dung t\u00edch \u0111\u1ea7y 130ml<\/strong> v\u00e0 m\u1ed9t <strong data-start=\"577\" data-end=\"615\">dung t\u00edch ch\u1ee9a ti\u00eau chu\u1ea9n 100ml<\/strong>l\u1ecd n\u00e0y l\u00fd t\u01b0\u1edfng cho c\u1ea3 nhu c\u1ea7u \u0111\u00f3ng g\u00f3i th\u01b0\u01a1ng m\u1ea1i v\u00e0 th\u1ee7 c\u00f4ng.<\/p>\n<p data-start=\"687\" data-end=\"973\">Th\u00e2n vu\u00f4ng v\u1edbi c\u00e1c t\u1ea5m ph\u1eb3ng cho ph\u00e9p d\u00e1n nh\u00e3n v\u00e0 x\u00e2y d\u1ef1ng th\u01b0\u01a1ng hi\u1ec7u d\u1ec5 d\u00e0ng, trong khi <strong data-start=\"765\" data-end=\"797\">Ho\u00e0n thi\u1ec7n c\u1ea7n \u0111\u00e0n xo\u1eafn 45,4mm<\/strong> \u0110\u1ea3m b\u1ea3o t\u01b0\u01a1ng th\u00edch v\u1edbi c\u00e1c n\u1eafp v\u1eb7n th\u00f4ng th\u01b0\u1eddng, gi\u00fap \u0111\u00f3ng k\u00edn ch\u1eafc ch\u1eafn v\u00e0 gi\u1eef \u0111\u01b0\u1ee3c \u0111\u1ed9 t\u01b0\u01a1i ngon. \u0110\u1ebf n\u1eb7ng v\u00e0 th\u1ee7y tinh d\u00e0y mang l\u1ea1i c\u1ea3m gi\u00e1c cao c\u1ea5p, \u0111\u1ed3ng th\u1eddi \u0111\u1ea3m b\u1ea3o \u0111\u1ed9 b\u1ec1n.<\/p>\n<p data-start=\"975\" data-end=\"1296\">C\u00e1i l\u1ecd n\u00e0y l\u00e0 <strong data-start=\"987\" data-end=\"1013\">tu\u00e2n th\u1ee7 ti\u1ebfp x\u00fac th\u1ef1c ph\u1ea9m<\/strong>, l\u00e0m cho n\u00f3 an to\u00e0n cho c\u00e1c s\u1ea3n ph\u1ea9m ti\u00eau d\u00f9ng v\u00e0 h\u1ed7 tr\u1ee3 m\u1ed9t lo\u1ea1t <strong data-start=\"1079\" data-end=\"1109\">d\u1ecbch v\u1ee5 trang tr\u00ed theo y\u00eau c\u1ea7u<\/strong> bao g\u1ed3m <strong data-start=\"1120\" data-end=\"1144\">in l\u1ee5a<\/strong>, <strong data-start=\"1146\" data-end=\"1158\">kem ph\u1ee7<\/strong>, V\u00e0 <strong data-start=\"1164\" data-end=\"1185\">\u1ee9ng d\u1ee5ng nh\u00e3n<\/strong>. Cho d\u00f9 b\u1ea1n \u0111ang t\u00ecm ki\u1ebfm m\u1ed9t c\u00e1ch tr\u00ecnh b\u00e0y b\u00e1n l\u1ebb thanh l\u1ecbch hay bao b\u00ec th\u1ef1c ph\u1ea9m thi\u1ebft th\u1ef1c, BPC-038 \u0111\u1ec1u \u0111\u00e1p \u1ee9ng \u0111\u01b0\u1ee3c y\u00eau c\u1ea7u.<\/p>","protected":false},"excerpt":{"rendered":"<table width=\"528\">\n<tbody>\n<tr>\n<td width=\"126\">Dung t\u00edch \u0111\u1ea7y ml<\/td>\n<td width=\"131\">Dung t\u00edch ch\u1ee9a ml<\/td>\n<td width=\"60\">Tr\u1ecdng l\u01b0\u1ee3ng g<\/td>\n<td width=\"68\">K\u1ebft th\u00fac mm<\/td>\n<td width=\"74\">\u0110\u01b0\u1eddng k\u00ednh mm<\/td>\n<td width=\"69\">Chi\u1ec1u cao mm<\/td>\n<\/tr>\n<tr>\n<td>130<\/td>\n<td>100<\/td>\n<td>120<\/td>\n<td>45.4<\/td>\n<td>68.1&#215;53.6<\/td>\n<td>73.5<\/td>\n<\/tr>\n<\/tbody>\n<\/table>","protected":false},"featured_media":6414,"comment_status":"open","ping_status":"closed","template":"","meta":{"jetpack_publicize_message":"","jetpack_publicize_feature_enabled":true,"jetpack_social_post_already_shared":true,"jetpack_social_options":{"image_generator_settings":{"template":"highway","default_image_id":0,"font":"","enabled":false},"version":2},"_wpas_customize_per_network":false},"product_brand":[1391],"product_cat":[1537,1453,1375,1508],"product_tag":[1383],"class_list":{"0":"post-6412","1":"product","2":"type-product","3":"status-publish","4":"has-post-thumbnail","6":"product_brand-berlin-packaging","7":"product_cat-glass","8":"product_cat-100-200ml-food-jar","9":"product_cat-food-bottle-food-jar","10":"product_cat-square-jar","11":"product_tag-food","13":"first","14":"outofstock","15":"shipping-taxable","16":"product-type-simple"},"exclude_global_add_ons":[],"addons":[],"jetpack_publicize_connections":[],"jetpack_sharing_enabled":true,"jetpack_likes_enabled":true,"_links":{"self":[{"href":"https:\/\/berlinpackagingapac.com\/vi\/wp-json\/wp\/v2\/product\/6412","targetHints":{"allow":["GET"]}}],"collection":[{"href":"https:\/\/berlinpackagingapac.com\/vi\/wp-json\/wp\/v2\/product"}],"about":[{"href":"https:\/\/berlinpackagingapac.com\/vi\/wp-json\/wp\/v2\/types\/product"}],"replies":[{"embeddable":true,"href":"https:\/\/berlinpackagingapac.com\/vi\/wp-json\/wp\/v2\/comments?post=6412"}],"version-history":[{"count":2,"href":"https:\/\/berlinpackagingapac.com\/vi\/wp-json\/wp\/v2\/product\/6412\/revisions"}],"predecessor-version":[{"id":6417,"href":"https:\/\/berlinpackagingapac.com\/vi\/wp-json\/wp\/v2\/product\/6412\/revisions\/6417"}],"wp:featuredmedia":[{"embeddable":true,"href":"https:\/\/berlinpackagingapac.com\/vi\/wp-json\/wp\/v2\/media\/6414"}],"wp:attachment":[{"href":"https:\/\/berlinpackagingapac.com\/vi\/wp-json\/wp\/v2\/media?parent=6412"}],"wp:term":[{"taxonomy":"product_brand","embeddable":true,"href":"https:\/\/berlinpackagingapac.com\/vi\/wp-json\/wp\/v2\/product_brand?post=6412"},{"taxonomy":"product_cat","embeddable":true,"href":"https:\/\/berlinpackagingapac.com\/vi\/wp-json\/wp\/v2\/product_cat?post=6412"},{"taxonomy":"product_tag","embeddable":true,"href":"https:\/\/berlinpackagingapac.com\/vi\/wp-json\/wp\/v2\/product_tag?post=6412"}],"curies":[{"name":"wp","href":"https:\/\/api.w.org\/{rel}","templated":true}]}}