{"id":6504,"date":"2025-06-30T16:32:31","date_gmt":"2025-06-30T08:32:31","guid":{"rendered":"https:\/\/berlinpackagingapac.com\/?post_type=product&#038;p=6504"},"modified":"2025-06-30T16:32:31","modified_gmt":"2025-06-30T08:32:31","slug":"binh-dung-ruou-whisky-350ml-bpm-30","status":"publish","type":"product","link":"https:\/\/berlinpackagingapac.com\/vi\/product\/350ml-whisky-flask-bottle-bpm-30\/","title":{"rendered":"Chai \u0111\u1ef1ng r\u01b0\u1ee3u Whisky 350ml, BPM-30"},"content":{"rendered":"<p data-start=\"114\" data-end=\"405\">Chai Whisky Flask 350ml n\u00e0y k\u1ebft h\u1ee3p thi\u1ebft k\u1ebf v\u01b0\u1ee3t th\u1eddi gian v\u1edbi t\u00ednh n\u0103ng th\u1ef1c t\u1ebf, l\u00fd t\u01b0\u1edfng \u0111\u1ec3 \u0111\u00f3ng g\u00f3i r\u01b0\u1ee3u m\u1ea1nh cao c\u1ea5p. V\u1edbi h\u00ecnh b\u1ea7u d\u1ee5c d\u1eb9t v\u00e0 chi\u1ec1u cao nh\u1ecf g\u1ecdn 193,5mm, chai n\u00e0y s\u1edf h\u1eefu ki\u1ec3u d\u00e1ng thanh l\u1ecbch, ho\u00e0n h\u1ea3o \u0111\u1ec3 l\u00e0m qu\u00e0 t\u1eb7ng, tr\u01b0ng b\u00e0y tr\u00ean k\u1ec7 b\u00e1n l\u1ebb ho\u1eb7c l\u00e0m th\u01b0\u01a1ng hi\u1ec7u r\u01b0\u1ee3u ri\u00eang.<\/p>\n<p data-start=\"407\" data-end=\"710\">\u0110\u01b0\u1ee3c ch\u1ebf t\u00e1c t\u1eeb th\u1ee7y tinh d\u00e0y, trong su\u1ed1t v\u00e0 n\u1eb7ng 290g, chai c\u00f3 \u0111\u1ed9 b\u1ec1n tuy\u1ec7t v\u1eddi v\u00e0 c\u1ea3m gi\u00e1c sang tr\u1ecdng. C\u1ed5 chai r\u1ed9ng 28,3mm t\u01b0\u01a1ng th\u00edch v\u1edbi c\u00e1c lo\u1ea1i n\u1eafp ti\u00eau chu\u1ea9n nh\u01b0 n\u1eafp v\u1eb7n. M\u1eb7t chai r\u1ed9ng mang \u0111\u1ebfn b\u1ec1 m\u1eb7t ho\u00e0n h\u1ea3o cho vi\u1ec7c in nh\u00e3n v\u00e0 d\u1eadp n\u1ed5i t\u00f9y ch\u1ec9nh, gi\u00fap t\u0103ng c\u01b0\u1eddng kh\u1ea3 n\u0103ng nh\u1eadn di\u1ec7n th\u01b0\u01a1ng hi\u1ec7u.<\/p>\n<p data-start=\"712\" data-end=\"735\"><strong data-start=\"712\" data-end=\"735\">Th\u00f4ng s\u1ed1 k\u1ef9 thu\u1eadt ch\u00ednh:<\/strong><\/p>\n<ul data-start=\"736\" data-end=\"913\">\n<li data-start=\"736\" data-end=\"776\">\n<p data-start=\"738\" data-end=\"776\"><strong data-start=\"738\" data-end=\"748\">Ng\u01b0\u1eddi m\u1eabu:<\/strong> Chai \u0111\u1ef1ng r\u01b0\u1ee3u Whisky 350ml<\/p>\n<\/li>\n<li data-start=\"777\" data-end=\"808\">\n<p data-start=\"779\" data-end=\"808\"><strong data-start=\"779\" data-end=\"800\">S\u1ee9c ch\u1ee9a \u0111\u1ea7y:<\/strong> 362ml<\/p>\n<\/li>\n<li data-start=\"809\" data-end=\"829\">\n<p data-start=\"811\" data-end=\"829\"><strong data-start=\"811\" data-end=\"822\">C\u00e2n n\u1eb7ng:<\/strong> 290g<\/p>\n<\/li>\n<li data-start=\"830\" data-end=\"857\">\n<p data-start=\"832\" data-end=\"857\"><strong data-start=\"832\" data-end=\"848\">Ho\u00e0n thi\u1ec7n c\u1ed5:<\/strong> 28,3mm<\/p>\n<\/li>\n<li data-start=\"858\" data-end=\"889\">\n<p data-start=\"860\" data-end=\"889\"><strong data-start=\"860\" data-end=\"873\">\u0110\u01b0\u1eddng k\u00ednh:<\/strong> 42,2 x 91,5mm<\/p>\n<\/li>\n<li data-start=\"890\" data-end=\"913\">\n<p data-start=\"892\" data-end=\"913\"><strong data-start=\"892\" data-end=\"903\">Chi\u1ec1u cao:<\/strong> 193,5mm<\/p>\n<\/li>\n<\/ul>\n<p data-start=\"915\" data-end=\"1062\">Berlin Packaging APAC cung c\u1ea5p d\u1ecbch v\u1ee5 OEM\/ODM, \u0111\u00f3ng n\u1eafp v\u00e0 h\u1ed7 tr\u1ee3 trang tr\u00ed (ph\u1ee7 s\u01b0\u01a1ng, in l\u1ee5a, d\u00e1n nh\u00e3n) cho kh\u00e1ch h\u00e0ng r\u01b0\u1ee3u tr\u00ean to\u00e0n th\u1ebf gi\u1edbi.<\/p>","protected":false},"excerpt":{"rendered":"<table width=\"557\">\n<tbody>\n<tr>\n<td width=\"126\">Dung t\u00edch \u0111\u1ea7y ml<\/td>\n<td width=\"60\">Tr\u1ecdng l\u01b0\u1ee3ng g<\/td>\n<td width=\"228\">K\u1ebft th\u00fac mm<\/td>\n<td width=\"74\">\u0110\u01b0\u1eddng k\u00ednh mm<\/td>\n<td width=\"69\">Chi\u1ec1u cao mm<\/td>\n<\/tr>\n<tr>\n<td>362<\/td>\n<td>290<\/td>\n<td>28.3<\/td>\n<td>42.2&#215;91.5<\/td>\n<td>193.5<\/td>\n<\/tr>\n<\/tbody>\n<\/table>","protected":false},"featured_media":6506,"comment_status":"open","ping_status":"closed","template":"","meta":{"jetpack_publicize_message":"","jetpack_publicize_feature_enabled":true,"jetpack_social_post_already_shared":true,"jetpack_social_options":{"image_generator_settings":{"template":"highway","default_image_id":0,"font":"","enabled":false},"version":2},"_wpas_customize_per_network":false},"product_brand":[1391],"product_cat":[1465,1537,1444],"product_tag":[1492],"class_list":{"0":"post-6504","1":"product","2":"type-product","3":"status-publish","4":"has-post-thumbnail","6":"product_brand-berlin-packaging","7":"product_cat-100-500ml-spirits","8":"product_cat-glass","9":"product_cat-spirits-bottles","10":"product_tag-spirits","12":"first","13":"outofstock","14":"shipping-taxable","15":"product-type-simple"},"exclude_global_add_ons":[],"addons":[],"jetpack_publicize_connections":[],"jetpack_sharing_enabled":true,"jetpack_likes_enabled":true,"_links":{"self":[{"href":"https:\/\/berlinpackagingapac.com\/vi\/wp-json\/wp\/v2\/product\/6504","targetHints":{"allow":["GET"]}}],"collection":[{"href":"https:\/\/berlinpackagingapac.com\/vi\/wp-json\/wp\/v2\/product"}],"about":[{"href":"https:\/\/berlinpackagingapac.com\/vi\/wp-json\/wp\/v2\/types\/product"}],"replies":[{"embeddable":true,"href":"https:\/\/berlinpackagingapac.com\/vi\/wp-json\/wp\/v2\/comments?post=6504"}],"version-history":[{"count":2,"href":"https:\/\/berlinpackagingapac.com\/vi\/wp-json\/wp\/v2\/product\/6504\/revisions"}],"predecessor-version":[{"id":6509,"href":"https:\/\/berlinpackagingapac.com\/vi\/wp-json\/wp\/v2\/product\/6504\/revisions\/6509"}],"wp:featuredmedia":[{"embeddable":true,"href":"https:\/\/berlinpackagingapac.com\/vi\/wp-json\/wp\/v2\/media\/6506"}],"wp:attachment":[{"href":"https:\/\/berlinpackagingapac.com\/vi\/wp-json\/wp\/v2\/media?parent=6504"}],"wp:term":[{"taxonomy":"product_brand","embeddable":true,"href":"https:\/\/berlinpackagingapac.com\/vi\/wp-json\/wp\/v2\/product_brand?post=6504"},{"taxonomy":"product_cat","embeddable":true,"href":"https:\/\/berlinpackagingapac.com\/vi\/wp-json\/wp\/v2\/product_cat?post=6504"},{"taxonomy":"product_tag","embeddable":true,"href":"https:\/\/berlinpackagingapac.com\/vi\/wp-json\/wp\/v2\/product_tag?post=6504"}],"curies":[{"name":"wp","href":"https:\/\/api.w.org\/{rel}","templated":true}]}}