{"id":6822,"date":"2025-07-02T10:24:01","date_gmt":"2025-07-02T02:24:01","guid":{"rendered":"https:\/\/berlinpackagingapac.com\/?post_type=product&#038;p=6822"},"modified":"2025-07-02T10:24:01","modified_gmt":"2025-07-02T02:24:01","slug":"bpdx0821-19-desire-supreme-750ml","status":"publish","type":"product","link":"https:\/\/berlinpackagingapac.com\/vi\/product\/bpdx0821-19-desire-supreme-750ml\/","title":{"rendered":"BPDX0821-19, Desire Supreme 750ml"},"content":{"rendered":"<p>Desire Supreme 750ml BPDX0821-19 s\u1edf h\u1eefu thi\u1ebft k\u1ebf th\u1ee7y tinh l\u1ea5y c\u1ea3m h\u1ee9ng t\u1eeb pha l\u00ea tinh t\u1ebf, th\u00edch h\u1ee3p \u0111\u1ec3 tr\u01b0ng b\u00e0y r\u01b0\u1ee3u m\u1ea1nh cao c\u1ea5p. \u0110\u01b0\u1ee3c thi\u1ebft k\u1ebf d\u00e0nh cho c\u00e1c nh\u00e0 m\u00e1y ch\u01b0ng c\u1ea5t sang tr\u1ecdng v\u00e0 c\u00e1c th\u01b0\u01a1ng hi\u1ec7u \u0111\u1ed9c quy\u1ec1n \u0111ang t\u00ecm ki\u1ebfm nh\u1eefng b\u00ecnh decanter \u1ea5n t\u01b0\u1ee3ng v\u1edbi kh\u1ea3 n\u0103ng kh\u1eafc ch\u1eef t\u00f9y ch\u1ec9nh.<\/p>","protected":false},"excerpt":{"rendered":"<table width=\"591\">\n<tbody>\n<tr>\n<td width=\"123\">S\u1ee9c ch\u1ee9a \u0111\u1ea7y<\/td>\n<td width=\"123\">C\u00e2n n\u1eb7ng<\/td>\n<td width=\"99\">Ho\u00e0n th\u00e0nh<\/td>\n<td width=\"123\">\u0110\u01b0\u1eddng k\u00ednh<\/td>\n<td width=\"123\">Chi\u1ec1u cao<\/td>\n<\/tr>\n<tr>\n<td>775<\/td>\n<td>800<\/td>\n<td>34<\/td>\n<td>87<\/td>\n<td>255<\/td>\n<\/tr>\n<\/tbody>\n<\/table>","protected":false},"featured_media":6843,"comment_status":"open","ping_status":"closed","template":"","meta":{"jetpack_publicize_message":"","jetpack_publicize_feature_enabled":true,"jetpack_social_post_already_shared":true,"jetpack_social_options":{"image_generator_settings":{"template":"highway","default_image_id":0,"font":"","enabled":false},"version":2},"_wpas_customize_per_network":false},"product_brand":[1391],"product_cat":[1467,1537,1444],"product_tag":[1492],"class_list":{"0":"post-6822","1":"product","2":"type-product","3":"status-publish","4":"has-post-thumbnail","6":"product_brand-berlin-packaging","7":"product_cat-750-1000ml-spirits","8":"product_cat-glass","9":"product_cat-spirits-bottles","10":"product_tag-spirits","12":"first","13":"outofstock","14":"shipping-taxable","15":"product-type-simple"},"exclude_global_add_ons":[],"addons":[],"jetpack_publicize_connections":[],"jetpack_sharing_enabled":true,"jetpack_likes_enabled":true,"_links":{"self":[{"href":"https:\/\/berlinpackagingapac.com\/vi\/wp-json\/wp\/v2\/product\/6822","targetHints":{"allow":["GET"]}}],"collection":[{"href":"https:\/\/berlinpackagingapac.com\/vi\/wp-json\/wp\/v2\/product"}],"about":[{"href":"https:\/\/berlinpackagingapac.com\/vi\/wp-json\/wp\/v2\/types\/product"}],"replies":[{"embeddable":true,"href":"https:\/\/berlinpackagingapac.com\/vi\/wp-json\/wp\/v2\/comments?post=6822"}],"version-history":[{"count":2,"href":"https:\/\/berlinpackagingapac.com\/vi\/wp-json\/wp\/v2\/product\/6822\/revisions"}],"predecessor-version":[{"id":6825,"href":"https:\/\/berlinpackagingapac.com\/vi\/wp-json\/wp\/v2\/product\/6822\/revisions\/6825"}],"wp:featuredmedia":[{"embeddable":true,"href":"https:\/\/berlinpackagingapac.com\/vi\/wp-json\/wp\/v2\/media\/6843"}],"wp:attachment":[{"href":"https:\/\/berlinpackagingapac.com\/vi\/wp-json\/wp\/v2\/media?parent=6822"}],"wp:term":[{"taxonomy":"product_brand","embeddable":true,"href":"https:\/\/berlinpackagingapac.com\/vi\/wp-json\/wp\/v2\/product_brand?post=6822"},{"taxonomy":"product_cat","embeddable":true,"href":"https:\/\/berlinpackagingapac.com\/vi\/wp-json\/wp\/v2\/product_cat?post=6822"},{"taxonomy":"product_tag","embeddable":true,"href":"https:\/\/berlinpackagingapac.com\/vi\/wp-json\/wp\/v2\/product_tag?post=6822"}],"curies":[{"name":"wp","href":"https:\/\/api.w.org\/{rel}","templated":true}]}}