{"id":6826,"date":"2025-07-02T10:43:39","date_gmt":"2025-07-02T02:43:39","guid":{"rendered":"https:\/\/berlinpackagingapac.com\/?post_type=product&#038;p=6826"},"modified":"2025-08-13T15:38:16","modified_gmt":"2025-08-13T07:38:16","slug":"bp401212-750ml-ascot-bottle","status":"publish","type":"product","link":"https:\/\/berlinpackagingapac.com\/vi\/san-pham\/bp401212-750ml-ascot-bottle\/","title":{"rendered":"BP401212, Chai Ascot 750ml"},"content":{"rendered":"<p>Chai Ascot BP401212 750ml \u0111\u01b0\u1ee3c ch\u1ebf t\u00e1c t\u1eeb th\u1ee7y tinh pha l\u00ea cao c\u1ea5p, ph\u00f9 h\u1ee3p \u0111\u1ec3 tr\u01b0ng b\u00e0y r\u01b0\u1ee3u m\u1ea1nh th\u01b0\u1ee3ng h\u1ea1ng. \u0110\u01b0\u1ee3c thi\u1ebft k\u1ebf cho c\u00e1c nh\u00e0 m\u00e1y ch\u01b0ng c\u1ea5t sang tr\u1ecdng v\u00e0 c\u00e1c th\u01b0\u01a1ng hi\u1ec7u \u0111\u1ed9c quy\u1ec1n \u0111ang t\u00ecm ki\u1ebfm b\u00ecnh decanter tinh x\u1ea3o v\u1edbi kh\u1ea3 n\u0103ng kh\u1eafc ch\u1eef t\u00f9y ch\u1ec9nh v\u00e0 c\u00e1c t\u00f9y ch\u1ecdn th\u01b0\u01a1ng hi\u1ec7u cao c\u1ea5p.<\/p>","protected":false},"excerpt":{"rendered":"<table width=\"591\">\n<tbody>\n<tr>\n<td width=\"123\">S\u1ee9c ch\u1ee9a \u0111\u1ea7y<\/td>\n<td width=\"123\">C\u00e2n n\u1eb7ng<\/td>\n<td width=\"99\">Ho\u00e0n th\u00e0nh<\/td>\n<td width=\"123\">\u0110\u01b0\u1eddng k\u00ednh<\/td>\n<td width=\"123\">Chi\u1ec1u cao<\/td>\n<\/tr>\n<tr>\n<td>776<\/td>\n<td>800<\/td>\n<td>34<\/td>\n<td>109.3<\/td>\n<td>217.7<\/td>\n<\/tr>\n<\/tbody>\n<\/table>","protected":false},"featured_media":6845,"comment_status":"open","ping_status":"closed","template":"","meta":{"jetpack_publicize_message":"","jetpack_publicize_feature_enabled":true,"jetpack_social_post_already_shared":true,"jetpack_social_options":{"image_generator_settings":{"template":"highway","default_image_id":0,"font":"","enabled":false},"version":2},"_wpas_customize_per_network":false},"product_brand":[1391],"product_cat":[1467,1537,1444],"product_tag":[1492],"class_list":{"0":"post-6826","1":"product","2":"type-product","3":"status-publish","4":"has-post-thumbnail","6":"product_brand-berlin-packaging","7":"product_cat-750-1000ml-spirits","8":"product_cat-glass","9":"product_cat-spirits-bottles","10":"product_tag-spirits","12":"first","13":"outofstock","14":"shipping-taxable","15":"product-type-simple"},"exclude_global_add_ons":[],"addons":[],"jetpack_publicize_connections":[],"jetpack_sharing_enabled":true,"jetpack_likes_enabled":true,"_links":{"self":[{"href":"https:\/\/berlinpackagingapac.com\/vi\/wp-json\/wp\/v2\/product\/6826","targetHints":{"allow":["GET"]}}],"collection":[{"href":"https:\/\/berlinpackagingapac.com\/vi\/wp-json\/wp\/v2\/product"}],"about":[{"href":"https:\/\/berlinpackagingapac.com\/vi\/wp-json\/wp\/v2\/types\/product"}],"replies":[{"embeddable":true,"href":"https:\/\/berlinpackagingapac.com\/vi\/wp-json\/wp\/v2\/comments?post=6826"}],"version-history":[{"count":2,"href":"https:\/\/berlinpackagingapac.com\/vi\/wp-json\/wp\/v2\/product\/6826\/revisions"}],"predecessor-version":[{"id":6828,"href":"https:\/\/berlinpackagingapac.com\/vi\/wp-json\/wp\/v2\/product\/6826\/revisions\/6828"}],"wp:featuredmedia":[{"embeddable":true,"href":"https:\/\/berlinpackagingapac.com\/vi\/wp-json\/wp\/v2\/media\/6845"}],"wp:attachment":[{"href":"https:\/\/berlinpackagingapac.com\/vi\/wp-json\/wp\/v2\/media?parent=6826"}],"wp:term":[{"taxonomy":"product_brand","embeddable":true,"href":"https:\/\/berlinpackagingapac.com\/vi\/wp-json\/wp\/v2\/product_brand?post=6826"},{"taxonomy":"product_cat","embeddable":true,"href":"https:\/\/berlinpackagingapac.com\/vi\/wp-json\/wp\/v2\/product_cat?post=6826"},{"taxonomy":"product_tag","embeddable":true,"href":"https:\/\/berlinpackagingapac.com\/vi\/wp-json\/wp\/v2\/product_tag?post=6826"}],"curies":[{"name":"wp","href":"https:\/\/api.w.org\/{rel}","templated":true}]}}