{"id":6880,"date":"2025-07-02T11:28:20","date_gmt":"2025-07-02T03:28:20","guid":{"rendered":"https:\/\/berlinpackagingapac.com\/?post_type=product&#038;p=6880"},"modified":"2025-08-13T17:01:39","modified_gmt":"2025-08-13T09:01:39","slug":"lo-thuy-tinh-tiem-bpda-68-10ml","status":"publish","type":"product","link":"https:\/\/berlinpackagingapac.com\/vi\/product\/bpda-68-10ml-glass-injection-vials\/","title":{"rendered":"BPDA-68, l\u1ecd th\u1ee7y tinh ti\u00eam 10ml"},"content":{"rendered":"<p>L\u1ecd th\u1ee7y tinh ti\u00eam BPDA-68 10ml \u0111\u01b0\u1ee3c \u0111\u00f3ng g\u00f3i v\u00f4 tr\u00f9ng \u0111\u1ea1t ti\u00eau chu\u1ea9n y t\u1ebf. \u0110\u01b0\u1ee3c s\u1ea3n xu\u1ea5t t\u1eeb th\u1ee7y tinh borosilicate lo\u1ea1i I theo ti\u00eau chu\u1ea9n USP, d\u00f9ng cho thu\u1ed1c ti\u00eam v\u00e0 v\u1eafc-xin, t\u01b0\u01a1ng th\u00edch v\u1edbi c\u00e1c quy tr\u00ecnh ti\u1ec7t tr\u00f9ng ti\u00eau chu\u1ea9n.<\/p>","protected":false},"excerpt":{"rendered":"<table style=\"border-collapse: collapse; width: 306.02pt;\" border=\"0\" width=\"612\" cellspacing=\"0\" cellpadding=\"0\">\n<tbody>\n<tr style=\"height: 21.75pt;\">\n<td class=\"et3\" style=\"height: 21.75pt; width: 92.00pt;\" width=\"184\" height=\"43\">S\u1ee9c ch\u1ee9a \u0111\u1ea7y<\/td>\n<td class=\"et3\" style=\"width: 53.50pt;\" width=\"107\">C\u00e2n n\u1eb7ng<\/td>\n<td class=\"et3\" style=\"width: 53.50pt;\" width=\"107\">Ho\u00e0n th\u00e0nh<\/td>\n<td class=\"et3\" style=\"width: 53.50pt;\" width=\"107\">\u0110\u01b0\u1eddng k\u00ednh<\/td>\n<td class=\"et3\" style=\"width: 53.50pt;\" width=\"107\">Chi\u1ec1u cao<\/td>\n<\/tr>\n<tr style=\"height: 21.75pt;\">\n<td class=\"et4\" style=\"height: 21.75pt;\" height=\"43\">15<\/td>\n<td class=\"et4\">17.5<\/td>\n<td class=\"et4\">20<\/td>\n<td class=\"et4\">24.5<\/td>\n<td class=\"et4\">53.7<\/td>\n<\/tr>\n<\/tbody>\n<\/table>","protected":false},"featured_media":6882,"comment_status":"open","ping_status":"closed","template":"","meta":{"jetpack_publicize_message":"","jetpack_publicize_feature_enabled":true,"jetpack_social_post_already_shared":true,"jetpack_social_options":{"image_generator_settings":{"template":"highway","default_image_id":0,"font":"","enabled":false},"version":2},"_wpas_customize_per_network":false},"product_brand":[1391],"product_cat":[1611,1537,1378],"product_tag":[1386],"class_list":{"0":"post-6880","1":"product","2":"type-product","3":"status-publish","4":"has-post-thumbnail","6":"product_brand-berlin-packaging","7":"product_cat-7-100ml","8":"product_cat-glass","9":"product_cat-pharmaceutical-nutraceutical","10":"product_tag-pharmaceutical-nutraceutical","12":"first","13":"outofstock","14":"shipping-taxable","15":"product-type-simple"},"exclude_global_add_ons":[],"addons":[],"jetpack_publicize_connections":[],"jetpack_sharing_enabled":true,"jetpack_likes_enabled":true,"_links":{"self":[{"href":"https:\/\/berlinpackagingapac.com\/vi\/wp-json\/wp\/v2\/product\/6880","targetHints":{"allow":["GET"]}}],"collection":[{"href":"https:\/\/berlinpackagingapac.com\/vi\/wp-json\/wp\/v2\/product"}],"about":[{"href":"https:\/\/berlinpackagingapac.com\/vi\/wp-json\/wp\/v2\/types\/product"}],"replies":[{"embeddable":true,"href":"https:\/\/berlinpackagingapac.com\/vi\/wp-json\/wp\/v2\/comments?post=6880"}],"version-history":[{"count":2,"href":"https:\/\/berlinpackagingapac.com\/vi\/wp-json\/wp\/v2\/product\/6880\/revisions"}],"predecessor-version":[{"id":6885,"href":"https:\/\/berlinpackagingapac.com\/vi\/wp-json\/wp\/v2\/product\/6880\/revisions\/6885"}],"wp:featuredmedia":[{"embeddable":true,"href":"https:\/\/berlinpackagingapac.com\/vi\/wp-json\/wp\/v2\/media\/6882"}],"wp:attachment":[{"href":"https:\/\/berlinpackagingapac.com\/vi\/wp-json\/wp\/v2\/media?parent=6880"}],"wp:term":[{"taxonomy":"product_brand","embeddable":true,"href":"https:\/\/berlinpackagingapac.com\/vi\/wp-json\/wp\/v2\/product_brand?post=6880"},{"taxonomy":"product_cat","embeddable":true,"href":"https:\/\/berlinpackagingapac.com\/vi\/wp-json\/wp\/v2\/product_cat?post=6880"},{"taxonomy":"product_tag","embeddable":true,"href":"https:\/\/berlinpackagingapac.com\/vi\/wp-json\/wp\/v2\/product_tag?post=6880"}],"curies":[{"name":"wp","href":"https:\/\/api.w.org\/{rel}","templated":true}]}}