{"id":7029,"date":"2025-07-08T16:04:55","date_gmt":"2025-07-08T08:04:55","guid":{"rendered":"https:\/\/berlinpackagingapac.com\/?post_type=product&#038;p=7029"},"modified":"2026-05-08T16:58:41","modified_gmt":"2026-05-08T08:58:41","slug":"750ml-water-bottle-bpb-588","status":"publish","type":"product","link":"https:\/\/berlinpackagingapac.com\/vi\/san-pham\/750ml-water-bottle-bpb-588\/","title":{"rendered":"B\u00ecnh n\u01b0\u1edbc 750ml, BPB-588"},"content":{"rendered":"<p>B\u00ecnh n\u01b0\u1edbc 750ml (m\u00e3 s\u1ea3n ph\u1ea9m BPB-588) l\u00e0 b\u00ecnh th\u1ee7y tinh cao v\u00e0 thanh l\u1ecbch v\u1edbi dung t\u00edch 775ml v\u00e0 tr\u1ecdng l\u01b0\u1ee3ng 440g. \u0110\u01b0\u1ee3c ch\u1ebf t\u00e1c t\u1eeb th\u1ee7y tinh cao c\u1ea5p, \u0111\u1ea1t ti\u00eau chu\u1ea9n th\u1ef1c ph\u1ea9m, b\u00ecnh c\u00f3 \u0111\u01b0\u1eddng k\u00ednh 28mm, \u0111\u01b0\u1eddng k\u00ednh 81,86mm v\u00e0 chi\u1ec1u cao 293,05mm. L\u00fd t\u01b0\u1edfng cho c\u1ea3 n\u01b0\u1edbc kh\u00f4ng ga v\u00e0 n\u01b0\u1edbc c\u00f3 ga, b\u00ecnh n\u00e0y mang \u0111\u1ebfn gi\u1ea3i ph\u00e1p \u0111\u00f3ng g\u00f3i cao c\u1ea5p cho c\u00e1c th\u01b0\u01a1ng hi\u1ec7u \u0111\u1ed3 u\u1ed1ng \u0111ang t\u00ecm ki\u1ebfm v\u1ebb ngo\u00e0i hi\u1ec7n \u0111\u1ea1i, t\u1ed1i gi\u1ea3n. B\u1ec1 m\u1eb7t nh\u1eb5n m\u1ecbn th\u00edch h\u1ee3p \u0111\u1ec3 d\u00e1n nh\u00e3n ho\u1eb7c trang tr\u00ed theo y\u00eau c\u1ea7u, ho\u00e0n h\u1ea3o cho m\u1ee5c \u0111\u00edch x\u00e2y d\u1ef1ng th\u01b0\u01a1ng hi\u1ec7u. Ph\u00f9 h\u1ee3p cho c\u1ea3 m\u1ee5c \u0111\u00edch s\u1eed d\u1ee5ng trong gia \u0111\u00ecnh v\u00e0 th\u01b0\u01a1ng m\u1ea1i.<\/p>","protected":false},"excerpt":{"rendered":"<table width=\"449\">\n<tbody>\n<tr>\n<td width=\"126\">Dung t\u00edch \u0111\u1ea7y ml<\/td>\n<td width=\"60\">Tr\u1ecdng l\u01b0\u1ee3ng g<\/td>\n<td width=\"120\">K\u1ebft th\u00fac mm<\/td>\n<td width=\"74\">\u0110\u01b0\u1eddng k\u00ednh mm<\/td>\n<td width=\"69\">Chi\u1ec1u cao mm<\/td>\n<\/tr>\n<tr>\n<td>775<\/td>\n<td>440<\/td>\n<td>28<\/td>\n<td>\u2300 81,86<\/td>\n<td>293.05<\/td>\n<\/tr>\n<\/tbody>\n<\/table>","protected":false},"featured_media":7031,"comment_status":"open","ping_status":"closed","template":"","meta":{"jetpack_publicize_message":"","jetpack_publicize_feature_enabled":true,"jetpack_social_post_already_shared":true,"jetpack_social_options":{"image_generator_settings":{"template":"highway","default_image_id":0,"font":"","enabled":false},"version":2},"_wpas_customize_per_network":false},"product_brand":[1391],"product_cat":[1376,1537,1437],"product_tag":[1384],"class_list":{"0":"post-7029","1":"product","2":"type-product","3":"status-publish","4":"has-post-thumbnail","6":"product_brand-berlin-packaging","7":"product_cat-beverage","8":"product_cat-glass","9":"product_cat-330-500ml-beverage","10":"product_tag-beverage","12":"first","13":"outofstock","14":"shipping-taxable","15":"product-type-simple"},"exclude_global_add_ons":[],"addons":[],"jetpack_publicize_connections":[],"jetpack_sharing_enabled":true,"jetpack_likes_enabled":true,"_links":{"self":[{"href":"https:\/\/berlinpackagingapac.com\/vi\/wp-json\/wp\/v2\/product\/7029","targetHints":{"allow":["GET"]}}],"collection":[{"href":"https:\/\/berlinpackagingapac.com\/vi\/wp-json\/wp\/v2\/product"}],"about":[{"href":"https:\/\/berlinpackagingapac.com\/vi\/wp-json\/wp\/v2\/types\/product"}],"replies":[{"embeddable":true,"href":"https:\/\/berlinpackagingapac.com\/vi\/wp-json\/wp\/v2\/comments?post=7029"}],"version-history":[{"count":2,"href":"https:\/\/berlinpackagingapac.com\/vi\/wp-json\/wp\/v2\/product\/7029\/revisions"}],"predecessor-version":[{"id":7032,"href":"https:\/\/berlinpackagingapac.com\/vi\/wp-json\/wp\/v2\/product\/7029\/revisions\/7032"}],"wp:featuredmedia":[{"embeddable":true,"href":"https:\/\/berlinpackagingapac.com\/vi\/wp-json\/wp\/v2\/media\/7031"}],"wp:attachment":[{"href":"https:\/\/berlinpackagingapac.com\/vi\/wp-json\/wp\/v2\/media?parent=7029"}],"wp:term":[{"taxonomy":"product_brand","embeddable":true,"href":"https:\/\/berlinpackagingapac.com\/vi\/wp-json\/wp\/v2\/product_brand?post=7029"},{"taxonomy":"product_cat","embeddable":true,"href":"https:\/\/berlinpackagingapac.com\/vi\/wp-json\/wp\/v2\/product_cat?post=7029"},{"taxonomy":"product_tag","embeddable":true,"href":"https:\/\/berlinpackagingapac.com\/vi\/wp-json\/wp\/v2\/product_tag?post=7029"}],"curies":[{"name":"wp","href":"https:\/\/api.w.org\/{rel}","templated":true}]}}