{"id":7058,"date":"2025-07-08T16:33:09","date_gmt":"2025-07-08T08:33:09","guid":{"rendered":"https:\/\/berlinpackagingapac.com\/?post_type=product&#038;p=7058"},"modified":"2025-08-13T15:55:22","modified_gmt":"2025-08-13T07:55:22","slug":"chai-nuoc-ep-500ml-bpd-772","status":"publish","type":"product","link":"https:\/\/berlinpackagingapac.com\/vi\/product\/500ml-juice-bottle-bpd-772\/","title":{"rendered":"Chai n\u01b0\u1edbc \u00e9p 500ml, BPD-772"},"content":{"rendered":"<p>BPD-772 l\u00e0 chai n\u01b0\u1edbc \u00e9p th\u1ee7y tinh trong su\u1ed1t 500ml v\u1edbi dung t\u00edch 530ml, k\u1ebft c\u1ea5u nh\u1eb9 nh\u01b0ng b\u1ec1n b\u1ec9 v\u1edbi tr\u1ecdng l\u01b0\u1ee3ng 250g. V\u1edbi c\u1ed5 chai 38mm, \u0111\u01b0\u1eddng k\u00ednh 71mm v\u00e0 chi\u1ec1u cao 200mm, chai n\u00e0y mang \u0111\u1ebfn s\u1ef1 c\u00e2n b\u1eb1ng ho\u00e0n h\u1ea3o gi\u1eefa t\u00ednh di \u0111\u1ed9ng v\u00e0 s\u1ee9c ch\u1ee9a. Thi\u1ebft k\u1ebf cao, thanh m\u1ea3nh l\u00fd t\u01b0\u1edfng cho n\u01b0\u1edbc \u00e9p l\u1ea1nh, sinh t\u1ed1, s\u1eefa, n\u01b0\u1edbc c\u00f3 h\u01b0\u01a1ng v\u1ecb v\u00e0 c\u00e1c lo\u1ea1i \u0111\u1ed3 u\u1ed1ng kh\u00f4ng ga kh\u00e1c. \u0110\u01b0\u1ee3c l\u00e0m t\u1eeb th\u1ee7y tinh an to\u00e0n th\u1ef1c ph\u1ea9m, c\u00f3 th\u1ec3 t\u00e1i ch\u1ebf, chai \u0111\u1ea3m b\u1ea3o an to\u00e0n, \u0111\u1ed9 t\u01b0\u01a1i ngon v\u00e0 t\u00ednh b\u1ec1n v\u1eefng v\u1edbi m\u00f4i tr\u01b0\u1eddng cho s\u1ea3n ph\u1ea9m. B\u1ec1 m\u1eb7t nh\u1eb5n m\u1ecbn cho ph\u00e9p d\u00e1n nh\u00e3n to\u00e0n b\u1ed9 ho\u1eb7c in tr\u1ef1c ti\u1ebfp.<\/p>","protected":false},"excerpt":{"rendered":"<table width=\"449\">\n<tbody>\n<tr>\n<td width=\"126\">Dung t\u00edch \u0111\u1ea7y ml<\/td>\n<td width=\"60\">Tr\u1ecdng l\u01b0\u1ee3ng g<\/td>\n<td width=\"120\">K\u1ebft th\u00fac mm<\/td>\n<td width=\"74\">\u0110\u01b0\u1eddng k\u00ednh mm<\/td>\n<td width=\"69\">Chi\u1ec1u cao mm<\/td>\n<\/tr>\n<tr>\n<td>530<\/td>\n<td>250<\/td>\n<td>38<\/td>\n<td>\u230071<\/td>\n<td>200<\/td>\n<\/tr>\n<\/tbody>\n<\/table>","protected":false},"featured_media":7676,"comment_status":"open","ping_status":"closed","template":"","meta":{"jetpack_publicize_message":"","jetpack_publicize_feature_enabled":true,"jetpack_social_post_already_shared":true,"jetpack_social_options":{"image_generator_settings":{"template":"highway","default_image_id":0,"font":"","enabled":false},"version":2},"_wpas_customize_per_network":false},"product_brand":[1391],"product_cat":[1437,1376,1537],"product_tag":[1384],"class_list":{"0":"post-7058","1":"product","2":"type-product","3":"status-publish","4":"has-post-thumbnail","6":"product_brand-berlin-packaging","7":"product_cat-330-500ml-beverage","8":"product_cat-beverage","9":"product_cat-glass","10":"product_tag-beverage","12":"first","13":"outofstock","14":"shipping-taxable","15":"product-type-simple"},"exclude_global_add_ons":[],"addons":[],"jetpack_publicize_connections":[],"jetpack_sharing_enabled":true,"jetpack_likes_enabled":true,"_links":{"self":[{"href":"https:\/\/berlinpackagingapac.com\/vi\/wp-json\/wp\/v2\/product\/7058","targetHints":{"allow":["GET"]}}],"collection":[{"href":"https:\/\/berlinpackagingapac.com\/vi\/wp-json\/wp\/v2\/product"}],"about":[{"href":"https:\/\/berlinpackagingapac.com\/vi\/wp-json\/wp\/v2\/types\/product"}],"replies":[{"embeddable":true,"href":"https:\/\/berlinpackagingapac.com\/vi\/wp-json\/wp\/v2\/comments?post=7058"}],"version-history":[{"count":2,"href":"https:\/\/berlinpackagingapac.com\/vi\/wp-json\/wp\/v2\/product\/7058\/revisions"}],"predecessor-version":[{"id":7061,"href":"https:\/\/berlinpackagingapac.com\/vi\/wp-json\/wp\/v2\/product\/7058\/revisions\/7061"}],"wp:featuredmedia":[{"embeddable":true,"href":"https:\/\/berlinpackagingapac.com\/vi\/wp-json\/wp\/v2\/media\/7676"}],"wp:attachment":[{"href":"https:\/\/berlinpackagingapac.com\/vi\/wp-json\/wp\/v2\/media?parent=7058"}],"wp:term":[{"taxonomy":"product_brand","embeddable":true,"href":"https:\/\/berlinpackagingapac.com\/vi\/wp-json\/wp\/v2\/product_brand?post=7058"},{"taxonomy":"product_cat","embeddable":true,"href":"https:\/\/berlinpackagingapac.com\/vi\/wp-json\/wp\/v2\/product_cat?post=7058"},{"taxonomy":"product_tag","embeddable":true,"href":"https:\/\/berlinpackagingapac.com\/vi\/wp-json\/wp\/v2\/product_tag?post=7058"}],"curies":[{"name":"wp","href":"https:\/\/api.w.org\/{rel}","templated":true}]}}