{"id":7083,"date":"2025-07-08T17:01:06","date_gmt":"2025-07-08T09:01:06","guid":{"rendered":"https:\/\/berlinpackagingapac.com\/?post_type=product&#038;p=7083"},"modified":"2025-07-08T17:01:06","modified_gmt":"2025-07-08T09:01:06","slug":"binh-dung-nuoc-170ml-bpb-331","status":"publish","type":"product","link":"https:\/\/berlinpackagingapac.com\/vi\/product\/170ml-flask-bottle-bpb-331\/","title":{"rendered":"B\u00ecnh th\u1ee7y tinh 170ml, BPB-331"},"content":{"rendered":"<p data-start=\"176\" data-end=\"826\">BPB-331 l\u00e0 b\u00ecnh th\u1ee7y tinh trong su\u1ed1t 170ml v\u1edbi dung t\u00edch 182ml v\u00e0 tr\u1ecdng l\u01b0\u1ee3ng 210g. V\u1edbi \u0111\u01b0\u1eddng k\u00ednh c\u1ed5 28mm, b\u00ecnh h\u00ecnh ch\u1eef nh\u1eadt n\u00e0y c\u00f3 k\u00edch th\u01b0\u1edbc 36,1mm x 74mm v\u00e0 cao 161,5mm. Thi\u1ebft k\u1ebf ph\u1eb3ng, nh\u1ecf g\u1ecdn gi\u00fap s\u1ea3n ph\u1ea9m tr\u1edf th\u00e0nh l\u1ef1a ch\u1ecdn thi\u1ebft th\u1ef1c v\u00e0 phong c\u00e1ch cho c\u00e1c lo\u1ea1i r\u01b0\u1ee3u m\u1ea1nh nh\u01b0 whisky, rum, r\u01b0\u1ee3u m\u00f9i v\u00e0 cocktail pha tr\u1ed9n. Th\u00e2n b\u00ecnh ph\u1eb3ng mang l\u1ea1i di\u1ec7n t\u00edch b\u1ec1 m\u1eb7t r\u1ed9ng r\u00e3i \u0111\u1ec3 d\u00e1n nh\u00e3n ho\u1eb7c in n\u1ed5i, v\u00e0 c\u1ed5 v\u1eb7n 28mm t\u01b0\u01a1ng th\u00edch v\u1edbi c\u00e1c lo\u1ea1i n\u1eafp ti\u00eau chu\u1ea9n. \u0110\u01b0\u1ee3c l\u00e0m t\u1eeb th\u1ee7y tinh th\u1ef1c ph\u1ea9m, c\u00f3 th\u1ec3 t\u00e1i ch\u1ebf, BPB-331 ho\u00e0n h\u1ea3o cho bao b\u00ec b\u00e1n l\u1ebb, qu\u00e0 t\u1eb7ng khuy\u1ebfn m\u1ea1i ho\u1eb7c b\u1ed9 s\u01b0u t\u1eadp du l\u1ecbch.<\/p>","protected":false},"excerpt":{"rendered":"<table width=\"449\">\n<tbody>\n<tr>\n<td width=\"126\">Dung t\u00edch \u0111\u1ea7y ml<\/td>\n<td width=\"60\">Tr\u1ecdng l\u01b0\u1ee3ng g<\/td>\n<td width=\"120\">K\u1ebft th\u00fac mm<\/td>\n<td width=\"74\">\u0110\u01b0\u1eddng k\u00ednh mm<\/td>\n<td width=\"69\">Chi\u1ec1u cao mm<\/td>\n<\/tr>\n<tr>\n<td>182<\/td>\n<td>210<\/td>\n<td>28<\/td>\n<td>36.1&#215;74<\/td>\n<td>161.5<\/td>\n<\/tr>\n<\/tbody>\n<\/table>","protected":false},"featured_media":7084,"comment_status":"open","ping_status":"closed","template":"","meta":{"jetpack_publicize_message":"","jetpack_publicize_feature_enabled":true,"jetpack_social_post_already_shared":true,"jetpack_social_options":{"image_generator_settings":{"template":"highway","default_image_id":0,"font":"","enabled":false},"version":2},"_wpas_customize_per_network":false},"product_brand":[1391],"product_cat":[1465,1537,1444],"product_tag":[1492],"class_list":{"0":"post-7083","1":"product","2":"type-product","3":"status-publish","4":"has-post-thumbnail","6":"product_brand-berlin-packaging","7":"product_cat-100-500ml-spirits","8":"product_cat-glass","9":"product_cat-spirits-bottles","10":"product_tag-spirits","12":"first","13":"outofstock","14":"shipping-taxable","15":"product-type-simple"},"exclude_global_add_ons":[],"addons":[],"jetpack_publicize_connections":[],"jetpack_sharing_enabled":true,"jetpack_likes_enabled":true,"_links":{"self":[{"href":"https:\/\/berlinpackagingapac.com\/vi\/wp-json\/wp\/v2\/product\/7083","targetHints":{"allow":["GET"]}}],"collection":[{"href":"https:\/\/berlinpackagingapac.com\/vi\/wp-json\/wp\/v2\/product"}],"about":[{"href":"https:\/\/berlinpackagingapac.com\/vi\/wp-json\/wp\/v2\/types\/product"}],"replies":[{"embeddable":true,"href":"https:\/\/berlinpackagingapac.com\/vi\/wp-json\/wp\/v2\/comments?post=7083"}],"version-history":[{"count":2,"href":"https:\/\/berlinpackagingapac.com\/vi\/wp-json\/wp\/v2\/product\/7083\/revisions"}],"predecessor-version":[{"id":7086,"href":"https:\/\/berlinpackagingapac.com\/vi\/wp-json\/wp\/v2\/product\/7083\/revisions\/7086"}],"wp:featuredmedia":[{"embeddable":true,"href":"https:\/\/berlinpackagingapac.com\/vi\/wp-json\/wp\/v2\/media\/7084"}],"wp:attachment":[{"href":"https:\/\/berlinpackagingapac.com\/vi\/wp-json\/wp\/v2\/media?parent=7083"}],"wp:term":[{"taxonomy":"product_brand","embeddable":true,"href":"https:\/\/berlinpackagingapac.com\/vi\/wp-json\/wp\/v2\/product_brand?post=7083"},{"taxonomy":"product_cat","embeddable":true,"href":"https:\/\/berlinpackagingapac.com\/vi\/wp-json\/wp\/v2\/product_cat?post=7083"},{"taxonomy":"product_tag","embeddable":true,"href":"https:\/\/berlinpackagingapac.com\/vi\/wp-json\/wp\/v2\/product_tag?post=7083"}],"curies":[{"name":"wp","href":"https:\/\/api.w.org\/{rel}","templated":true}]}}