{"id":7174,"date":"2025-07-11T15:56:33","date_gmt":"2025-07-11T07:56:33","guid":{"rendered":"https:\/\/berlinpackagingapac.com\/?post_type=product&#038;p=7174"},"modified":"2025-08-13T15:01:49","modified_gmt":"2025-08-13T07:01:49","slug":"binh-nuoc-325ml-bpb-455-ii","status":"publish","type":"product","link":"https:\/\/berlinpackagingapac.com\/vi\/product\/325ml-water-bottle-bpb-455-ii\/","title":{"rendered":"B\u00ecnh n\u01b0\u1edbc 325ml, BPB-455-ii"},"content":{"rendered":"<p data-start=\"122\" data-end=\"431\">B\u00ecnh n\u01b0\u1edbc th\u1ee7y tinh BPB-455-ii 325ml l\u00e0 gi\u1ea3i ph\u00e1p \u0111\u00f3ng g\u00f3i th\u1eddi trang v\u00e0 b\u1ec1n v\u1eefng, l\u00fd t\u01b0\u1edfng cho n\u01b0\u1edbc kh\u00f4ng ga, n\u01b0\u1edbc tr\u00e1i c\u00e2y v\u00e0 \u0111\u1ed3 u\u1ed1ng ch\u1ee9c n\u0103ng. V\u1edbi <strong data-start=\"289\" data-end=\"318\">dung t\u00edch ch\u1ee9a 325ml<\/strong> v\u00e0 m\u1ed9t <strong data-start=\"325\" data-end=\"356\">dung t\u00edch \u0111\u1ea7y 341,5ml<\/strong>, chai n\u00e0y c\u00f3 dung t\u00edch th\u1ef1c t\u1ebf trong khi v\u1eabn gi\u1eef \u0111\u01b0\u1ee3c h\u00ecnh d\u00e1ng thanh m\u1ea3nh.<\/p>\n<p data-start=\"433\" data-end=\"735\">\u0110\u01b0\u1ee3c ch\u1ebf t\u1ea1o t\u1eeb th\u1ee7y tinh trong su\u1ed1t ch\u1ea5t l\u01b0\u1ee3ng cao, n\u00f3 n\u1eb7ng <strong data-start=\"482\" data-end=\"490\">230g<\/strong>, \u0111\u1ea3m b\u1ea3o s\u1ef1 c\u00e2n b\u1eb1ng ho\u00e0n h\u1ea3o gi\u1eefa \u0111\u1ed9 nh\u1eb9 v\u00e0 \u0111\u1ed9 b\u1ec1n. <strong data-start=\"557\" data-end=\"577\">Ho\u00e0n thi\u1ec7n c\u1ed5 28mm<\/strong> cho ph\u00e9p t\u01b0\u01a1ng th\u00edch v\u1edbi nhi\u1ec1u lo\u1ea1i \u0111\u00f3ng c\u1eeda, trong khi <strong data-start=\"637\" data-end=\"657\">\u0110\u01b0\u1eddng k\u00ednh \u00d866,2mm<\/strong> V\u00e0 <strong data-start=\"662\" data-end=\"680\">Chi\u1ec1u cao 164,8mm<\/strong> gi\u00fap d\u1ec5 d\u00e0ng c\u1ea7m n\u1eafm v\u00e0 h\u1ea5p d\u1eabn tr\u00ean k\u1ec7 b\u00e1n l\u1ebb.<\/p>\n<p data-start=\"737\" data-end=\"907\">Th\u00e2n chai cong nh\u1eb9 nh\u00e0ng mang l\u1ea1i kh\u1ea3 n\u0103ng hi\u1ec3n th\u1ecb nh\u00e3n hi\u1ec7u tuy\u1ec7t v\u1eddi v\u00e0 \u0111\u01b0\u1ee3c thi\u1ebft k\u1ebf ph\u00f9 h\u1ee3p v\u1edbi c\u00e1c th\u01b0\u01a1ng hi\u1ec7u \u0111\u1ed3 u\u1ed1ng cao c\u1ea5p theo \u0111u\u1ed5i s\u1ef1 thanh l\u1ecbch t\u1ed1i gi\u1ea3n nh\u01b0ng v\u1eabn th\u00e2n thi\u1ec7n v\u1edbi m\u00f4i tr\u01b0\u1eddng.<\/p>","protected":false},"excerpt":{"rendered":"<table width=\"449\">\n<tbody>\n<tr>\n<td width=\"126\">Dung t\u00edch \u0111\u1ea7y ml<\/td>\n<td width=\"60\">Tr\u1ecdng l\u01b0\u1ee3ng g<\/td>\n<td width=\"120\">K\u1ebft th\u00fac mm<\/td>\n<td width=\"74\">\u0110\u01b0\u1eddng k\u00ednh mm<\/td>\n<td width=\"69\">Chi\u1ec1u cao mm<\/td>\n<\/tr>\n<tr>\n<td>341.5<\/td>\n<td>230<\/td>\n<td>28<\/td>\n<td>\u230066,2<\/td>\n<td>164.8<\/td>\n<\/tr>\n<\/tbody>\n<\/table>","protected":false},"featured_media":7678,"comment_status":"open","ping_status":"closed","template":"","meta":{"jetpack_publicize_message":"","jetpack_publicize_feature_enabled":true,"jetpack_social_post_already_shared":true,"jetpack_social_options":{"image_generator_settings":{"template":"highway","default_image_id":0,"font":"","enabled":false},"version":2},"_wpas_customize_per_network":false},"product_brand":[1391],"product_cat":[1436,1376,1537],"product_tag":[1384],"class_list":{"0":"post-7174","1":"product","2":"type-product","3":"status-publish","4":"has-post-thumbnail","6":"product_brand-berlin-packaging","7":"product_cat-100-330ml-beverage","8":"product_cat-beverage","9":"product_cat-glass","10":"product_tag-beverage","12":"first","13":"outofstock","14":"shipping-taxable","15":"product-type-simple"},"exclude_global_add_ons":[],"addons":[],"jetpack_publicize_connections":[],"jetpack_sharing_enabled":true,"jetpack_likes_enabled":true,"_links":{"self":[{"href":"https:\/\/berlinpackagingapac.com\/vi\/wp-json\/wp\/v2\/product\/7174","targetHints":{"allow":["GET"]}}],"collection":[{"href":"https:\/\/berlinpackagingapac.com\/vi\/wp-json\/wp\/v2\/product"}],"about":[{"href":"https:\/\/berlinpackagingapac.com\/vi\/wp-json\/wp\/v2\/types\/product"}],"replies":[{"embeddable":true,"href":"https:\/\/berlinpackagingapac.com\/vi\/wp-json\/wp\/v2\/comments?post=7174"}],"version-history":[{"count":3,"href":"https:\/\/berlinpackagingapac.com\/vi\/wp-json\/wp\/v2\/product\/7174\/revisions"}],"predecessor-version":[{"id":7185,"href":"https:\/\/berlinpackagingapac.com\/vi\/wp-json\/wp\/v2\/product\/7174\/revisions\/7185"}],"wp:featuredmedia":[{"embeddable":true,"href":"https:\/\/berlinpackagingapac.com\/vi\/wp-json\/wp\/v2\/media\/7678"}],"wp:attachment":[{"href":"https:\/\/berlinpackagingapac.com\/vi\/wp-json\/wp\/v2\/media?parent=7174"}],"wp:term":[{"taxonomy":"product_brand","embeddable":true,"href":"https:\/\/berlinpackagingapac.com\/vi\/wp-json\/wp\/v2\/product_brand?post=7174"},{"taxonomy":"product_cat","embeddable":true,"href":"https:\/\/berlinpackagingapac.com\/vi\/wp-json\/wp\/v2\/product_cat?post=7174"},{"taxonomy":"product_tag","embeddable":true,"href":"https:\/\/berlinpackagingapac.com\/vi\/wp-json\/wp\/v2\/product_tag?post=7174"}],"curies":[{"name":"wp","href":"https:\/\/api.w.org\/{rel}","templated":true}]}}