{"id":7184,"date":"2025-07-11T16:08:56","date_gmt":"2025-07-11T08:08:56","guid":{"rendered":"https:\/\/berlinpackagingapac.com\/?post_type=product&#038;p=7184"},"modified":"2025-09-02T14:47:55","modified_gmt":"2025-09-02T06:47:55","slug":"187-5ml-flask-bottle-bpgz-187-5","status":"publish","type":"product","link":"https:\/\/berlinpackagingapac.com\/vi\/san-pham\/187-5ml-flask-bottle-bpgz-187-5\/","title":{"rendered":"B\u00ecnh \u0111\u1ef1ng dung t\u00edch 187,5ml, BPGZ-187,5"},"content":{"rendered":"<p data-start=\"136\" data-end=\"430\">B\u00ecnh th\u1ee7y tinh BPGZ 187,5ml l\u00e0 gi\u1ea3i ph\u00e1p \u0111\u00f3ng g\u00f3i th\u1ee7y tinh nh\u1ecf g\u1ecdn v\u00e0 thanh l\u1ecbch, l\u00fd t\u01b0\u1edfng cho r\u01b0\u1ee3u m\u1ea1nh, r\u01b0\u1ee3u m\u00f9i v\u00e0 \u0111\u1ed3 u\u1ed1ng c\u1ee1 m\u1eabu. V\u1edbi <strong data-start=\"279\" data-end=\"310\">dung t\u00edch ch\u1ee9a 187,5ml<\/strong> v\u00e0 m\u1ed9t <strong data-start=\"317\" data-end=\"346\">dung t\u00edch \u0111\u1ea7y 200ml<\/strong>, chai \u0111\u1ef1ng n\u00e0y ho\u00e0n h\u1ea3o cho c\u00e1c phi\u00ean b\u1ea3n mini, g\u00f3i qu\u00e0 t\u1eb7ng ho\u1eb7c ph\u1ee5c v\u1ee5 khi di chuy\u1ec3n.<\/p>\n<p data-start=\"432\" data-end=\"822\">\u0110\u01b0\u1ee3c l\u00e0m t\u1eeb th\u1ee7y tinh trong su\u1ed1t ch\u1ea5t l\u01b0\u1ee3ng cao v\u00e0 c\u00f3 tr\u1ecdng l\u01b0\u1ee3ng <strong data-start=\"480\" data-end=\"488\">185g<\/strong>, chai n\u00e0y mang l\u1ea1i c\u1ea3 c\u1ea3m gi\u00e1c cao c\u1ea5p v\u00e0 \u0111\u1ed9 b\u1ec1n ch\u1eafc ch\u1eafn. N\u00f3 c\u00f3 t\u00ednh n\u0103ng <strong data-start=\"566\" data-end=\"586\">Ho\u00e0n thi\u1ec7n c\u1ed5 28mm<\/strong> \u0111\u1ec3 d\u1ec5 d\u00e0ng k\u1ebft h\u1ee3p v\u1edbi nhi\u1ec1u lo\u1ea1i n\u1eafp v\u1eb7n ho\u1eb7c n\u1eafp ch\u1ed1ng gi\u1ea3 m\u1ea1o. K\u00edch th\u01b0\u1edbc chai <strong data-start=\"681\" data-end=\"710\">\u0110\u01b0\u1eddng k\u00ednh 36,8mm x 74mm<\/strong> V\u00e0 <strong data-start=\"715\" data-end=\"734\">Chi\u1ec1u cao 157mm<\/strong>, k\u1ebft h\u1ee3p h\u00ecnh ch\u1eef nh\u1eadt m\u1ecfng v\u1edbi kh\u1ea3 n\u0103ng hi\u1ec7n di\u1ec7n tr\u00ean k\u1ec7 v\u00e0 ti\u1ec1m n\u0103ng x\u00e2y d\u1ef1ng th\u01b0\u01a1ng hi\u1ec7u tuy\u1ec7t v\u1eddi.<\/p>\n<p data-start=\"824\" data-end=\"1047\">Thi\u1ebft k\u1ebf ph\u1eb3ng, d\u1ea1ng b\u00ecnh gi\u00fap s\u1ea3n ph\u1ea9m v\u1eeba v\u1eb7n trong h\u1ed9p ho\u1eb7c t\u00fai b\u00e1n l\u1ebb, trong khi b\u1ec1 m\u1eb7t trong su\u1ed1t cho ph\u00e9p d\u00e1n nh\u00e3n ho\u1eb7c in \u1ea5n hi\u1ec7u qu\u1ea3. \u0110\u00e2y l\u00e0 l\u1ef1a ch\u1ecdn tuy\u1ec7t v\u1eddi cho c\u00e1c nh\u00e0 m\u00e1y ch\u01b0ng c\u1ea5t, nh\u00e0 s\u1ea3n xu\u1ea5t \u0111\u1ed3 u\u1ed1ng ho\u1eb7c bao b\u00ec qu\u1ea3ng c\u00e1o.<\/p>","protected":false},"excerpt":{"rendered":"<table width=\"449\">\n<tbody>\n<tr>\n<td width=\"126\">Dung t\u00edch \u0111\u1ea7y ml<\/td>\n<td width=\"60\">Tr\u1ecdng l\u01b0\u1ee3ng g<\/td>\n<td width=\"120\">K\u1ebft th\u00fac mm<\/td>\n<td width=\"74\">\u0110\u01b0\u1eddng k\u00ednh mm<\/td>\n<td width=\"69\">Chi\u1ec1u cao mm<\/td>\n<\/tr>\n<tr>\n<td>200<\/td>\n<td>185<\/td>\n<td>28<\/td>\n<td>36.8&#215;74<\/td>\n<td>157<\/td>\n<\/tr>\n<\/tbody>\n<\/table>","protected":false},"featured_media":7186,"comment_status":"open","ping_status":"closed","template":"","meta":{"jetpack_publicize_message":"","jetpack_publicize_feature_enabled":true,"jetpack_social_post_already_shared":true,"jetpack_social_options":{"image_generator_settings":{"template":"highway","default_image_id":0,"font":"","enabled":false},"version":2},"_wpas_customize_per_network":false},"product_brand":[1391],"product_cat":[1444,1465,1537],"product_tag":[1545],"class_list":{"0":"post-7184","1":"product","2":"type-product","3":"status-publish","4":"has-post-thumbnail","6":"product_brand-berlin-packaging","7":"product_cat-spirits-bottles","8":"product_cat-100-500ml-spirits","9":"product_cat-glass","10":"product_tag-spirit","12":"first","13":"outofstock","14":"shipping-taxable","15":"product-type-simple"},"exclude_global_add_ons":[],"addons":[],"jetpack_publicize_connections":[],"jetpack_sharing_enabled":true,"jetpack_likes_enabled":true,"_links":{"self":[{"href":"https:\/\/berlinpackagingapac.com\/vi\/wp-json\/wp\/v2\/product\/7184","targetHints":{"allow":["GET"]}}],"collection":[{"href":"https:\/\/berlinpackagingapac.com\/vi\/wp-json\/wp\/v2\/product"}],"about":[{"href":"https:\/\/berlinpackagingapac.com\/vi\/wp-json\/wp\/v2\/types\/product"}],"replies":[{"embeddable":true,"href":"https:\/\/berlinpackagingapac.com\/vi\/wp-json\/wp\/v2\/comments?post=7184"}],"version-history":[{"count":3,"href":"https:\/\/berlinpackagingapac.com\/vi\/wp-json\/wp\/v2\/product\/7184\/revisions"}],"predecessor-version":[{"id":7227,"href":"https:\/\/berlinpackagingapac.com\/vi\/wp-json\/wp\/v2\/product\/7184\/revisions\/7227"}],"wp:featuredmedia":[{"embeddable":true,"href":"https:\/\/berlinpackagingapac.com\/vi\/wp-json\/wp\/v2\/media\/7186"}],"wp:attachment":[{"href":"https:\/\/berlinpackagingapac.com\/vi\/wp-json\/wp\/v2\/media?parent=7184"}],"wp:term":[{"taxonomy":"product_brand","embeddable":true,"href":"https:\/\/berlinpackagingapac.com\/vi\/wp-json\/wp\/v2\/product_brand?post=7184"},{"taxonomy":"product_cat","embeddable":true,"href":"https:\/\/berlinpackagingapac.com\/vi\/wp-json\/wp\/v2\/product_cat?post=7184"},{"taxonomy":"product_tag","embeddable":true,"href":"https:\/\/berlinpackagingapac.com\/vi\/wp-json\/wp\/v2\/product_tag?post=7184"}],"curies":[{"name":"wp","href":"https:\/\/api.w.org\/{rel}","templated":true}]}}