{"id":7261,"date":"2025-07-24T14:17:17","date_gmt":"2025-07-24T06:17:17","guid":{"rendered":"https:\/\/berlinpackagingapac.com\/?post_type=product&#038;p=7261"},"modified":"2025-07-28T10:26:11","modified_gmt":"2025-07-28T02:26:11","slug":"hop-carton-thong-thuong","status":"publish","type":"product","link":"https:\/\/berlinpackagingapac.com\/vi\/product\/regular-corrugated-boxes\/","title":{"rendered":"H\u1ed9p carton th\u00f4ng th\u01b0\u1eddng"},"content":{"rendered":"<p data-start=\"419\" data-end=\"689\">C\u1ee7a ch\u00fang t\u00f4i <strong data-start=\"423\" data-end=\"451\">H\u1ed9p carton th\u00f4ng th\u01b0\u1eddng<\/strong> l\u00e0 gi\u1ea3i ph\u00e1p ho\u00e0n h\u1ea3o cho vi\u1ec7c \u0111\u00f3ng g\u00f3i an to\u00e0n v\u00e0 hi\u1ec7u qu\u1ea3. \u0110\u01b0\u1ee3c s\u1ea3n xu\u1ea5t t\u1eeb b\u00eca c\u1ee9ng s\u00f3ng ch\u1ea5t l\u01b0\u1ee3ng cao, nh\u1eefng h\u1ed9p n\u00e0y \u0111\u01b0\u1ee3c thi\u1ebft k\u1ebf \u0111\u1ec3 mang l\u1ea1i kh\u1ea3 n\u0103ng ch\u1ecbu l\u1ef1c v\u00e0 \u0111\u1ed9 b\u1ec1n tuy\u1ec7t v\u1eddi cho vi\u1ec7c v\u1eadn chuy\u1ec3n ho\u1eb7c l\u01b0u tr\u1eef nhi\u1ec1u lo\u1ea1i s\u1ea3n ph\u1ea9m.<\/p>\n<p data-start=\"691\" data-end=\"981\">C\u00f3 s\u1eb5n nhi\u1ec1u k\u00edch th\u01b0\u1edbc ti\u00eau chu\u1ea9n v\u00e0 c\u00f3 th\u1ec3 t\u00f9y ch\u1ec9nh theo y\u00eau c\u1ea7u, nh\u1eefng chi\u1ebfc h\u1ed9p n\u00e0y l\u00fd t\u01b0\u1edfng cho c\u00e1c ng\u00e0nh h\u1eadu c\u1ea7n, th\u01b0\u01a1ng m\u1ea1i \u0111i\u1ec7n t\u1eed, n\u00f4ng nghi\u1ec7p, c\u00f4ng nghi\u1ec7p v\u00e0 b\u00e1n l\u1ebb. D\u00f9 b\u1ea1n \u0111\u00f3ng g\u00f3i h\u00e0ng h\u00f3a nh\u1eb9 hay s\u1ea3n ph\u1ea9m n\u1eb7ng, h\u1ed9p c\u1ee7a ch\u00fang t\u00f4i \u0111\u1ec1u mang \u0111\u1ebfn \u0111\u1ed9 b\u1ec1n v\u00e0 \u0111\u1ed9 tin c\u1eady trong su\u1ed1t chu\u1ed7i cung \u1ee9ng.<\/p>\n<p data-start=\"983\" data-end=\"998\"><strong data-start=\"983\" data-end=\"996\">\u0110\u1eb7c tr\u01b0ng:<\/strong><\/p>\n<ul data-start=\"999\" data-end=\"1214\">\n<li data-start=\"999\" data-end=\"1040\">\n<p data-start=\"1001\" data-end=\"1040\">\u0110\u01b0\u1ee3c l\u00e0m t\u1eeb b\u00eca c\u1ee9ng s\u00f3ng ch\u1eafc ch\u1eafn<\/p>\n<\/li>\n<li data-start=\"1041\" data-end=\"1088\">\n<p data-start=\"1043\" data-end=\"1088\">C\u00f3 s\u1eb5n \u1edf d\u1ea1ng t\u01b0\u1eddng \u0111\u01a1n, t\u01b0\u1eddng \u0111\u00f4i ho\u1eb7c t\u01b0\u1eddng ba<\/p>\n<\/li>\n<li data-start=\"1089\" data-end=\"1122\">\n<p data-start=\"1091\" data-end=\"1122\">K\u00edch th\u01b0\u1edbc v\u00e0 b\u1ea3n in c\u00f3 th\u1ec3 t\u00f9y ch\u1ec9nh<\/p>\n<\/li>\n<li data-start=\"1123\" data-end=\"1154\">\n<p data-start=\"1125\" data-end=\"1154\">Th\u00e2n thi\u1ec7n v\u1edbi m\u00f4i tr\u01b0\u1eddng v\u00e0 c\u00f3 th\u1ec3 t\u00e1i ch\u1ebf<\/p>\n<\/li>\n<li data-start=\"1155\" data-end=\"1214\">\n<p data-start=\"1157\" data-end=\"1214\">L\u00fd t\u01b0\u1edfng cho vi\u1ec7c v\u1eadn chuy\u1ec3n, kho b\u00e3i v\u00e0 b\u1ea3o v\u1ec7 s\u1ea3n ph\u1ea9m<\/p>\n<\/li>\n<\/ul>","protected":false},"excerpt":{"rendered":"<p>Kh\u00e1m ph\u00e1 h\u1ed9p carton th\u00f4ng th\u01b0\u1eddng b\u1ec1n b\u1ec9 v\u00e0 th\u00e2n thi\u1ec7n v\u1edbi m\u00f4i tr\u01b0\u1eddng c\u1ee7a ch\u00fang t\u00f4i \u2014 ho\u00e0n h\u1ea3o cho vi\u1ec7c v\u1eadn chuy\u1ec3n, l\u01b0u tr\u1eef v\u00e0 \u0111\u00f3ng g\u00f3i c\u00f4ng nghi\u1ec7p. C\u00f3 s\u1eb5n k\u00edch th\u01b0\u1edbc t\u00f9y ch\u1ec9nh.<\/p>","protected":false},"featured_media":7262,"comment_status":"open","ping_status":"closed","template":"","meta":{"jetpack_publicize_message":"","jetpack_publicize_feature_enabled":true,"jetpack_social_post_already_shared":true,"jetpack_social_options":{"image_generator_settings":{"template":"highway","default_image_id":0,"font":"","enabled":false},"version":2},"_wpas_customize_per_network":false},"product_brand":[1391],"product_cat":[1380,1609,1610],"product_tag":[],"class_list":{"0":"post-7261","1":"product","2":"type-product","3":"status-publish","4":"has-post-thumbnail","6":"product_brand-berlin-packaging","7":"product_cat-industrial-chemical-packaging","8":"product_cat-corrugated-box","9":"product_cat-paper","11":"first","12":"outofstock","13":"shipping-taxable","14":"product-type-simple"},"exclude_global_add_ons":[],"addons":[],"jetpack_publicize_connections":[],"jetpack_sharing_enabled":true,"jetpack_likes_enabled":true,"_links":{"self":[{"href":"https:\/\/berlinpackagingapac.com\/vi\/wp-json\/wp\/v2\/product\/7261","targetHints":{"allow":["GET"]}}],"collection":[{"href":"https:\/\/berlinpackagingapac.com\/vi\/wp-json\/wp\/v2\/product"}],"about":[{"href":"https:\/\/berlinpackagingapac.com\/vi\/wp-json\/wp\/v2\/types\/product"}],"replies":[{"embeddable":true,"href":"https:\/\/berlinpackagingapac.com\/vi\/wp-json\/wp\/v2\/comments?post=7261"}],"version-history":[{"count":4,"href":"https:\/\/berlinpackagingapac.com\/vi\/wp-json\/wp\/v2\/product\/7261\/revisions"}],"predecessor-version":[{"id":7266,"href":"https:\/\/berlinpackagingapac.com\/vi\/wp-json\/wp\/v2\/product\/7261\/revisions\/7266"}],"wp:featuredmedia":[{"embeddable":true,"href":"https:\/\/berlinpackagingapac.com\/vi\/wp-json\/wp\/v2\/media\/7262"}],"wp:attachment":[{"href":"https:\/\/berlinpackagingapac.com\/vi\/wp-json\/wp\/v2\/media?parent=7261"}],"wp:term":[{"taxonomy":"product_brand","embeddable":true,"href":"https:\/\/berlinpackagingapac.com\/vi\/wp-json\/wp\/v2\/product_brand?post=7261"},{"taxonomy":"product_cat","embeddable":true,"href":"https:\/\/berlinpackagingapac.com\/vi\/wp-json\/wp\/v2\/product_cat?post=7261"},{"taxonomy":"product_tag","embeddable":true,"href":"https:\/\/berlinpackagingapac.com\/vi\/wp-json\/wp\/v2\/product_tag?post=7261"}],"curies":[{"name":"wp","href":"https:\/\/api.w.org\/{rel}","templated":true}]}}