{"id":7883,"date":"2025-08-20T14:17:37","date_gmt":"2025-08-20T06:17:37","guid":{"rendered":"https:\/\/berlinpackagingapac.com\/?post_type=product&#038;p=7883"},"modified":"2025-08-20T14:17:38","modified_gmt":"2025-08-20T06:17:38","slug":"5ml-13-415-lo-son-mong-tay-hoan-thien-thuy-tinh-bpdh-123","status":"publish","type":"product","link":"https:\/\/berlinpackagingapac.com\/vi\/product\/5ml-13-415-finish-nail-polish-bottles-glass-bpdh-123\/","title":{"rendered":"5ml, Ho\u00e0n thi\u1ec7n 13\/415, Chai s\u01a1n m\u00f3ng tay, Th\u1ee7y tinh, BPDH-123"},"content":{"rendered":"<p>V\u1eadt li\u1ec7u: th\u1ee7y tinh<br \/>\nPhong c\u00e1ch: c\u1ed5 \u0111i\u1ec3n, d\u1ec5 th\u01b0\u01a1ng v\u00e0 t\u00f9y ch\u1ec9nh<br \/>\nH\u00ecnh d\u1ea1ng: h\u00ecnh vu\u00f4ng, h\u00ecnh tr\u00f2n, h\u00ecnh ch\u1eef nh\u1eadt, h\u00ecnh tr\u00e1i tim, h\u00ecnh hoa h\u1ed3ng v\u00e0 h\u00ecnh \u0111\u1ea7u l\u00e2u<br \/>\nC\u00e1c lo\u1ea1i c\u1ecd: Ph\u1eb3ng, tr\u00f2n, qu\u1ea1t, m\u00e1i ch\u00e8o v\u00e0 t\u00f9y ch\u1ec9nh<br \/>\nK\u00edch th\u01b0\u1edbc: t\u1eeb mini 5ml \u0111\u1ebfn ti\u00eau chu\u1ea9n 10 ~ 15ml v\u00e0 tr\u00ean 20ml k\u00edch th\u01b0\u1edbc l\u1edbn<br \/>\nPh\u1ee5 ki\u1ec7n: n\u1eafp, ch\u1ed5i v\u00e0 h\u1ed9p \u0111\u1ef1ng<\/p>\n<p>T\u1ea1i Berlin Packaging, chai s\u01a1n m\u00f3ng tay c\u1ee7a ch\u00fang t\u00f4i \u0111\u01b0\u1ee3c thi\u1ebft k\u1ebf \u0111\u1ec3 k\u1ebft h\u1ee3p s\u1ef1 s\u00e1ng t\u1ea1o v\u1edbi tay ngh\u1ec1 th\u1ee7 c\u00f4ng. Ch\u00fang t\u00f4i cung c\u1ea5p c\u00e1c t\u00f9y ch\u1ecdn ho\u00e0n to\u00e0n t\u00f9y ch\u1ec9nh - l\u1ef1a ch\u1ecdn t\u1eeb \u0111a d\u1ea1ng h\u00ecnh d\u1ea1ng, k\u00edch th\u01b0\u1edbc, ch\u1ea5t li\u1ec7u, m\u00e0u s\u1eafc v\u00e0 lo\u1ea1i c\u1ecd \u0111\u1ec3 ph\u00f9 h\u1ee3p v\u1edbi nh\u1eadn di\u1ec7n th\u01b0\u01a1ng hi\u1ec7u c\u1ee7a b\u1ea1n. Ch\u00fang t\u00f4i c\u0169ng cung c\u1ea5p d\u1ecbch v\u1ee5 x\u1eed l\u00fd th\u1ee9 c\u1ea5p ti\u00ean ti\u1ebfn, bao g\u1ed3m m\u1ea1 \u0111i\u1ec7n, ho\u00e0n thi\u1ec7n m\u1edd ho\u1eb7c m\u1edd, v\u00e0 in logo ch\u00ednh x\u00e1c.<\/p>\n<p>H\u01b0\u1edbng \u0111\u1ebfn s\u1ef1 thanh l\u1ecbch t\u1ed1i gi\u1ea3n ho\u1eb7c thi\u1ebft k\u1ebf \u0111\u1ed9c \u0111\u00e1o, c\u00f3 gi\u00e1 tr\u1ecb s\u01b0u t\u1ea7m, chai l\u1ecd c\u1ee7a ch\u00fang t\u00f4i \u0111\u01b0\u1ee3c ch\u1ebf t\u00e1c chuy\u00ean nghi\u1ec7p \u0111\u1ec3 mang l\u1ea1i v\u1ebb \u0111\u1eb9p th\u1ea9m m\u1ef9 v\u00e0 \u0111\u1ed9 b\u1ec1n v\u1ec1 m\u1eb7t ch\u1ee9c n\u0103ng.<\/p>","protected":false},"excerpt":{"rendered":"<table width=\"559\">\n<tbody>\n<tr>\n<td width=\"126\">Dung t\u00edch ml<\/td>\n<td width=\"91\">Tr\u1ecdng l\u01b0\u1ee3ng g<\/td>\n<td width=\"120\">K\u1ebft th\u00fac mm<\/td>\n<td width=\"111\">\u0110\u01b0\u1eddng k\u00ednh mm<\/td>\n<td width=\"111\">Chi\u1ec1u cao mm<\/td>\n<\/tr>\n<tr>\n<td>5<\/td>\n<td>15<\/td>\n<td>13\/415<\/td>\n<td>31&#215;15.8<\/td>\n<td>36.9<\/td>\n<\/tr>\n<\/tbody>\n<\/table>","protected":false},"featured_media":7885,"comment_status":"open","ping_status":"closed","template":"","meta":{"jetpack_publicize_message":"","jetpack_publicize_feature_enabled":true,"jetpack_social_post_already_shared":true,"jetpack_social_options":{"image_generator_settings":{"template":"highway","default_image_id":0,"font":"","enabled":false},"version":2},"_wpas_customize_per_network":false},"product_brand":[1391],"product_cat":[1537,1377,1623],"product_tag":[1385],"class_list":{"0":"post-7883","1":"product","2":"type-product","3":"status-publish","4":"has-post-thumbnail","6":"product_brand-berlin-packaging","7":"product_cat-glass","8":"product_cat-cosmetics-personal-care","9":"product_cat-nail-polish-bottles","10":"product_tag-cosmetics-personal-care","12":"first","13":"outofstock","14":"shipping-taxable","15":"product-type-simple"},"exclude_global_add_ons":[],"addons":[],"jetpack_publicize_connections":[],"jetpack_sharing_enabled":true,"jetpack_likes_enabled":true,"_links":{"self":[{"href":"https:\/\/berlinpackagingapac.com\/vi\/wp-json\/wp\/v2\/product\/7883","targetHints":{"allow":["GET"]}}],"collection":[{"href":"https:\/\/berlinpackagingapac.com\/vi\/wp-json\/wp\/v2\/product"}],"about":[{"href":"https:\/\/berlinpackagingapac.com\/vi\/wp-json\/wp\/v2\/types\/product"}],"replies":[{"embeddable":true,"href":"https:\/\/berlinpackagingapac.com\/vi\/wp-json\/wp\/v2\/comments?post=7883"}],"version-history":[{"count":2,"href":"https:\/\/berlinpackagingapac.com\/vi\/wp-json\/wp\/v2\/product\/7883\/revisions"}],"predecessor-version":[{"id":7889,"href":"https:\/\/berlinpackagingapac.com\/vi\/wp-json\/wp\/v2\/product\/7883\/revisions\/7889"}],"wp:featuredmedia":[{"embeddable":true,"href":"https:\/\/berlinpackagingapac.com\/vi\/wp-json\/wp\/v2\/media\/7885"}],"wp:attachment":[{"href":"https:\/\/berlinpackagingapac.com\/vi\/wp-json\/wp\/v2\/media?parent=7883"}],"wp:term":[{"taxonomy":"product_brand","embeddable":true,"href":"https:\/\/berlinpackagingapac.com\/vi\/wp-json\/wp\/v2\/product_brand?post=7883"},{"taxonomy":"product_cat","embeddable":true,"href":"https:\/\/berlinpackagingapac.com\/vi\/wp-json\/wp\/v2\/product_cat?post=7883"},{"taxonomy":"product_tag","embeddable":true,"href":"https:\/\/berlinpackagingapac.com\/vi\/wp-json\/wp\/v2\/product_tag?post=7883"}],"curies":[{"name":"wp","href":"https:\/\/api.w.org\/{rel}","templated":true}]}}