{"id":8009,"date":"2025-08-21T14:45:53","date_gmt":"2025-08-21T06:45:53","guid":{"rendered":"https:\/\/berlinpackagingapac.com\/?post_type=product&#038;p=8009"},"modified":"2025-08-21T14:45:53","modified_gmt":"2025-08-21T06:45:53","slug":"may-phun-suong-bpp02-a24-410a","status":"publish","type":"product","link":"https:\/\/berlinpackagingapac.com\/vi\/product\/mist-sprayer-bpp02-a24-410a\/","title":{"rendered":"M\u00e1y phun s\u01b0\u01a1ng BPP02-A24\/410A"},"content":{"rendered":"<p>M\u00e1y phun s\u01b0\u01a1ng c\u1ee7a ch\u00fang t\u00f4i cung c\u1ea5p l\u01b0\u1ee3ng s\u01b0\u01a1ng m\u1ecbn v\u00e0 \u0111\u1ec1u, r\u1ea5t l\u00fd t\u01b0\u1edfng cho c\u00e1c \u1ee9ng d\u1ee5ng nh\u01b0 n\u01b0\u1edbc hoa, toner, ch\u1ea5t kh\u1eed tr\u00f9ng v\u00e0 c\u00e1c s\u1ea3n ph\u1ea9m d\u1ea1ng l\u1ecfng kh\u00e1c.<\/p>\n<p>Ho\u00e0n thi\u1ec7n c\u1ed5: \u03c618 (18\/410), \u03c620 (20\/410), \u03c622 (22\/415), \u03c624 (24\/410), \u03c624 (24\/415)<br \/>\nLo\u1ea1i s\u01b0\u01a1ng m\u00f9: S\u01b0\u01a1ng m\u00f9 m\u1ecbn phun ra \u0111\u1ec3 ph\u1ee7 \u0111\u1ec1u<br \/>\nCh\u1ea5t li\u1ec7u: Nh\u1ef1a b\u1ec1n, an to\u00e0n cho m\u1ef9 ph\u1ea9m v\u00e0 c\u00e1c s\u1ea3n ph\u1ea9m ch\u0103m s\u00f3c c\u00e1 nh\u00e2n<br \/>\n\u1ee8ng d\u1ee5ng: Ch\u0103m s\u00f3c da, ch\u0103m s\u00f3c t\u00f3c, dung d\u1ecbch t\u1ea9y r\u1eeda, x\u1ecbt ph\u00f2ng, v.v.<br \/>\nT\u00ednh n\u0103ng: Thi\u1ebft k\u1ebf ch\u1ed1ng r\u00f2 r\u1ec9, \u0111\u1ea7u \u00e9p ti\u1ec7n d\u1ee5ng, m\u00e0u s\u1eafc v\u00e0 l\u1edbp ho\u00e0n thi\u1ec7n c\u00f3 th\u1ec3 t\u00f9y ch\u1ec9nh<br \/>\nC\u00f3 s\u1eb5n c\u00e1c t\u00f9y ch\u1ecdn trang tr\u00ed t\u00f9y ch\u1ec9nh nh\u01b0 ph\u1ee7 m\u00e0u, m\u1ea1 kim lo\u1ea1i v\u00e0 in l\u1ee5a \u0111\u1ec3 n\u00e2ng cao h\u00ecnh \u1ea3nh th\u01b0\u01a1ng hi\u1ec7u c\u1ee7a b\u1ea1n.<\/p>","protected":false},"excerpt":{"rendered":"<p>Ho\u00e0n thi\u1ec7n c\u1ed5: \u03c624 (24\/410)<br \/>\n\u0110\u1ea7u ra: 0,18 \u00b1 0,04ml m\u1ed7i l\u1ea7n phun<br \/>\nKh\u00f3a: C\u00f3 th\u1ec3 t\u00f9y ch\u1ec9nh<br \/>\nM\u00e0u s\u1eafc: C\u00f3 th\u1ec3 t\u00f9y ch\u1ec9nh<br \/>\nCh\u1ea5t li\u1ec7u: PP, PE, l\u00f2 xo th\u00e9p kh\u00f4ng g\u1ec9 ho\u1eb7c v\u1eadt li\u1ec7u \u0111\u01a1n s\u1eafc<br \/>\n\u1ee8ng d\u1ee5ng: M\u1ef9 ph\u1ea9m, ch\u0103m s\u00f3c da, dung d\u1ecbch t\u1ea9y r\u1eeda, ch\u0103m s\u00f3c t\u00f3c, n\u01b0\u1edbc hoa<\/p>","protected":false},"featured_media":8011,"comment_status":"open","ping_status":"closed","template":"","meta":{"jetpack_publicize_message":"","jetpack_publicize_feature_enabled":true,"jetpack_social_post_already_shared":true,"jetpack_social_options":{"image_generator_settings":{"template":"highway","default_image_id":0,"font":"","enabled":false},"version":2},"_wpas_customize_per_network":false},"product_brand":[1391],"product_cat":[1538,1445,1472],"product_tag":[1494],"class_list":{"0":"post-8009","1":"product","2":"type-product","3":"status-publish","4":"has-post-thumbnail","6":"product_brand-berlin-packaging","7":"product_cat-plastic","8":"product_cat-closure","9":"product_cat-mist-sprayer","10":"product_tag-closure","12":"first","13":"outofstock","14":"shipping-taxable","15":"product-type-simple"},"exclude_global_add_ons":[],"addons":[],"jetpack_publicize_connections":[],"jetpack_sharing_enabled":true,"jetpack_likes_enabled":true,"_links":{"self":[{"href":"https:\/\/berlinpackagingapac.com\/vi\/wp-json\/wp\/v2\/product\/8009","targetHints":{"allow":["GET"]}}],"collection":[{"href":"https:\/\/berlinpackagingapac.com\/vi\/wp-json\/wp\/v2\/product"}],"about":[{"href":"https:\/\/berlinpackagingapac.com\/vi\/wp-json\/wp\/v2\/types\/product"}],"replies":[{"embeddable":true,"href":"https:\/\/berlinpackagingapac.com\/vi\/wp-json\/wp\/v2\/comments?post=8009"}],"version-history":[{"count":3,"href":"https:\/\/berlinpackagingapac.com\/vi\/wp-json\/wp\/v2\/product\/8009\/revisions"}],"predecessor-version":[{"id":8013,"href":"https:\/\/berlinpackagingapac.com\/vi\/wp-json\/wp\/v2\/product\/8009\/revisions\/8013"}],"wp:featuredmedia":[{"embeddable":true,"href":"https:\/\/berlinpackagingapac.com\/vi\/wp-json\/wp\/v2\/media\/8011"}],"wp:attachment":[{"href":"https:\/\/berlinpackagingapac.com\/vi\/wp-json\/wp\/v2\/media?parent=8009"}],"wp:term":[{"taxonomy":"product_brand","embeddable":true,"href":"https:\/\/berlinpackagingapac.com\/vi\/wp-json\/wp\/v2\/product_brand?post=8009"},{"taxonomy":"product_cat","embeddable":true,"href":"https:\/\/berlinpackagingapac.com\/vi\/wp-json\/wp\/v2\/product_cat?post=8009"},{"taxonomy":"product_tag","embeddable":true,"href":"https:\/\/berlinpackagingapac.com\/vi\/wp-json\/wp\/v2\/product_tag?post=8009"}],"curies":[{"name":"wp","href":"https:\/\/api.w.org\/{rel}","templated":true}]}}