{"id":8508,"date":"2025-10-20T15:57:03","date_gmt":"2025-10-20T07:57:03","guid":{"rendered":"https:\/\/berlinpackagingapac.com\/?post_type=product&#038;p=8508"},"modified":"2025-10-20T15:57:03","modified_gmt":"2025-10-20T07:57:03","slug":"chai-khong-khi-50ml-co-voi-bom-my-pham","status":"publish","type":"product","link":"https:\/\/berlinpackagingapac.com\/vi\/product\/50ml-airless-bottle-cosmetic-pump-container\/","title":{"rendered":"Chai kh\u00f4ng kh\u00ed 50ml \u2013 H\u1ed9p \u0111\u1ef1ng m\u1ef9 ph\u1ea9m d\u1ea1ng b\u01a1m"},"content":{"rendered":"<p data-start=\"433\" data-end=\"732\">C\u00e1i n\u00e0y <strong data-start=\"438\" data-end=\"461\">Chai kh\u00f4ng kh\u00ed 50ml<\/strong> c\u00f3 thi\u1ebft k\u1ebf hi\u1ec7n \u0111\u1ea1i, \u0111\u1eb9p m\u1eaft, l\u00fd t\u01b0\u1edfng cho bao b\u00ec s\u1ea3n ph\u1ea9m ch\u0103m s\u00f3c da, kem d\u01b0\u1ee1ng da, huy\u1ebft thanh ho\u1eb7c kem n\u1ec1n cao c\u1ea5p.<br data-start=\"559\" data-end=\"562\" \/>H\u1ec7 th\u1ed1ng kh\u00f4ng kh\u00ed gi\u00fap gi\u1ea3m thi\u1ec3u l\u00e3ng ph\u00ed s\u1ea3n ph\u1ea9m v\u00e0 duy tr\u00ec \u0111\u1ed9 t\u01b0\u01a1i c\u1ee7a s\u1ea3n ph\u1ea9m b\u1eb1ng c\u00e1ch ng\u0103n kh\u00f4ng cho s\u1ea3n ph\u1ea9m ti\u1ebfp x\u00fac v\u1edbi kh\u00f4ng kh\u00ed, r\u1ea5t l\u00fd t\u01b0\u1edfng cho c\u00e1c c\u00f4ng th\u1ee9c m\u1ef9 ph\u1ea9m cao c\u1ea5p ho\u1eb7c nh\u1ea1y c\u1ea3m.<\/p>\n<p data-start=\"734\" data-end=\"749\"><strong data-start=\"734\" data-end=\"747\">\u0110\u1eb7c tr\u01b0ng:<\/strong><\/p>\n<ul data-start=\"750\" data-end=\"1064\">\n<li data-start=\"750\" data-end=\"785\">\n<p data-start=\"752\" data-end=\"785\">Dung t\u00edch: <strong data-start=\"762\" data-end=\"783\">50ml \/ 1,7 fl.oz.<\/strong><\/p>\n<\/li>\n<li data-start=\"786\" data-end=\"861\">\n<p data-start=\"788\" data-end=\"861\">H\u1ec7 th\u1ed1ng ph\u00e2n ph\u1ed1i kh\u00f4ng kh\u00ed gi\u00fap c\u1ea3i thi\u1ec7n v\u1ec7 sinh v\u00e0 b\u1ea3o qu\u1ea3n s\u1ea3n ph\u1ea9m<\/p>\n<\/li>\n<li data-start=\"862\" data-end=\"918\">\n<p data-start=\"864\" data-end=\"918\">Ho\u1ea1t \u0111\u1ed9ng b\u01a1m tr\u01a1n tru v\u00e0 nh\u1ea5t qu\u00e1n \u0111\u1ec3 \u0111\u1ecbnh l\u01b0\u1ee3ng ch\u00ednh x\u00e1c<\/p>\n<\/li>\n<li data-start=\"919\" data-end=\"981\">\n<p data-start=\"921\" data-end=\"981\">V\u1ebb ngo\u00e0i b\u00f3ng b\u1ea9y, t\u1ed1i gi\u1ea3n ph\u00f9 h\u1ee3p v\u1edbi c\u00e1c th\u01b0\u01a1ng hi\u1ec7u cao c\u1ea5p<\/p>\n<\/li>\n<li data-start=\"982\" data-end=\"1064\">\n<p data-start=\"984\" data-end=\"1064\">C\u00f3 s\u1eb5n c\u00e1c t\u00f9y ch\u1ecdn trang tr\u00ed t\u00f9y ch\u1ec9nh (in logo, t\u00f9y ch\u1ec9nh m\u00e0u s\u1eafc, v.v.)<\/p>\n<\/li>\n<\/ul>","protected":false},"excerpt":{"rendered":"<p data-start=\"232\" data-end=\"399\">Chai b\u01a1m ch\u00e2n kh\u00f4ng 50ml thanh l\u1ecbch \u0111\u01b0\u1ee3c thi\u1ebft k\u1ebf cho m\u1ef9 ph\u1ea9m v\u00e0 ch\u0103m s\u00f3c da. \u0110\u1ea3m b\u1ea3o chi\u1ebft r\u00f3t ch\u00ednh x\u00e1c v\u00e0 b\u1ea3o v\u1ec7 s\u1ea3n ph\u1ea9m kh\u1ecfi ti\u1ebfp x\u00fac v\u1edbi kh\u00f4ng kh\u00ed v\u00e0 \u00f4 nhi\u1ec5m.<\/p>","protected":false},"featured_media":8510,"comment_status":"open","ping_status":"closed","template":"","meta":{"jetpack_publicize_message":"","jetpack_publicize_feature_enabled":true,"jetpack_social_post_already_shared":true,"jetpack_social_options":{"image_generator_settings":{"template":"highway","default_image_id":0,"font":"","enabled":false},"version":2},"_wpas_customize_per_network":false},"product_brand":[1391],"product_cat":[1538,1377,1500],"product_tag":[1385],"class_list":{"0":"post-8508","1":"product","2":"type-product","3":"status-publish","4":"has-post-thumbnail","6":"product_brand-berlin-packaging","7":"product_cat-plastic","8":"product_cat-cosmetics-personal-care","9":"product_cat-skincare","10":"product_tag-cosmetics-personal-care","12":"first","13":"outofstock","14":"shipping-taxable","15":"product-type-simple"},"exclude_global_add_ons":[],"addons":[],"jetpack_publicize_connections":[],"jetpack_sharing_enabled":true,"jetpack_likes_enabled":true,"_links":{"self":[{"href":"https:\/\/berlinpackagingapac.com\/vi\/wp-json\/wp\/v2\/product\/8508","targetHints":{"allow":["GET"]}}],"collection":[{"href":"https:\/\/berlinpackagingapac.com\/vi\/wp-json\/wp\/v2\/product"}],"about":[{"href":"https:\/\/berlinpackagingapac.com\/vi\/wp-json\/wp\/v2\/types\/product"}],"replies":[{"embeddable":true,"href":"https:\/\/berlinpackagingapac.com\/vi\/wp-json\/wp\/v2\/comments?post=8508"}],"version-history":[{"count":2,"href":"https:\/\/berlinpackagingapac.com\/vi\/wp-json\/wp\/v2\/product\/8508\/revisions"}],"predecessor-version":[{"id":8512,"href":"https:\/\/berlinpackagingapac.com\/vi\/wp-json\/wp\/v2\/product\/8508\/revisions\/8512"}],"wp:featuredmedia":[{"embeddable":true,"href":"https:\/\/berlinpackagingapac.com\/vi\/wp-json\/wp\/v2\/media\/8510"}],"wp:attachment":[{"href":"https:\/\/berlinpackagingapac.com\/vi\/wp-json\/wp\/v2\/media?parent=8508"}],"wp:term":[{"taxonomy":"product_brand","embeddable":true,"href":"https:\/\/berlinpackagingapac.com\/vi\/wp-json\/wp\/v2\/product_brand?post=8508"},{"taxonomy":"product_cat","embeddable":true,"href":"https:\/\/berlinpackagingapac.com\/vi\/wp-json\/wp\/v2\/product_cat?post=8508"},{"taxonomy":"product_tag","embeddable":true,"href":"https:\/\/berlinpackagingapac.com\/vi\/wp-json\/wp\/v2\/product_tag?post=8508"}],"curies":[{"name":"wp","href":"https:\/\/api.w.org\/{rel}","templated":true}]}}