{"id":8538,"date":"2025-10-23T12:10:41","date_gmt":"2025-10-23T04:10:41","guid":{"rendered":"https:\/\/berlinpackagingapac.com\/?post_type=product&#038;p=8538"},"modified":"2025-10-23T12:10:42","modified_gmt":"2025-10-23T04:10:42","slug":"hop-phan-nen-9-mau-bpmu140102","status":"publish","type":"product","link":"https:\/\/berlinpackagingapac.com\/vi\/product\/9-color-foundation-case-bpmu140102\/","title":{"rendered":"H\u1ed9p \u0111\u1ef1ng kem n\u1ec1n 9 m\u00e0u BPMU140102"},"content":{"rendered":"<p data-start=\"458\" data-end=\"761\">C\u00e1c <strong data-start=\"462\" data-end=\"489\">H\u1ed9p kem n\u1ec1n 9 m\u00e0u<\/strong> l\u00e0 gi\u1ea3i ph\u00e1p \u0111\u00f3ng g\u00f3i thanh l\u1ecbch v\u00e0 thi\u1ebft th\u1ef1c d\u00e0nh cho c\u00e1c th\u01b0\u01a1ng hi\u1ec7u m\u1ef9 ph\u1ea9m mu\u1ed1n k\u1ebft h\u1ee3p ch\u1ee9c n\u0103ng v\u00e0 t\u00ednh th\u1ea9m m\u1ef9 hi\u1ec7n \u0111\u1ea1i.<br data-start=\"610\" data-end=\"613\" \/>C\u1ea5u tr\u00fac nh\u1ecf g\u1ecdn, nh\u1eb9, m\u1edf tr\u01a1n tru v\u00e0 g\u01b0\u01a1ng t\u00edch h\u1ee3p khi\u1ebfn s\u1ea3n ph\u1ea9m n\u00e0y tr\u1edf n\u00ean l\u00fd t\u01b0\u1edfng cho c\u1ea3 chuy\u00ean gia trang \u0111i\u1ec3m chuy\u00ean nghi\u1ec7p v\u00e0 ng\u01b0\u1eddi ti\u00eau d\u00f9ng s\u1eed d\u1ee5ng h\u00e0ng ng\u00e0y.<\/p>\n<p data-start=\"763\" data-end=\"778\"><strong data-start=\"763\" data-end=\"776\">\u0110\u1eb7c tr\u01b0ng:<\/strong><\/p>\n<ul data-start=\"779\" data-end=\"1132\">\n<li data-start=\"779\" data-end=\"847\">\n<p data-start=\"781\" data-end=\"847\"><strong data-start=\"781\" data-end=\"799\">9 ng\u0103n<\/strong> cho kem n\u1ec1n, ph\u1ea5n m\u1eaft, ph\u1ea5n m\u00e1 h\u1ed3ng ho\u1eb7c kem<\/p>\n<\/li>\n<li data-start=\"848\" data-end=\"910\">\n<p data-start=\"850\" data-end=\"910\"><strong data-start=\"850\" data-end=\"871\">G\u01b0\u01a1ng t\u00edch h\u1ee3p<\/strong> \u0111\u1ec3 s\u1eed d\u1ee5ng thu\u1eadn ti\u1ec7n khi di chuy\u1ec3n<\/p>\n<\/li>\n<li data-start=\"911\" data-end=\"959\">\n<p data-start=\"913\" data-end=\"959\"><strong data-start=\"913\" data-end=\"936\">Thi\u1ebft k\u1ebf b\u1ea3n l\u1ec1 m\u01b0\u1ee3t m\u00e0<\/strong> v\u00e0 n\u1eafp d\u1ec5 m\u1edf<\/p>\n<\/li>\n<li data-start=\"960\" data-end=\"1013\">\n<p data-start=\"962\" data-end=\"1013\">C\u00f3 s\u1eb5n trong t\u00f9y ch\u1ec9nh <strong data-start=\"988\" data-end=\"1011\">m\u00e0u s\u1eafc v\u00e0 ho\u00e0n thi\u1ec7n<\/strong><\/p>\n<\/li>\n<li data-start=\"1014\" data-end=\"1074\">\n<p data-start=\"1016\" data-end=\"1074\">H\u1ed7 tr\u1ee3 <strong data-start=\"1025\" data-end=\"1072\">in logo, d\u1eadp n\u00f3ng v\u00e0 ph\u1ee7 UV<\/strong><\/p>\n<\/li>\n<li data-start=\"1075\" data-end=\"1132\">\n<p data-start=\"1077\" data-end=\"1132\">Thi\u1ebft k\u1ebf nh\u1ecf g\u1ecdn v\u00e0 b\u1ec1n b\u1ec9 \u0111\u1ea3m b\u1ea3o b\u1ea3o v\u1ec7 s\u1ea3n ph\u1ea9m<\/p>\n<\/li>\n<\/ul>\n<p data-start=\"1134\" data-end=\"1255\"><strong data-start=\"1134\" data-end=\"1151\">\u1ee8ng d\u1ee5ng:<\/strong><br data-start=\"1151\" data-end=\"1154\" \/>Ho\u00e0n h\u1ea3o cho <strong data-start=\"1166\" data-end=\"1180\">s\u1ef1 th\u00e0nh l\u1eadp<\/strong>, <strong data-start=\"1182\" data-end=\"1195\">kem che khuy\u1ebft \u0111i\u1ec3m<\/strong>, <strong data-start=\"1197\" data-end=\"1211\">ph\u1ea5n m\u1eaft<\/strong>, <strong data-start=\"1213\" data-end=\"1222\">\u0111\u1ecf m\u1eb7t<\/strong>, ho\u1eb7c <strong data-start=\"1227\" data-end=\"1252\">b\u1ea3ng m\u00e0u pha tr\u1ed9n<\/strong>.<\/p>","protected":false},"excerpt":{"rendered":"<p>H\u1ed9p \u0111\u1ef1ng kem n\u1ec1n 9 m\u00e0u th\u1eddi trang v\u00e0 ti\u1ec7n d\u1ee5ng, c\u00f3 g\u01b0\u01a1ng t\u00edch h\u1ee3p, ho\u00e0n h\u1ea3o \u0111\u1ec3 \u0111\u1ef1ng ph\u1ea5n n\u00e9n, ph\u1ea5n m\u00e1 h\u1ed3ng, ph\u1ea5n m\u1eaft ho\u1eb7c kem n\u1ec1n. \u0110\u01b0\u1ee3c thi\u1ebft k\u1ebf \u0111\u1ec3 s\u1eed d\u1ee5ng trong m\u1ef9 ph\u1ea9m chuy\u00ean nghi\u1ec7p v\u00e0 c\u00e1 nh\u00e2n.<\/p>","protected":false},"featured_media":8541,"comment_status":"open","ping_status":"closed","template":"","meta":{"jetpack_post_was_ever_published":false,"jetpack_publicize_message":"","jetpack_publicize_feature_enabled":true,"jetpack_social_post_already_shared":true,"jetpack_social_options":{"image_generator_settings":{"template":"highway","default_image_id":0,"font":"","enabled":false},"version":2},"_wpas_customize_per_network":false},"product_brand":[1391],"product_cat":[1538,1377,1631],"product_tag":[1385],"class_list":{"0":"post-8538","1":"product","2":"type-product","3":"status-publish","4":"has-post-thumbnail","6":"product_brand-berlin-packaging","7":"product_cat-plastic","8":"product_cat-cosmetics-personal-care","9":"product_cat-make-up","10":"product_tag-cosmetics-personal-care","12":"first","13":"outofstock","14":"shipping-taxable","15":"product-type-simple"},"exclude_global_add_ons":[],"addons":[],"jetpack_publicize_connections":[],"jetpack_sharing_enabled":true,"jetpack_likes_enabled":true,"_links":{"self":[{"href":"https:\/\/berlinpackagingapac.com\/vi\/wp-json\/wp\/v2\/product\/8538","targetHints":{"allow":["GET"]}}],"collection":[{"href":"https:\/\/berlinpackagingapac.com\/vi\/wp-json\/wp\/v2\/product"}],"about":[{"href":"https:\/\/berlinpackagingapac.com\/vi\/wp-json\/wp\/v2\/types\/product"}],"replies":[{"embeddable":true,"href":"https:\/\/berlinpackagingapac.com\/vi\/wp-json\/wp\/v2\/comments?post=8538"}],"version-history":[{"count":2,"href":"https:\/\/berlinpackagingapac.com\/vi\/wp-json\/wp\/v2\/product\/8538\/revisions"}],"predecessor-version":[{"id":8542,"href":"https:\/\/berlinpackagingapac.com\/vi\/wp-json\/wp\/v2\/product\/8538\/revisions\/8542"}],"wp:featuredmedia":[{"embeddable":true,"href":"https:\/\/berlinpackagingapac.com\/vi\/wp-json\/wp\/v2\/media\/8541"}],"wp:attachment":[{"href":"https:\/\/berlinpackagingapac.com\/vi\/wp-json\/wp\/v2\/media?parent=8538"}],"wp:term":[{"taxonomy":"product_brand","embeddable":true,"href":"https:\/\/berlinpackagingapac.com\/vi\/wp-json\/wp\/v2\/product_brand?post=8538"},{"taxonomy":"product_cat","embeddable":true,"href":"https:\/\/berlinpackagingapac.com\/vi\/wp-json\/wp\/v2\/product_cat?post=8538"},{"taxonomy":"product_tag","embeddable":true,"href":"https:\/\/berlinpackagingapac.com\/vi\/wp-json\/wp\/v2\/product_tag?post=8538"}],"curies":[{"name":"wp","href":"https:\/\/api.w.org\/{rel}","templated":true}]}}