{"id":8558,"date":"2025-10-23T14:40:03","date_gmt":"2025-10-23T06:40:03","guid":{"rendered":"https:\/\/berlinpackagingapac.com\/?post_type=product&#038;p=8558"},"modified":"2025-10-23T14:40:03","modified_gmt":"2025-10-23T06:40:03","slug":"chai-khong-khi-50ml-75ml-100ml-bpzk212","status":"publish","type":"product","link":"https:\/\/berlinpackagingapac.com\/vi\/product\/50ml-75ml-100ml-airless-bottle-bpzk212\/","title":{"rendered":"B\u00ecnh kh\u00f4ng kh\u00ed 50ml\/75ml\/100ml BPZK212"},"content":{"rendered":"<p data-start=\"449\" data-end=\"801\">D\u00f2ng chai kh\u00f4ng kh\u00ed 50ml\/75ml\/100ml mang \u0111\u1ebfn gi\u1ea3i ph\u00e1p thanh l\u1ecbch v\u00e0 thi\u1ebft th\u1ef1c cho c\u00e1c th\u01b0\u01a1ng hi\u1ec7u m\u1ef9 ph\u1ea9m v\u00e0 ch\u0103m s\u00f3c da y\u00eau c\u1ea7u hi\u1ec7u su\u1ea5t chi\u1ebft r\u00f3t ch\u1ea5t l\u01b0\u1ee3ng cao v\u00e0 t\u00ednh linh ho\u1ea1t v\u1ec1 m\u1eb7t th\u1ea9m m\u1ef9.<br data-start=\"636\" data-end=\"639\" \/>H\u1ec7 th\u1ed1ng b\u01a1m kh\u00f4ng kh\u00ed b\u1ea3o v\u1ec7 c\u00e1c c\u00f4ng th\u1ee9c kh\u1ecfi qu\u00e1 tr\u00ecnh oxy h\u00f3a v\u00e0 nhi\u1ec5m b\u1ea9n, duy tr\u00ec \u0111\u1ed9 t\u01b0\u01a1i c\u1ee7a s\u1ea3n ph\u1ea9m v\u00e0 \u0111\u1ea3m b\u1ea3o li\u1ec1u l\u01b0\u1ee3ng \u0111\u1ec1u \u0111\u1eb7n, m\u1ecbn m\u00e0ng m\u1ed7i l\u1ea7n.<\/p>\n<p data-start=\"803\" data-end=\"818\"><strong data-start=\"803\" data-end=\"816\">\u0110\u1eb7c tr\u01b0ng:<\/strong><\/p>\n<ul data-start=\"819\" data-end=\"1302\">\n<li data-start=\"819\" data-end=\"868\">\n<p data-start=\"821\" data-end=\"868\">Dung t\u00edch c\u00f3 s\u1eb5n: 50ml \/ 75ml \/ 100ml<\/p>\n<\/li>\n<li data-start=\"869\" data-end=\"937\">\n<p data-start=\"871\" data-end=\"937\">C\u01a1 ch\u1ebf b\u01a1m kh\u00f4ng kh\u00ed \u0111\u1ea3m b\u1ea3o vi\u1ec7c ph\u00e2n ph\u1ed1i s\u1ea1ch s\u1ebd v\u00e0 h\u1ee3p v\u1ec7 sinh<\/p>\n<\/li>\n<li data-start=\"938\" data-end=\"1024\">\n<p data-start=\"940\" data-end=\"1024\">Trang tr\u00ed th\u00e2n m\u00e1y c\u00f3 th\u1ec3 t\u00f9y ch\u1ec9nh (in, phun s\u01a1n, ho\u00e0n thi\u1ec7n m\u1edd ho\u1eb7c b\u00f3ng)<\/p>\n<\/li>\n<li data-start=\"1025\" data-end=\"1086\">\n<p data-start=\"1027\" data-end=\"1086\">M\u00e1y b\u01a1m c\u00f3 \u0111\u1ed9 ch\u00ednh x\u00e1c cao cho vi\u1ec7c s\u1eed d\u1ee5ng \u0111\u1ed3ng \u0111\u1ec1u v\u00e0 kh\u00f4ng l\u00e3ng ph\u00ed<\/p>\n<\/li>\n<li data-start=\"1087\" data-end=\"1153\">\n<p data-start=\"1089\" data-end=\"1153\">L\u00fd t\u01b0\u1edfng cho huy\u1ebft thanh, kem, s\u1eefa d\u01b0\u1ee1ng th\u1ec3 v\u00e0 c\u00e1c li\u1ec7u ph\u00e1p th\u1ea9m m\u1ef9<\/p>\n<\/li>\n<li data-start=\"1154\" data-end=\"1224\">\n<p data-start=\"1156\" data-end=\"1224\">T\u00f9y ch\u1ecdn n\u1eafp \u0111\u1eady trong su\u1ed1t ho\u1eb7c c\u00f3 m\u00e0u \u0111\u1ec3 tr\u00ecnh b\u00e0y hi\u1ec7n \u0111\u1ea1i<\/p>\n<\/li>\n<li data-start=\"1225\" data-end=\"1302\">\n<p data-start=\"1227\" data-end=\"1302\">Thi\u1ebft k\u1ebf b\u1ec1n, nh\u1eb9 ph\u00f9 h\u1ee3p cho c\u1ea3 bao b\u00ec b\u00e1n l\u1ebb v\u00e0 du l\u1ecbch<\/p>\n<\/li>\n<\/ul>","protected":false},"excerpt":{"rendered":"<p>Chai kh\u00f4ng kh\u00ed hi\u1ec7n \u0111\u1ea1i c\u00f3 s\u1eb5n c\u00e1c k\u00edch c\u1ee1 50ml, 75ml v\u00e0 100ml \u2014 \u0111\u01b0\u1ee3c thi\u1ebft k\u1ebf cho c\u00e1c lo\u1ea1i kem d\u01b0\u1ee1ng da, serum v\u00e0 kem d\u01b0\u1ee1ng. Thi\u1ebft k\u1ebf v\u00f2i b\u01a1m g\u1ecdn g\u00e0ng v\u1edbi h\u1ecda ti\u1ebft trang tr\u00ed t\u00f9y ch\u1ec9nh.<\/p>","protected":false},"featured_media":8561,"comment_status":"open","ping_status":"closed","template":"","meta":{"jetpack_post_was_ever_published":false,"jetpack_publicize_message":"","jetpack_publicize_feature_enabled":true,"jetpack_social_post_already_shared":true,"jetpack_social_options":{"image_generator_settings":{"template":"highway","default_image_id":0,"font":"","enabled":false},"version":2},"_wpas_customize_per_network":false},"product_brand":[1391],"product_cat":[1538,1377,1500],"product_tag":[1385],"class_list":{"0":"post-8558","1":"product","2":"type-product","3":"status-publish","4":"has-post-thumbnail","6":"product_brand-berlin-packaging","7":"product_cat-plastic","8":"product_cat-cosmetics-personal-care","9":"product_cat-skincare","10":"product_tag-cosmetics-personal-care","12":"first","13":"outofstock","14":"shipping-taxable","15":"product-type-simple"},"exclude_global_add_ons":[],"addons":[],"jetpack_publicize_connections":[],"jetpack_sharing_enabled":true,"jetpack_likes_enabled":true,"_links":{"self":[{"href":"https:\/\/berlinpackagingapac.com\/vi\/wp-json\/wp\/v2\/product\/8558","targetHints":{"allow":["GET"]}}],"collection":[{"href":"https:\/\/berlinpackagingapac.com\/vi\/wp-json\/wp\/v2\/product"}],"about":[{"href":"https:\/\/berlinpackagingapac.com\/vi\/wp-json\/wp\/v2\/types\/product"}],"replies":[{"embeddable":true,"href":"https:\/\/berlinpackagingapac.com\/vi\/wp-json\/wp\/v2\/comments?post=8558"}],"version-history":[{"count":3,"href":"https:\/\/berlinpackagingapac.com\/vi\/wp-json\/wp\/v2\/product\/8558\/revisions"}],"predecessor-version":[{"id":8563,"href":"https:\/\/berlinpackagingapac.com\/vi\/wp-json\/wp\/v2\/product\/8558\/revisions\/8563"}],"wp:featuredmedia":[{"embeddable":true,"href":"https:\/\/berlinpackagingapac.com\/vi\/wp-json\/wp\/v2\/media\/8561"}],"wp:attachment":[{"href":"https:\/\/berlinpackagingapac.com\/vi\/wp-json\/wp\/v2\/media?parent=8558"}],"wp:term":[{"taxonomy":"product_brand","embeddable":true,"href":"https:\/\/berlinpackagingapac.com\/vi\/wp-json\/wp\/v2\/product_brand?post=8558"},{"taxonomy":"product_cat","embeddable":true,"href":"https:\/\/berlinpackagingapac.com\/vi\/wp-json\/wp\/v2\/product_cat?post=8558"},{"taxonomy":"product_tag","embeddable":true,"href":"https:\/\/berlinpackagingapac.com\/vi\/wp-json\/wp\/v2\/product_tag?post=8558"}],"curies":[{"name":"wp","href":"https:\/\/api.w.org\/{rel}","templated":true}]}}